{"id":2331,"date":"2023-10-29T14:06:01","date_gmt":"2023-10-29T13:06:01","guid":{"rendered":"https:\/\/sovmer.se\/retningslinjer-for-personvern\/"},"modified":"2024-07-18T21:07:47","modified_gmt":"2024-07-18T19:07:47","slug":"retningslinjer-for-personvern","status":"publish","type":"page","link":"https:\/\/sovmer.se\/no\/retningslinjer-for-personvern\/","title":{"rendered":"Retningslinjer for personvern"},"content":{"rendered":"\n<h1 class=\"wp-block-heading\" id=\"h-\"><\/h1>\n\n<h3 class=\"wp-block-heading\" id=\"h-vilka-vi-ar\"><strong>Hvem vi er<\/strong><\/h3>\n\n<p>Adressen til nettstedet v\u00e5rt er: https:\/\/sovmer.se.<\/p>\n\n<h3 class=\"wp-block-heading\" id=\"h-vilka-personuppgifter-vi-samlar-in-och-varfor-vi-samlar-in-dem\"><strong>Hvilke personopplysninger vi samler inn og hvorfor vi gj\u00f8r det<\/strong><\/h3>\n\n<p><strong>Kontaktskjema<\/strong><br\/>Vi har et skjema p\u00e5 nettstedet v\u00e5rt som du kan fylle ut for \u00e5 kontakte oss og sende oss en melding. Her kan du stille sp\u00f8rsm\u00e5l om sortimentet eller gi tilbakemeldinger om nettstedet eller et produkt. Vi oppbevarer disse opplysningene for fremtidig utvikling og forbedring av nettstedet\/produktet, samt utvikling av nye produkter. N\u00e5r bes\u00f8kende <strong>legger igjen kommentarer<\/strong> p\u00e5 nettstedet, samler vi inn informasjonen som vises i kommentarskjemaet, samt den bes\u00f8kendes IP-adresse og brukeragentstreng for \u00e5 bidra til \u00e5 oppdage spam-meldinger. En anonymisert streng opprettet fra e-postadressen din (ogs\u00e5 kjent som en hash-verdi) kan bli sendt til Gravatar-tjenesten for \u00e5 avgj\u00f8re om du er registrert der. Personvernerkl\u00e6ringen for Gravatar-tjenesten er tilgjengelig p\u00e5 <a href=\"https:\/\/automattic.com\/privacy\/\" target=\"_blank\" rel=\"noreferrer noopener\">https:\/\/automattic.com\/privacy\/.<\/a> N\u00e5r kommentaren din er godkjent, vil profilbildet ditt vises offentlig sammen med kommentaren din. Du kan ogs\u00e5 melde deg frivillig til \u00e5 bli en av de <strong>forn\u00f8yde kundene<\/strong> v\u00e5re (se Kundehistorier p\u00e5 f\u00f8rste side). I s\u00e5 fall vil vi oppbevare kontaktopplysningene dine i opptil ett \u00e5r, med mindre du velger \u00e5 trekke tilbake samtykket ditt tidligere. Vi oppbevarer imidlertid personopplysninger der det er lovp\u00e5lagt.<\/p>\n\n<p><strong>Informasjonskapsel-filer<\/strong><br\/>Hvis du legger igjen en kommentar p\u00e5 nettstedet v\u00e5rt, kan du velge \u00e5 lagre navnet ditt, e-postadressen og nettadressen din i informasjonskapsler. Dette er for \u00e5 gj\u00f8re det enklere for deg, slik at du ikke trenger \u00e5 fylle inn disse opplysningene p\u00e5 nytt neste gang du skriver en kommentar. Disse informasjonskapslene er gyldige i ett \u00e5r. Hvis du har en konto og logger deg p\u00e5 dette nettstedet, oppretter vi en midlertidig informasjonskapsel-fil for \u00e5 sjekke om nettleseren din godtar informasjonskapsler. Denne informasjonskapselfilen inneholder ingen personlig identifiserbar informasjon og forsvinner n\u00e5r du lukker nettleseren. N\u00e5r du logger inn, oppretter vi i tillegg flere informasjonskapsler for \u00e5 lagre informasjon om innloggingen din og dine valg av skjermoppsett. Informasjonskapsler for p\u00e5logging er gyldige i to dager, og informasjonskapsler for layoutvalg er gyldige i ett \u00e5r. Hvis du krysser av i &#8220;Husk meg&#8221;-boksen, vil informasjonskapselen bli lagret i to uker. Hvis du logger ut av kontoen din, slettes innloggingsinformasjonskapslene.<\/p>\n\n<h3 class=\"wp-block-heading\" id=\"h-inbaddat-innehall-fran-andra-webbplatser\"><strong>Innebygd innhold fra andre nettsteder<\/strong><\/h3>\n\n<p>Artikler p\u00e5 dette nettstedet kan inneholde innebygd innhold (f.eks. <em> videoer, bilder, artikler osv<\/em>.). Innebygd innhold fra andre nettsteder oppf\u00f8rer seg p\u00e5 n\u00f8yaktig samme m\u00e5te som om den bes\u00f8kende har bes\u00f8kt det andre nettstedet. Noen av tredjepartsnettstedene vi samarbeider med, er Google og Facebook. Disse nettstedene kan samle inn data om deg, bruke informasjonskapsler, legge inn ekstra tredjepartssporing og overv\u00e5ke din interaksjon med det innebygde innholdet, inkludert sporing av din interaksjon med dette innebygde innholdet hvis du har en konto og er logget inn p\u00e5 det aktuelle nettstedet.<\/p>\n\n<h3 class=\"wp-block-heading\" id=\"h-analys\"><strong>Analyser<\/strong><\/h3>\n\n<p>Informasjon om kj\u00f8pernes kj\u00f8nn og alder, valg av produkt og eventuelle kommentarer vil bli analysert av markedsf\u00f8rings- og produktutviklingssjefer, og vil danne grunnlag for fremtidig produktutvikling og markedsf\u00f8ringskampanjer.<\/p>\n\n<h3 class=\"wp-block-heading\" id=\"h-vilka-vi-delar-dina-data-med\"><strong>Hvem vi deler opplysningene dine med<\/strong><\/h3>\n\n<p>Vi deler ikke opplysningene dine med noen andre. Vi samarbeider imidlertid med tredjeparts nettsteder, for eksempel Google og Facebook, der vi legger ut informasjon om produkter og kampanjer. Disse nettstedene kan samle inn data om deg, bruke informasjonskapsler, legge inn ekstra tredjepartssporing og overv\u00e5ke din interaksjon med det innebygde innholdet, inkludert sporing av din interaksjon med dette innebygde innholdet hvis du har en konto og er logget inn p\u00e5 det aktuelle nettstedet.<\/p>\n\n<h3 class=\"wp-block-heading\" id=\"h-hur-lange-vi-behaller-era-uppgifter\"><strong>Hvor lenge vi oppbevarer opplysningene dine<\/strong><\/h3>\n\n<p>Hvis du skriver en kommentar, blir kommentaren og metadataene lagret p\u00e5 ubestemt tid. Hvis du bestiller et produkt, oppbevarer vi kontaktopplysningene dine i opptil 1 \u00e5r. Vi desinfiserer arkivene v\u00e5re i samsvar med gjeldende regelverk. Vi oppbevarer imidlertid personopplysninger der det er lovp\u00e5lagt.<\/p>\n\n<h3 class=\"wp-block-heading\" id=\"h-vilka-rattigheter-du-har-over-dina-data\"><strong>Hvilke rettigheter du har over dataene dine<\/strong><\/h3>\n\n<p>Hvis du har bestilt et produkt eller har skrevet kommentarer p\u00e5 dette nettstedet, kan du be om en eksportfil med personopplysningene vi har om deg, inkludert all informasjon du har gitt oss. Du kan ogs\u00e5 be om at vi sletter alle personopplysninger vi har om deg. Dette omfatter ikke opplysninger som vi er forpliktet til \u00e5 oppbevare av administrative, juridiske eller sikkerhetsmessige \u00e5rsaker.<\/p>\n\n<h3 class=\"wp-block-heading\" id=\"h-vart-vi-skickar-dina-uppgifter\"><strong>Hvor vi sender opplysningene dine<\/strong><\/h3>\n\n<p>Kommentarer fra bes\u00f8kende kan bli kontrollert via en automatisert tjeneste for oppdagelse av spam.<\/p>\n\n<h3 class=\"wp-block-heading\" id=\"h-din-kontaktinformation\"><strong>Dine kontaktopplysninger<\/strong><\/h3>\n\n<p>Vi oppbevarer kontaktopplysningene dine i opptil ett \u00e5r, med mindre du ber om at vi sletter alle personopplysningene vi har om deg, og vi sletter opplysningene v\u00e5re i samsvar med gjeldende regelverk. Vi oppbevarer imidlertid personopplysninger der det er lovp\u00e5lagt.<\/p>\n\n<h3 class=\"wp-block-heading\" id=\"h-ytterligare-information\"><strong>Ytterligere informasjon<\/strong><\/h3>\n\n<p><strong>Kredittinformasjon<\/strong><br\/>Hvis du betaler direkte med kredittkort, foretas det ingen kredittsjekk p\u00e5 nettstedet. Hvis du velger \u00e5 betale med faktura, skjer den vanlige kredittsjekken f\u00f8r kj\u00f8pet g\u00e5r gjennom\/godkjennes i Sovmer.se sin nettbutikk. Kredittsjekken skjer automatisk, og det registreres ingen spesifikk kredittforesp\u00f8rsel. For at fakturakj\u00f8p skal kunne godkjennes for deg som privatperson, m\u00e5 du ikke ha noen registrerte betalingsanmerkninger, og din oppgitte \u00e5rsinntekt m\u00e5 n\u00e5 et visst niv\u00e5. Kredittinformasjonen h\u00e5ndteres av Klarna.<\/p>\n\n<p><strong>Slik beskytter vi informasjonen din<\/strong><br\/>Nettstedene v\u00e5re bruker SSL for \u00e5 sikre nettstedene v\u00e5re. Vi krypterer alle dataene vi samler inn, og vi kontrollerer at partnerne v\u00e5re overholder GDPR-reglene.<\/p>\n\n<p><strong>Hvilke rutiner vi har for \u00e5 unng\u00e5 datalekkasjer<\/strong><br\/>Vi krypterer alle dataene vi samler inn.<\/p>\n\n<p><strong>Fra hvilke tredjeparter vi mottar data<\/strong><br\/>Ved en kredittopplysning mottar vi opplysninger fra Klarna, som h\u00e5ndterer kredittopplysningen. Opplysningene de formidler til oss, er om du er autorisert som faktureringskunde eller ikke.<\/p>\n\n<p><strong>Hvilke automatiserte avgj\u00f8relser og\/eller profilering vi gj\u00f8r med brukerdataene v\u00e5re<\/strong><br\/>N\u00e5r du legger inn en bestilling, opprettes det et kundebilde i v\u00e5rt register. Du f\u00e5r et kundenummer som du kan bruke ved neste kj\u00f8p.<\/p>\n","protected":false},"excerpt":{"rendered":"<p>Hvem vi er Adressen til nettstedet v\u00e5rt er: https:\/\/sovmer.se. Hvilke personopplysninger vi samler inn og hvorfor vi gj\u00f8r det KontaktskjemaVi har et skjema p\u00e5 nettstedet v\u00e5rt som du kan fylle ut for \u00e5 kontakte oss og sende oss en melding. Her kan du stille sp\u00f8rsm\u00e5l om sortimentet eller gi tilbakemeldinger om nettstedet eller et produkt. Vi oppbevarer disse opplysningene for &#8230;<\/p>\n","protected":false},"author":4,"featured_media":0,"parent":0,"menu_order":0,"comment_status":"closed","ping_status":"open","template":"","meta":{"inline_featured_image":false,"footnotes":""},"class_list":["post-2331","page","type-page","status-publish","hentry","no-post-thumbnail"],"yoast_head":"<!-- This site is optimized with the Yoast SEO Premium plugin v24.3 (Yoast SEO v26.5) - https:\/\/yoast.com\/wordpress\/plugins\/seo\/ -->\n<title>Retningslinjer for personvern - sovmer.se<\/title>\n<meta name=\"robots\" content=\"index, follow, max-snippet:-1, max-image-preview:large, max-video-preview:-1\" \/>\n<link rel=\"canonical\" href=\"https:\/\/sovmer.se\/no\/retningslinjer-for-personvern\/\" \/>\n<meta property=\"og:locale\" content=\"nb_NO\" \/>\n<meta property=\"og:type\" content=\"article\" \/>\n<meta property=\"og:title\" content=\"Retningslinjer for personvern\" \/>\n<meta property=\"og:description\" content=\"Hvem vi er Adressen til nettstedet v\u00e5rt er: https:\/\/sovmer.se. Hvilke personopplysninger vi samler inn og hvorfor vi gj\u00f8r det KontaktskjemaVi har et skjema p\u00e5 nettstedet v\u00e5rt som du kan fylle ut for \u00e5 kontakte oss og sende oss en melding. Her kan du stille sp\u00f8rsm\u00e5l om sortimentet eller gi tilbakemeldinger om nettstedet eller et produkt. Vi oppbevarer disse opplysningene for ...\" \/>\n<meta property=\"og:url\" content=\"https:\/\/sovmer.se\/no\/retningslinjer-for-personvern\/\" \/>\n<meta property=\"og:site_name\" content=\"sovmer.se\" \/>\n<meta property=\"article:publisher\" content=\"https:\/\/www.facebook.com\/sovmer\" \/>\n<meta property=\"article:modified_time\" content=\"2024-07-18T19:07:47+00:00\" \/>\n<meta name=\"twitter:card\" content=\"summary_large_image\" \/>\n<meta name=\"twitter:label1\" content=\"Ansl. lesetid\" \/>\n\t<meta name=\"twitter:data1\" content=\"5 minutter\" \/>\n<script type=\"application\/ld+json\" class=\"yoast-schema-graph\">{\"@context\":\"https:\/\/schema.org\",\"@graph\":[{\"@type\":\"WebPage\",\"@id\":\"https:\/\/sovmer.se\/no\/retningslinjer-for-personvern\/\",\"url\":\"https:\/\/sovmer.se\/no\/retningslinjer-for-personvern\/\",\"name\":\"Retningslinjer for personvern - sovmer.se\",\"isPartOf\":{\"@id\":\"https:\/\/sovmer.se\/no\/#website\"},\"datePublished\":\"2023-10-29T13:06:01+00:00\",\"dateModified\":\"2024-07-18T19:07:47+00:00\",\"breadcrumb\":{\"@id\":\"https:\/\/sovmer.se\/no\/retningslinjer-for-personvern\/#breadcrumb\"},\"inLanguage\":\"nb-NO\",\"potentialAction\":[{\"@type\":\"ReadAction\",\"target\":[\"https:\/\/sovmer.se\/no\/retningslinjer-for-personvern\/\"]}]},{\"@type\":\"BreadcrumbList\",\"@id\":\"https:\/\/sovmer.se\/no\/retningslinjer-for-personvern\/#breadcrumb\",\"itemListElement\":[{\"@type\":\"ListItem\",\"position\":1,\"name\":\"Home\",\"item\":\"https:\/\/sovmer.se\/no\/start-kopier-2\/\"},{\"@type\":\"ListItem\",\"position\":2,\"name\":\"Retningslinjer for personvern\"}]},{\"@type\":\"WebSite\",\"@id\":\"https:\/\/sovmer.se\/no\/#website\",\"url\":\"https:\/\/sovmer.se\/no\/\",\"name\":\"sovmer.se\",\"description\":\"Sov mer s\u00e5 att du kan leva mer\",\"publisher\":{\"@id\":\"https:\/\/sovmer.se\/no\/#organization\"},\"potentialAction\":[{\"@type\":\"SearchAction\",\"target\":{\"@type\":\"EntryPoint\",\"urlTemplate\":\"https:\/\/sovmer.se\/no\/?s={search_term_string}\"},\"query-input\":{\"@type\":\"PropertyValueSpecification\",\"valueRequired\":true,\"valueName\":\"search_term_string\"}}],\"inLanguage\":\"nb-NO\"},{\"@type\":\"Organization\",\"@id\":\"https:\/\/sovmer.se\/no\/#organization\",\"name\":\"sovmer\",\"url\":\"https:\/\/sovmer.se\/no\/\",\"logo\":{\"@type\":\"ImageObject\",\"inLanguage\":\"nb-NO\",\"@id\":\"https:\/\/sovmer.se\/no\/#\/schema\/logo\/image\/\",\"url\":\"https:\/\/sovmer.se\/wp-content\/uploads\/2023\/10\/Sovmer-logo.png\",\"contentUrl\":\"https:\/\/sovmer.se\/wp-content\/uploads\/2023\/10\/Sovmer-logo.png\",\"width\":582,\"height\":290,\"caption\":\"sovmer\"},\"image\":{\"@id\":\"https:\/\/sovmer.se\/no\/#\/schema\/logo\/image\/\"},\"sameAs\":[\"https:\/\/www.facebook.com\/sovmer\",\"https:\/\/www.instagram.com\/sovmer.se\"]}]}<\/script>\n<!-- \/ Yoast SEO Premium plugin. -->","yoast_head_json":{"title":"Retningslinjer for personvern - sovmer.se","robots":{"index":"index","follow":"follow","max-snippet":"max-snippet:-1","max-image-preview":"max-image-preview:large","max-video-preview":"max-video-preview:-1"},"canonical":"https:\/\/sovmer.se\/no\/retningslinjer-for-personvern\/","og_locale":"nb_NO","og_type":"article","og_title":"Retningslinjer for personvern","og_description":"Hvem vi er Adressen til nettstedet v\u00e5rt er: https:\/\/sovmer.se. Hvilke personopplysninger vi samler inn og hvorfor vi gj\u00f8r det KontaktskjemaVi har et skjema p\u00e5 nettstedet v\u00e5rt som du kan fylle ut for \u00e5 kontakte oss og sende oss en melding. Her kan du stille sp\u00f8rsm\u00e5l om sortimentet eller gi tilbakemeldinger om nettstedet eller et produkt. Vi oppbevarer disse opplysningene for ...","og_url":"https:\/\/sovmer.se\/no\/retningslinjer-for-personvern\/","og_site_name":"sovmer.se","article_publisher":"https:\/\/www.facebook.com\/sovmer","article_modified_time":"2024-07-18T19:07:47+00:00","twitter_card":"summary_large_image","twitter_misc":{"Ansl. lesetid":"5 minutter"},"schema":{"@context":"https:\/\/schema.org","@graph":[{"@type":"WebPage","@id":"https:\/\/sovmer.se\/no\/retningslinjer-for-personvern\/","url":"https:\/\/sovmer.se\/no\/retningslinjer-for-personvern\/","name":"Retningslinjer for personvern - sovmer.se","isPartOf":{"@id":"https:\/\/sovmer.se\/no\/#website"},"datePublished":"2023-10-29T13:06:01+00:00","dateModified":"2024-07-18T19:07:47+00:00","breadcrumb":{"@id":"https:\/\/sovmer.se\/no\/retningslinjer-for-personvern\/#breadcrumb"},"inLanguage":"nb-NO","potentialAction":[{"@type":"ReadAction","target":["https:\/\/sovmer.se\/no\/retningslinjer-for-personvern\/"]}]},{"@type":"BreadcrumbList","@id":"https:\/\/sovmer.se\/no\/retningslinjer-for-personvern\/#breadcrumb","itemListElement":[{"@type":"ListItem","position":1,"name":"Home","item":"https:\/\/sovmer.se\/no\/start-kopier-2\/"},{"@type":"ListItem","position":2,"name":"Retningslinjer for personvern"}]},{"@type":"WebSite","@id":"https:\/\/sovmer.se\/no\/#website","url":"https:\/\/sovmer.se\/no\/","name":"sovmer.se","description":"Sov mer s\u00e5 att du kan leva mer","publisher":{"@id":"https:\/\/sovmer.se\/no\/#organization"},"potentialAction":[{"@type":"SearchAction","target":{"@type":"EntryPoint","urlTemplate":"https:\/\/sovmer.se\/no\/?s={search_term_string}"},"query-input":{"@type":"PropertyValueSpecification","valueRequired":true,"valueName":"search_term_string"}}],"inLanguage":"nb-NO"},{"@type":"Organization","@id":"https:\/\/sovmer.se\/no\/#organization","name":"sovmer","url":"https:\/\/sovmer.se\/no\/","logo":{"@type":"ImageObject","inLanguage":"nb-NO","@id":"https:\/\/sovmer.se\/no\/#\/schema\/logo\/image\/","url":"https:\/\/sovmer.se\/wp-content\/uploads\/2023\/10\/Sovmer-logo.png","contentUrl":"https:\/\/sovmer.se\/wp-content\/uploads\/2023\/10\/Sovmer-logo.png","width":582,"height":290,"caption":"sovmer"},"image":{"@id":"https:\/\/sovmer.se\/no\/#\/schema\/logo\/image\/"},"sameAs":["https:\/\/www.facebook.com\/sovmer","https:\/\/www.instagram.com\/sovmer.se"]}]}},"jetpack_sharing_enabled":true,"_links":{"self":[{"href":"https:\/\/sovmer.se\/no\/wp-json\/wp\/v2\/pages\/2331","targetHints":{"allow":["GET"]}}],"collection":[{"href":"https:\/\/sovmer.se\/no\/wp-json\/wp\/v2\/pages"}],"about":[{"href":"https:\/\/sovmer.se\/no\/wp-json\/wp\/v2\/types\/page"}],"author":[{"embeddable":true,"href":"https:\/\/sovmer.se\/no\/wp-json\/wp\/v2\/users\/4"}],"replies":[{"embeddable":true,"href":"https:\/\/sovmer.se\/no\/wp-json\/wp\/v2\/comments?post=2331"}],"version-history":[{"count":0,"href":"https:\/\/sovmer.se\/no\/wp-json\/wp\/v2\/pages\/2331\/revisions"}],"wp:attachment":[{"href":"https:\/\/sovmer.se\/no\/wp-json\/wp\/v2\/media?parent=2331"}],"curies":[{"name":"wp","href":"https:\/\/api.w.org\/{rel}","templated":true}]}}