{"id":2333,"date":"2023-10-30T14:48:16","date_gmt":"2023-10-30T13:48:16","guid":{"rendered":"https:\/\/sovmer.se\/startside\/"},"modified":"2024-07-18T21:07:46","modified_gmt":"2024-07-18T19:07:46","slug":"startside","status":"publish","type":"page","link":"https:\/\/sovmer.se\/no\/startside\/","title":{"rendered":"Startside"},"content":{"rendered":"<div id=\"cs-content\" class=\"cs-content\"><\/div>\n","protected":false},"excerpt":{"rendered":"<p>STR\u00d8MSUND PUTE10 \u00e5rs produktgarantiPengene tilbake-garantiLaget av ren naturlateksKJ\u00d8P HERSovmer\u00ae garanterer s\u00f8vnen din med en pengene-tilbake-garanti!Sovmer tilbyr produkter av h\u00f8y kvalitet for \u00f8kt velv\u00e6re og bedre s\u00f8vn. Vi streber etter det aller beste, og det er derfor vi kan skilte med en av de beste produktgarantiene i bransjen: 100 % tilfredshet eller pengene tilbake. Enklere og tryggere blir det ikke!Ergonomiske putertyngdetepperJusterbare &#8230;<\/p>\n","protected":false},"author":2,"featured_media":0,"parent":0,"menu_order":0,"comment_status":"closed","ping_status":"closed","template":"template-blank-5.php","meta":{"inline_featured_image":false,"footnotes":""},"class_list":["post-2333","page","type-page","status-publish","hentry","no-post-thumbnail"],"yoast_head":"<!-- This site is optimized with the Yoast SEO Premium plugin v24.3 (Yoast SEO v26.5) - https:\/\/yoast.com\/wordpress\/plugins\/seo\/ -->\n<title>Bedre s\u00f8vnhelse med produkter av h\u00f8y kvalitet - sovmer.se<\/title>\n<meta name=\"description\" content=\"Sovmer tilbyr produkter av h\u00f8y kvalitet for \u00f8kt velv\u00e6re og bedre s\u00f8vn. 100 % tilfredshet eller pengene tilbake.\" \/>\n<meta name=\"robots\" content=\"index, follow, max-snippet:-1, max-image-preview:large, max-video-preview:-1\" \/>\n<link rel=\"canonical\" href=\"https:\/\/sovmer.se\/no\/startside\/\" \/>\n<meta property=\"og:locale\" content=\"nb_NO\" \/>\n<meta property=\"og:type\" content=\"article\" \/>\n<meta property=\"og:title\" content=\"Startside\" \/>\n<meta property=\"og:description\" content=\"Sovmer tilbyr produkter av h\u00f8y kvalitet for \u00f8kt velv\u00e6re og bedre s\u00f8vn. 100 % tilfredshet eller pengene tilbake.\" \/>\n<meta property=\"og:url\" content=\"https:\/\/sovmer.se\/no\/startside\/\" \/>\n<meta property=\"og:site_name\" content=\"sovmer.se\" \/>\n<meta property=\"article:publisher\" content=\"https:\/\/www.facebook.com\/sovmer\" \/>\n<meta property=\"article:modified_time\" content=\"2024-07-18T19:07:46+00:00\" \/>\n<meta name=\"twitter:card\" content=\"summary_large_image\" \/>\n<meta name=\"twitter:label1\" content=\"Ansl. lesetid\" \/>\n\t<meta name=\"twitter:data1\" content=\"7 minutter\" \/>\n<script type=\"application\/ld+json\" class=\"yoast-schema-graph\">{\"@context\":\"https:\/\/schema.org\",\"@graph\":[{\"@type\":\"WebPage\",\"@id\":\"https:\/\/sovmer.se\/no\/startside\/\",\"url\":\"https:\/\/sovmer.se\/no\/startside\/\",\"name\":\"Bedre s\u00f8vnhelse med produkter av h\u00f8y kvalitet - sovmer.se\",\"isPartOf\":{\"@id\":\"https:\/\/sovmer.se\/no\/#website\"},\"datePublished\":\"2023-10-30T13:48:16+00:00\",\"dateModified\":\"2024-07-18T19:07:46+00:00\",\"description\":\"Sovmer tilbyr produkter av h\u00f8y kvalitet for \u00f8kt velv\u00e6re og bedre s\u00f8vn. 100 % tilfredshet eller pengene tilbake.\",\"breadcrumb\":{\"@id\":\"https:\/\/sovmer.se\/no\/startside\/#breadcrumb\"},\"inLanguage\":\"nb-NO\",\"potentialAction\":[{\"@type\":\"ReadAction\",\"target\":[\"https:\/\/sovmer.se\/no\/startside\/\"]}]},{\"@type\":\"BreadcrumbList\",\"@id\":\"https:\/\/sovmer.se\/no\/startside\/#breadcrumb\",\"itemListElement\":[{\"@type\":\"ListItem\",\"position\":1,\"name\":\"Home\",\"item\":\"https:\/\/sovmer.se\/no\/start-kopier-2\/\"},{\"@type\":\"ListItem\",\"position\":2,\"name\":\"Startside\"}]},{\"@type\":\"WebSite\",\"@id\":\"https:\/\/sovmer.se\/no\/#website\",\"url\":\"https:\/\/sovmer.se\/no\/\",\"name\":\"sovmer.se\",\"description\":\"Sov mer s\u00e5 att du kan leva mer\",\"publisher\":{\"@id\":\"https:\/\/sovmer.se\/no\/#organization\"},\"potentialAction\":[{\"@type\":\"SearchAction\",\"target\":{\"@type\":\"EntryPoint\",\"urlTemplate\":\"https:\/\/sovmer.se\/no\/?s={search_term_string}\"},\"query-input\":{\"@type\":\"PropertyValueSpecification\",\"valueRequired\":true,\"valueName\":\"search_term_string\"}}],\"inLanguage\":\"nb-NO\"},{\"@type\":\"Organization\",\"@id\":\"https:\/\/sovmer.se\/no\/#organization\",\"name\":\"sovmer\",\"url\":\"https:\/\/sovmer.se\/no\/\",\"logo\":{\"@type\":\"ImageObject\",\"inLanguage\":\"nb-NO\",\"@id\":\"https:\/\/sovmer.se\/no\/#\/schema\/logo\/image\/\",\"url\":\"https:\/\/sovmer.se\/wp-content\/uploads\/2023\/10\/Sovmer-logo.png\",\"contentUrl\":\"https:\/\/sovmer.se\/wp-content\/uploads\/2023\/10\/Sovmer-logo.png\",\"width\":582,\"height\":290,\"caption\":\"sovmer\"},\"image\":{\"@id\":\"https:\/\/sovmer.se\/no\/#\/schema\/logo\/image\/\"},\"sameAs\":[\"https:\/\/www.facebook.com\/sovmer\",\"https:\/\/www.instagram.com\/sovmer.se\"]}]}<\/script>\n<!-- \/ Yoast SEO Premium plugin. -->","yoast_head_json":{"title":"Bedre s\u00f8vnhelse med produkter av h\u00f8y kvalitet - sovmer.se","description":"Sovmer tilbyr produkter av h\u00f8y kvalitet for \u00f8kt velv\u00e6re og bedre s\u00f8vn. 100 % tilfredshet eller pengene tilbake.","robots":{"index":"index","follow":"follow","max-snippet":"max-snippet:-1","max-image-preview":"max-image-preview:large","max-video-preview":"max-video-preview:-1"},"canonical":"https:\/\/sovmer.se\/no\/startside\/","og_locale":"nb_NO","og_type":"article","og_title":"Startside","og_description":"Sovmer tilbyr produkter av h\u00f8y kvalitet for \u00f8kt velv\u00e6re og bedre s\u00f8vn. 100 % tilfredshet eller pengene tilbake.","og_url":"https:\/\/sovmer.se\/no\/startside\/","og_site_name":"sovmer.se","article_publisher":"https:\/\/www.facebook.com\/sovmer","article_modified_time":"2024-07-18T19:07:46+00:00","twitter_card":"summary_large_image","twitter_misc":{"Ansl. lesetid":"7 minutter"},"schema":{"@context":"https:\/\/schema.org","@graph":[{"@type":"WebPage","@id":"https:\/\/sovmer.se\/no\/startside\/","url":"https:\/\/sovmer.se\/no\/startside\/","name":"Bedre s\u00f8vnhelse med produkter av h\u00f8y kvalitet - sovmer.se","isPartOf":{"@id":"https:\/\/sovmer.se\/no\/#website"},"datePublished":"2023-10-30T13:48:16+00:00","dateModified":"2024-07-18T19:07:46+00:00","description":"Sovmer tilbyr produkter av h\u00f8y kvalitet for \u00f8kt velv\u00e6re og bedre s\u00f8vn. 100 % tilfredshet eller pengene tilbake.","breadcrumb":{"@id":"https:\/\/sovmer.se\/no\/startside\/#breadcrumb"},"inLanguage":"nb-NO","potentialAction":[{"@type":"ReadAction","target":["https:\/\/sovmer.se\/no\/startside\/"]}]},{"@type":"BreadcrumbList","@id":"https:\/\/sovmer.se\/no\/startside\/#breadcrumb","itemListElement":[{"@type":"ListItem","position":1,"name":"Home","item":"https:\/\/sovmer.se\/no\/start-kopier-2\/"},{"@type":"ListItem","position":2,"name":"Startside"}]},{"@type":"WebSite","@id":"https:\/\/sovmer.se\/no\/#website","url":"https:\/\/sovmer.se\/no\/","name":"sovmer.se","description":"Sov mer s\u00e5 att du kan leva mer","publisher":{"@id":"https:\/\/sovmer.se\/no\/#organization"},"potentialAction":[{"@type":"SearchAction","target":{"@type":"EntryPoint","urlTemplate":"https:\/\/sovmer.se\/no\/?s={search_term_string}"},"query-input":{"@type":"PropertyValueSpecification","valueRequired":true,"valueName":"search_term_string"}}],"inLanguage":"nb-NO"},{"@type":"Organization","@id":"https:\/\/sovmer.se\/no\/#organization","name":"sovmer","url":"https:\/\/sovmer.se\/no\/","logo":{"@type":"ImageObject","inLanguage":"nb-NO","@id":"https:\/\/sovmer.se\/no\/#\/schema\/logo\/image\/","url":"https:\/\/sovmer.se\/wp-content\/uploads\/2023\/10\/Sovmer-logo.png","contentUrl":"https:\/\/sovmer.se\/wp-content\/uploads\/2023\/10\/Sovmer-logo.png","width":582,"height":290,"caption":"sovmer"},"image":{"@id":"https:\/\/sovmer.se\/no\/#\/schema\/logo\/image\/"},"sameAs":["https:\/\/www.facebook.com\/sovmer","https:\/\/www.instagram.com\/sovmer.se"]}]}},"jetpack_sharing_enabled":true,"_links":{"self":[{"href":"https:\/\/sovmer.se\/no\/wp-json\/wp\/v2\/pages\/2333","targetHints":{"allow":["GET"]}}],"collection":[{"href":"https:\/\/sovmer.se\/no\/wp-json\/wp\/v2\/pages"}],"about":[{"href":"https:\/\/sovmer.se\/no\/wp-json\/wp\/v2\/types\/page"}],"author":[{"embeddable":true,"href":"https:\/\/sovmer.se\/no\/wp-json\/wp\/v2\/users\/2"}],"replies":[{"embeddable":true,"href":"https:\/\/sovmer.se\/no\/wp-json\/wp\/v2\/comments?post=2333"}],"version-history":[{"count":0,"href":"https:\/\/sovmer.se\/no\/wp-json\/wp\/v2\/pages\/2333\/revisions"}],"wp:attachment":[{"href":"https:\/\/sovmer.se\/no\/wp-json\/wp\/v2\/media?parent=2333"}],"curies":[{"name":"wp","href":"https:\/\/api.w.org\/{rel}","templated":true}]}}