{"id":2338,"date":"2023-10-29T14:06:01","date_gmt":"2023-10-29T13:06:01","guid":{"rendered":"https:\/\/sovmer.se\/attester\/"},"modified":"2024-07-28T17:44:40","modified_gmt":"2024-07-28T15:44:40","slug":"attester","status":"publish","type":"page","link":"https:\/\/sovmer.se\/no\/attester\/","title":{"rendered":"Attester"},"content":{"rendered":"<div id=\"cs-content\" class=\"cs-content\"><\/div>\n","protected":false},"excerpt":{"rendered":"<p>Ord fra kundene v\u00e5reKundene v\u00e5re er det viktigste vi har, og det er grunnen til at vi jobber hardt for \u00e5 tilby de aller beste produktene som markedet har \u00e5 by p\u00e5 innen s\u00f8vnforbedrende produkter.&nbsp;&#8220;Jeg har sovet utrolig d\u00e5rlig i mange \u00e5r, men aldri helt forst\u00e5tt hvorfor. N\u00e5 som jeg har pr\u00f8vd Sovmers fantastiske ergonomiske pute, forst\u00e5r jeg hvorfor. Jeg &#8230;<\/p>\n","protected":false},"author":4,"featured_media":0,"parent":0,"menu_order":0,"comment_status":"closed","ping_status":"closed","template":"template-blank-5.php","meta":{"inline_featured_image":false,"footnotes":""},"class_list":["post-2338","page","type-page","status-publish","hentry","no-post-thumbnail"],"yoast_head":"<!-- This site is optimized with the Yoast SEO Premium plugin v24.3 (Yoast SEO v26.5) - https:\/\/yoast.com\/wordpress\/plugins\/seo\/ -->\n<title>Finn ut hva kundene v\u00e5re synes - sovmer.se<\/title>\n<meta name=\"robots\" content=\"index, follow, max-snippet:-1, max-image-preview:large, max-video-preview:-1\" \/>\n<link rel=\"canonical\" href=\"https:\/\/sovmer.se\/no\/attester\/\" \/>\n<meta property=\"og:locale\" content=\"nb_NO\" \/>\n<meta property=\"og:type\" content=\"article\" \/>\n<meta property=\"og:title\" content=\"Attester\" \/>\n<meta property=\"og:description\" content=\"Ord fra kundene v\u00e5reKundene v\u00e5re er det viktigste vi har, og det er grunnen til at vi jobber hardt for \u00e5 tilby de aller beste produktene som markedet har \u00e5 by p\u00e5 innen s\u00f8vnforbedrende produkter.&nbsp;&quot;Jeg har sovet utrolig d\u00e5rlig i mange \u00e5r, men aldri helt forst\u00e5tt hvorfor. N\u00e5 som jeg har pr\u00f8vd Sovmers fantastiske ergonomiske pute, forst\u00e5r jeg hvorfor. Jeg ...\" \/>\n<meta property=\"og:url\" content=\"https:\/\/sovmer.se\/no\/attester\/\" \/>\n<meta property=\"og:site_name\" content=\"sovmer.se\" \/>\n<meta property=\"article:publisher\" content=\"https:\/\/www.facebook.com\/sovmer\" \/>\n<meta property=\"article:modified_time\" content=\"2024-07-28T15:44:40+00:00\" \/>\n<meta name=\"twitter:card\" content=\"summary_large_image\" \/>\n<meta name=\"twitter:label1\" content=\"Ansl. lesetid\" \/>\n\t<meta name=\"twitter:data1\" content=\"5 minutter\" \/>\n<script type=\"application\/ld+json\" class=\"yoast-schema-graph\">{\"@context\":\"https:\/\/schema.org\",\"@graph\":[{\"@type\":\"WebPage\",\"@id\":\"https:\/\/sovmer.se\/no\/attester\/\",\"url\":\"https:\/\/sovmer.se\/no\/attester\/\",\"name\":\"Finn ut hva kundene v\u00e5re synes - sovmer.se\",\"isPartOf\":{\"@id\":\"https:\/\/sovmer.se\/no\/#website\"},\"datePublished\":\"2023-10-29T13:06:01+00:00\",\"dateModified\":\"2024-07-28T15:44:40+00:00\",\"breadcrumb\":{\"@id\":\"https:\/\/sovmer.se\/no\/attester\/#breadcrumb\"},\"inLanguage\":\"nb-NO\",\"potentialAction\":[{\"@type\":\"ReadAction\",\"target\":[\"https:\/\/sovmer.se\/no\/attester\/\"]}]},{\"@type\":\"BreadcrumbList\",\"@id\":\"https:\/\/sovmer.se\/no\/attester\/#breadcrumb\",\"itemListElement\":[{\"@type\":\"ListItem\",\"position\":1,\"name\":\"Home\",\"item\":\"https:\/\/sovmer.se\/no\/start-kopier-2\/\"},{\"@type\":\"ListItem\",\"position\":2,\"name\":\"Attester\"}]},{\"@type\":\"WebSite\",\"@id\":\"https:\/\/sovmer.se\/no\/#website\",\"url\":\"https:\/\/sovmer.se\/no\/\",\"name\":\"sovmer.se\",\"description\":\"Sov mer s\u00e5 att du kan leva mer\",\"publisher\":{\"@id\":\"https:\/\/sovmer.se\/no\/#organization\"},\"potentialAction\":[{\"@type\":\"SearchAction\",\"target\":{\"@type\":\"EntryPoint\",\"urlTemplate\":\"https:\/\/sovmer.se\/no\/?s={search_term_string}\"},\"query-input\":{\"@type\":\"PropertyValueSpecification\",\"valueRequired\":true,\"valueName\":\"search_term_string\"}}],\"inLanguage\":\"nb-NO\"},{\"@type\":\"Organization\",\"@id\":\"https:\/\/sovmer.se\/no\/#organization\",\"name\":\"sovmer\",\"url\":\"https:\/\/sovmer.se\/no\/\",\"logo\":{\"@type\":\"ImageObject\",\"inLanguage\":\"nb-NO\",\"@id\":\"https:\/\/sovmer.se\/no\/#\/schema\/logo\/image\/\",\"url\":\"https:\/\/sovmer.se\/wp-content\/uploads\/2023\/10\/Sovmer-logo.png\",\"contentUrl\":\"https:\/\/sovmer.se\/wp-content\/uploads\/2023\/10\/Sovmer-logo.png\",\"width\":582,\"height\":290,\"caption\":\"sovmer\"},\"image\":{\"@id\":\"https:\/\/sovmer.se\/no\/#\/schema\/logo\/image\/\"},\"sameAs\":[\"https:\/\/www.facebook.com\/sovmer\",\"https:\/\/www.instagram.com\/sovmer.se\"]}]}<\/script>\n<!-- \/ Yoast SEO Premium plugin. -->","yoast_head_json":{"title":"Finn ut hva kundene v\u00e5re synes - sovmer.se","robots":{"index":"index","follow":"follow","max-snippet":"max-snippet:-1","max-image-preview":"max-image-preview:large","max-video-preview":"max-video-preview:-1"},"canonical":"https:\/\/sovmer.se\/no\/attester\/","og_locale":"nb_NO","og_type":"article","og_title":"Attester","og_description":"Ord fra kundene v\u00e5reKundene v\u00e5re er det viktigste vi har, og det er grunnen til at vi jobber hardt for \u00e5 tilby de aller beste produktene som markedet har \u00e5 by p\u00e5 innen s\u00f8vnforbedrende produkter.&nbsp;\"Jeg har sovet utrolig d\u00e5rlig i mange \u00e5r, men aldri helt forst\u00e5tt hvorfor. N\u00e5 som jeg har pr\u00f8vd Sovmers fantastiske ergonomiske pute, forst\u00e5r jeg hvorfor. Jeg ...","og_url":"https:\/\/sovmer.se\/no\/attester\/","og_site_name":"sovmer.se","article_publisher":"https:\/\/www.facebook.com\/sovmer","article_modified_time":"2024-07-28T15:44:40+00:00","twitter_card":"summary_large_image","twitter_misc":{"Ansl. lesetid":"5 minutter"},"schema":{"@context":"https:\/\/schema.org","@graph":[{"@type":"WebPage","@id":"https:\/\/sovmer.se\/no\/attester\/","url":"https:\/\/sovmer.se\/no\/attester\/","name":"Finn ut hva kundene v\u00e5re synes - sovmer.se","isPartOf":{"@id":"https:\/\/sovmer.se\/no\/#website"},"datePublished":"2023-10-29T13:06:01+00:00","dateModified":"2024-07-28T15:44:40+00:00","breadcrumb":{"@id":"https:\/\/sovmer.se\/no\/attester\/#breadcrumb"},"inLanguage":"nb-NO","potentialAction":[{"@type":"ReadAction","target":["https:\/\/sovmer.se\/no\/attester\/"]}]},{"@type":"BreadcrumbList","@id":"https:\/\/sovmer.se\/no\/attester\/#breadcrumb","itemListElement":[{"@type":"ListItem","position":1,"name":"Home","item":"https:\/\/sovmer.se\/no\/start-kopier-2\/"},{"@type":"ListItem","position":2,"name":"Attester"}]},{"@type":"WebSite","@id":"https:\/\/sovmer.se\/no\/#website","url":"https:\/\/sovmer.se\/no\/","name":"sovmer.se","description":"Sov mer s\u00e5 att du kan leva mer","publisher":{"@id":"https:\/\/sovmer.se\/no\/#organization"},"potentialAction":[{"@type":"SearchAction","target":{"@type":"EntryPoint","urlTemplate":"https:\/\/sovmer.se\/no\/?s={search_term_string}"},"query-input":{"@type":"PropertyValueSpecification","valueRequired":true,"valueName":"search_term_string"}}],"inLanguage":"nb-NO"},{"@type":"Organization","@id":"https:\/\/sovmer.se\/no\/#organization","name":"sovmer","url":"https:\/\/sovmer.se\/no\/","logo":{"@type":"ImageObject","inLanguage":"nb-NO","@id":"https:\/\/sovmer.se\/no\/#\/schema\/logo\/image\/","url":"https:\/\/sovmer.se\/wp-content\/uploads\/2023\/10\/Sovmer-logo.png","contentUrl":"https:\/\/sovmer.se\/wp-content\/uploads\/2023\/10\/Sovmer-logo.png","width":582,"height":290,"caption":"sovmer"},"image":{"@id":"https:\/\/sovmer.se\/no\/#\/schema\/logo\/image\/"},"sameAs":["https:\/\/www.facebook.com\/sovmer","https:\/\/www.instagram.com\/sovmer.se"]}]}},"jetpack_sharing_enabled":true,"_links":{"self":[{"href":"https:\/\/sovmer.se\/no\/wp-json\/wp\/v2\/pages\/2338","targetHints":{"allow":["GET"]}}],"collection":[{"href":"https:\/\/sovmer.se\/no\/wp-json\/wp\/v2\/pages"}],"about":[{"href":"https:\/\/sovmer.se\/no\/wp-json\/wp\/v2\/types\/page"}],"author":[{"embeddable":true,"href":"https:\/\/sovmer.se\/no\/wp-json\/wp\/v2\/users\/4"}],"replies":[{"embeddable":true,"href":"https:\/\/sovmer.se\/no\/wp-json\/wp\/v2\/comments?post=2338"}],"version-history":[{"count":0,"href":"https:\/\/sovmer.se\/no\/wp-json\/wp\/v2\/pages\/2338\/revisions"}],"wp:attachment":[{"href":"https:\/\/sovmer.se\/no\/wp-json\/wp\/v2\/media?parent=2338"}],"curies":[{"name":"wp","href":"https:\/\/api.w.org\/{rel}","templated":true}]}}