{"id":2385,"date":"2024-06-26T12:38:41","date_gmt":"2024-06-26T10:38:41","guid":{"rendered":"https:\/\/sovmer.se\/hjem\/"},"modified":"2025-02-08T23:06:19","modified_gmt":"2025-02-08T22:06:19","slug":"hjem","status":"publish","type":"page","link":"https:\/\/sovmer.se\/no\/hjem\/","title":{"rendered":"Hjem"},"content":{"rendered":"<div id=\"cs-content\" class=\"cs-content\"><\/div>\n","protected":false},"excerpt":{"rendered":"<p>\u2605\u2605\u2605\u2605\u2605&#8221;Har hatt problemer med nakken i lang tid. &Oslash;nsker du en fin og behagelig pute som ikke gir deg smerter i kroppen og&#8221;Ulrika Und&eacute;n, G&auml;vle\u2605\u2605\u2605\u2605\u2605&#8221;Vil du ha en koselig og behagelig pute som ikke gj&oslash;r vondt i kroppen og somvekker deg om natten? Da b&oslash;r du kj&oslash;pe Str&ouml;msund-puten fra Sovmer &#8211; den er helt fantastisk!&#8221;Pia Strandberg, Stockholm\u2605\u2605\u2605\u2605\u2605&#8221;&Aring; sove uten pute &#8230;<\/p>\n","protected":false},"author":4,"featured_media":0,"parent":0,"menu_order":0,"comment_status":"closed","ping_status":"closed","template":"template-blank-5.php","meta":{"inline_featured_image":false,"footnotes":""},"class_list":["post-2385","page","type-page","status-publish","hentry","no-post-thumbnail"],"yoast_head":"<!-- This site is optimized with the Yoast SEO Premium plugin v24.3 (Yoast SEO v26.5) - https:\/\/yoast.com\/wordpress\/plugins\/seo\/ -->\n<title>F\u00e5 en bedre natts s\u00f8vn med en ergonomisk pute i naturlateks<\/title>\n<meta name=\"description\" content=\"Sovmer tilbyr produkter av h\u00f8y kvalitet for \u00f8kt velv\u00e6re og bedre s\u00f8vn. 100 % tilfredshet eller pengene tilbake.\" \/>\n<meta name=\"robots\" content=\"index, follow, max-snippet:-1, max-image-preview:large, max-video-preview:-1\" \/>\n<link rel=\"canonical\" href=\"https:\/\/sovmer.se\/no\/hjem\/\" \/>\n<meta property=\"og:locale\" content=\"nb_NO\" \/>\n<meta property=\"og:type\" content=\"article\" \/>\n<meta property=\"og:title\" content=\"F\u00e5 en bedre natts s\u00f8vn med en ergonomisk pute i naturlateks\" \/>\n<meta property=\"og:description\" content=\"Sovmer tilbyr produkter av h\u00f8y kvalitet for \u00f8kt velv\u00e6re og bedre s\u00f8vn. 100 % tilfredshet eller pengene tilbake.\" \/>\n<meta property=\"og:url\" content=\"https:\/\/sovmer.se\/no\/hjem\/\" \/>\n<meta property=\"og:site_name\" content=\"sovmer.se\" \/>\n<meta property=\"article:publisher\" content=\"https:\/\/www.facebook.com\/sovmer\" \/>\n<meta property=\"article:modified_time\" content=\"2025-02-08T22:06:19+00:00\" \/>\n<meta property=\"og:image\" content=\"https:\/\/sovmer.se\/wp-content\/uploads\/2023\/10\/Sovmer-logo.png\" \/>\n\t<meta property=\"og:image:width\" content=\"582\" \/>\n\t<meta property=\"og:image:height\" content=\"290\" \/>\n\t<meta property=\"og:image:type\" content=\"image\/png\" \/>\n<meta name=\"twitter:card\" content=\"summary_large_image\" \/>\n<meta name=\"twitter:title\" content=\"Hjem\" \/>\n<meta name=\"twitter:image\" content=\"https:\/\/sovmer.se\/wp-content\/uploads\/2023\/10\/Sovmer-logo.png\" \/>\n<meta name=\"twitter:label1\" content=\"Ansl. lesetid\" \/>\n\t<meta name=\"twitter:data1\" content=\"8 minutter\" \/>\n<script type=\"application\/ld+json\" class=\"yoast-schema-graph\">{\"@context\":\"https:\/\/schema.org\",\"@graph\":[{\"@type\":\"WebPage\",\"@id\":\"https:\/\/sovmer.se\/no\/hjem\/\",\"url\":\"https:\/\/sovmer.se\/no\/hjem\/\",\"name\":\"F\u00e5 en bedre natts s\u00f8vn med en ergonomisk pute i naturlateks\",\"isPartOf\":{\"@id\":\"https:\/\/sovmer.se\/no\/#website\"},\"primaryImageOfPage\":{\"@id\":\"https:\/\/sovmer.se\/no\/hjem\/#primaryimage\"},\"image\":{\"@id\":\"https:\/\/sovmer.se\/no\/hjem\/#primaryimage\"},\"thumbnailUrl\":\"https:\/\/sovmer.se\/wp-content\/uploads\/2024\/08\/careofbeds260-off.png\",\"datePublished\":\"2024-06-26T10:38:41+00:00\",\"dateModified\":\"2025-02-08T22:06:19+00:00\",\"description\":\"Sovmer tilbyr produkter av h\u00f8y kvalitet for \u00f8kt velv\u00e6re og bedre s\u00f8vn. 100 % tilfredshet eller pengene tilbake.\",\"breadcrumb\":{\"@id\":\"https:\/\/sovmer.se\/no\/hjem\/#breadcrumb\"},\"inLanguage\":\"nb-NO\",\"potentialAction\":[{\"@type\":\"ReadAction\",\"target\":[\"https:\/\/sovmer.se\/no\/hjem\/\"]}]},{\"@type\":\"ImageObject\",\"inLanguage\":\"nb-NO\",\"@id\":\"https:\/\/sovmer.se\/no\/hjem\/#primaryimage\",\"url\":\"https:\/\/sovmer.se\/wp-content\/uploads\/2024\/08\/careofbeds260-off.png\",\"contentUrl\":\"https:\/\/sovmer.se\/wp-content\/uploads\/2024\/08\/careofbeds260-off.png\"},{\"@type\":\"BreadcrumbList\",\"@id\":\"https:\/\/sovmer.se\/no\/hjem\/#breadcrumb\",\"itemListElement\":[{\"@type\":\"ListItem\",\"position\":1,\"name\":\"Home\",\"item\":\"https:\/\/sovmer.se\/no\/start-kopier-2\/\"},{\"@type\":\"ListItem\",\"position\":2,\"name\":\"Hjem\"}]},{\"@type\":\"WebSite\",\"@id\":\"https:\/\/sovmer.se\/no\/#website\",\"url\":\"https:\/\/sovmer.se\/no\/\",\"name\":\"sovmer.se\",\"description\":\"Sov mer s\u00e5 att du kan leva mer\",\"publisher\":{\"@id\":\"https:\/\/sovmer.se\/no\/#organization\"},\"potentialAction\":[{\"@type\":\"SearchAction\",\"target\":{\"@type\":\"EntryPoint\",\"urlTemplate\":\"https:\/\/sovmer.se\/no\/?s={search_term_string}\"},\"query-input\":{\"@type\":\"PropertyValueSpecification\",\"valueRequired\":true,\"valueName\":\"search_term_string\"}}],\"inLanguage\":\"nb-NO\"},{\"@type\":\"Organization\",\"@id\":\"https:\/\/sovmer.se\/no\/#organization\",\"name\":\"sovmer\",\"url\":\"https:\/\/sovmer.se\/no\/\",\"logo\":{\"@type\":\"ImageObject\",\"inLanguage\":\"nb-NO\",\"@id\":\"https:\/\/sovmer.se\/no\/#\/schema\/logo\/image\/\",\"url\":\"https:\/\/sovmer.se\/wp-content\/uploads\/2023\/10\/Sovmer-logo.png\",\"contentUrl\":\"https:\/\/sovmer.se\/wp-content\/uploads\/2023\/10\/Sovmer-logo.png\",\"width\":582,\"height\":290,\"caption\":\"sovmer\"},\"image\":{\"@id\":\"https:\/\/sovmer.se\/no\/#\/schema\/logo\/image\/\"},\"sameAs\":[\"https:\/\/www.facebook.com\/sovmer\",\"https:\/\/www.instagram.com\/sovmer.se\"]}]}<\/script>\n<!-- \/ Yoast SEO Premium plugin. -->","yoast_head_json":{"title":"F\u00e5 en bedre natts s\u00f8vn med en ergonomisk pute i naturlateks","description":"Sovmer tilbyr produkter av h\u00f8y kvalitet for \u00f8kt velv\u00e6re og bedre s\u00f8vn. 100 % tilfredshet eller pengene tilbake.","robots":{"index":"index","follow":"follow","max-snippet":"max-snippet:-1","max-image-preview":"max-image-preview:large","max-video-preview":"max-video-preview:-1"},"canonical":"https:\/\/sovmer.se\/no\/hjem\/","og_locale":"nb_NO","og_type":"article","og_title":"F\u00e5 en bedre natts s\u00f8vn med en ergonomisk pute i naturlateks","og_description":"Sovmer tilbyr produkter av h\u00f8y kvalitet for \u00f8kt velv\u00e6re og bedre s\u00f8vn. 100 % tilfredshet eller pengene tilbake.","og_url":"https:\/\/sovmer.se\/no\/hjem\/","og_site_name":"sovmer.se","article_publisher":"https:\/\/www.facebook.com\/sovmer","article_modified_time":"2025-02-08T22:06:19+00:00","og_image":[{"width":582,"height":290,"url":"https:\/\/sovmer.se\/wp-content\/uploads\/2023\/10\/Sovmer-logo.png","type":"image\/png"}],"twitter_card":"summary_large_image","twitter_title":"Hjem","twitter_image":"https:\/\/sovmer.se\/wp-content\/uploads\/2023\/10\/Sovmer-logo.png","twitter_misc":{"Ansl. lesetid":"8 minutter"},"schema":{"@context":"https:\/\/schema.org","@graph":[{"@type":"WebPage","@id":"https:\/\/sovmer.se\/no\/hjem\/","url":"https:\/\/sovmer.se\/no\/hjem\/","name":"F\u00e5 en bedre natts s\u00f8vn med en ergonomisk pute i naturlateks","isPartOf":{"@id":"https:\/\/sovmer.se\/no\/#website"},"primaryImageOfPage":{"@id":"https:\/\/sovmer.se\/no\/hjem\/#primaryimage"},"image":{"@id":"https:\/\/sovmer.se\/no\/hjem\/#primaryimage"},"thumbnailUrl":"https:\/\/sovmer.se\/wp-content\/uploads\/2024\/08\/careofbeds260-off.png","datePublished":"2024-06-26T10:38:41+00:00","dateModified":"2025-02-08T22:06:19+00:00","description":"Sovmer tilbyr produkter av h\u00f8y kvalitet for \u00f8kt velv\u00e6re og bedre s\u00f8vn. 100 % tilfredshet eller pengene tilbake.","breadcrumb":{"@id":"https:\/\/sovmer.se\/no\/hjem\/#breadcrumb"},"inLanguage":"nb-NO","potentialAction":[{"@type":"ReadAction","target":["https:\/\/sovmer.se\/no\/hjem\/"]}]},{"@type":"ImageObject","inLanguage":"nb-NO","@id":"https:\/\/sovmer.se\/no\/hjem\/#primaryimage","url":"https:\/\/sovmer.se\/wp-content\/uploads\/2024\/08\/careofbeds260-off.png","contentUrl":"https:\/\/sovmer.se\/wp-content\/uploads\/2024\/08\/careofbeds260-off.png"},{"@type":"BreadcrumbList","@id":"https:\/\/sovmer.se\/no\/hjem\/#breadcrumb","itemListElement":[{"@type":"ListItem","position":1,"name":"Home","item":"https:\/\/sovmer.se\/no\/start-kopier-2\/"},{"@type":"ListItem","position":2,"name":"Hjem"}]},{"@type":"WebSite","@id":"https:\/\/sovmer.se\/no\/#website","url":"https:\/\/sovmer.se\/no\/","name":"sovmer.se","description":"Sov mer s\u00e5 att du kan leva mer","publisher":{"@id":"https:\/\/sovmer.se\/no\/#organization"},"potentialAction":[{"@type":"SearchAction","target":{"@type":"EntryPoint","urlTemplate":"https:\/\/sovmer.se\/no\/?s={search_term_string}"},"query-input":{"@type":"PropertyValueSpecification","valueRequired":true,"valueName":"search_term_string"}}],"inLanguage":"nb-NO"},{"@type":"Organization","@id":"https:\/\/sovmer.se\/no\/#organization","name":"sovmer","url":"https:\/\/sovmer.se\/no\/","logo":{"@type":"ImageObject","inLanguage":"nb-NO","@id":"https:\/\/sovmer.se\/no\/#\/schema\/logo\/image\/","url":"https:\/\/sovmer.se\/wp-content\/uploads\/2023\/10\/Sovmer-logo.png","contentUrl":"https:\/\/sovmer.se\/wp-content\/uploads\/2023\/10\/Sovmer-logo.png","width":582,"height":290,"caption":"sovmer"},"image":{"@id":"https:\/\/sovmer.se\/no\/#\/schema\/logo\/image\/"},"sameAs":["https:\/\/www.facebook.com\/sovmer","https:\/\/www.instagram.com\/sovmer.se"]}]}},"jetpack_sharing_enabled":true,"_links":{"self":[{"href":"https:\/\/sovmer.se\/no\/wp-json\/wp\/v2\/pages\/2385","targetHints":{"allow":["GET"]}}],"collection":[{"href":"https:\/\/sovmer.se\/no\/wp-json\/wp\/v2\/pages"}],"about":[{"href":"https:\/\/sovmer.se\/no\/wp-json\/wp\/v2\/types\/page"}],"author":[{"embeddable":true,"href":"https:\/\/sovmer.se\/no\/wp-json\/wp\/v2\/users\/4"}],"replies":[{"embeddable":true,"href":"https:\/\/sovmer.se\/no\/wp-json\/wp\/v2\/comments?post=2385"}],"version-history":[{"count":66,"href":"https:\/\/sovmer.se\/no\/wp-json\/wp\/v2\/pages\/2385\/revisions"}],"predecessor-version":[{"id":4626,"href":"https:\/\/sovmer.se\/no\/wp-json\/wp\/v2\/pages\/2385\/revisions\/4626"}],"wp:attachment":[{"href":"https:\/\/sovmer.se\/no\/wp-json\/wp\/v2\/media?parent=2385"}],"curies":[{"name":"wp","href":"https:\/\/api.w.org\/{rel}","templated":true}]}}