{"id":2386,"date":"2024-03-22T16:42:23","date_gmt":"2024-03-22T15:42:23","guid":{"rendered":"https:\/\/sovmer.se\/lp-master\/"},"modified":"2024-08-22T14:52:48","modified_gmt":"2024-08-22T12:52:48","slug":"lp-master","status":"publish","type":"page","link":"https:\/\/sovmer.se\/no\/lp-master\/","title":{"rendered":"LP-master"},"content":{"rendered":"<div id=\"cs-content\" class=\"cs-content\"><\/div>\n","protected":false},"excerpt":{"rendered":"<p>PENGENE TILBAKE-GARANTIVi er s\u00e5 sikre p\u00e5 at du kommer til \u00e5 elske den nye puten din at vi tilbyr deg full refusjon hvis du av en eller annen grunn ikke er forn\u00f8yd.10 \u00c5RS PRODUKTGARANTIEn vanlig pute anbefales \u00e5 skiftes ut etter to \u00e5r. Kj\u00f8p v\u00e5r kvalitetspute og spar tid, penger og milj\u00f8et.PENGENE TILBAKE-GARANTIVi er s\u00e5 sikre p\u00e5 at du kommer &#8230;<\/p>\n","protected":false},"author":4,"featured_media":0,"parent":0,"menu_order":0,"comment_status":"closed","ping_status":"closed","template":"template-blank-4.php","meta":{"inline_featured_image":false,"footnotes":""},"class_list":["post-2386","page","type-page","status-publish","hentry","no-post-thumbnail"],"yoast_head":"<!-- This site is optimized with the Yoast SEO Premium plugin v24.3 (Yoast SEO v26.5) - https:\/\/yoast.com\/wordpress\/plugins\/seo\/ -->\n<title>LP-master - sovmer.se<\/title>\n<meta name=\"robots\" content=\"index, follow, max-snippet:-1, max-image-preview:large, max-video-preview:-1\" \/>\n<link rel=\"canonical\" href=\"https:\/\/sovmer.se\/no\/lp-master\/\" \/>\n<meta property=\"og:locale\" content=\"nb_NO\" \/>\n<meta property=\"og:type\" content=\"article\" \/>\n<meta property=\"og:title\" content=\"LP-master\" \/>\n<meta property=\"og:description\" content=\"PENGENE TILBAKE-GARANTIVi er s\u00e5 sikre p\u00e5 at du kommer til \u00e5 elske den nye puten din at vi tilbyr deg full refusjon hvis du av en eller annen grunn ikke er forn\u00f8yd.10 \u00c5RS PRODUKTGARANTIEn vanlig pute anbefales \u00e5 skiftes ut etter to \u00e5r. Kj\u00f8p v\u00e5r kvalitetspute og spar tid, penger og milj\u00f8et.PENGENE TILBAKE-GARANTIVi er s\u00e5 sikre p\u00e5 at du kommer ...\" \/>\n<meta property=\"og:url\" content=\"https:\/\/sovmer.se\/no\/lp-master\/\" \/>\n<meta property=\"og:site_name\" content=\"sovmer.se\" \/>\n<meta property=\"article:publisher\" content=\"https:\/\/www.facebook.com\/sovmer\" \/>\n<meta property=\"article:modified_time\" content=\"2024-08-22T12:52:48+00:00\" \/>\n<meta name=\"twitter:card\" content=\"summary_large_image\" \/>\n<meta name=\"twitter:label1\" content=\"Ansl. lesetid\" \/>\n\t<meta name=\"twitter:data1\" content=\"7 minutter\" \/>\n<script type=\"application\/ld+json\" class=\"yoast-schema-graph\">{\"@context\":\"https:\/\/schema.org\",\"@graph\":[{\"@type\":\"WebPage\",\"@id\":\"https:\/\/sovmer.se\/no\/lp-master\/\",\"url\":\"https:\/\/sovmer.se\/no\/lp-master\/\",\"name\":\"LP-master - sovmer.se\",\"isPartOf\":{\"@id\":\"https:\/\/sovmer.se\/no\/#website\"},\"datePublished\":\"2024-03-22T15:42:23+00:00\",\"dateModified\":\"2024-08-22T12:52:48+00:00\",\"breadcrumb\":{\"@id\":\"https:\/\/sovmer.se\/no\/lp-master\/#breadcrumb\"},\"inLanguage\":\"nb-NO\",\"potentialAction\":[{\"@type\":\"ReadAction\",\"target\":[\"https:\/\/sovmer.se\/no\/lp-master\/\"]}]},{\"@type\":\"BreadcrumbList\",\"@id\":\"https:\/\/sovmer.se\/no\/lp-master\/#breadcrumb\",\"itemListElement\":[{\"@type\":\"ListItem\",\"position\":1,\"name\":\"Home\",\"item\":\"https:\/\/sovmer.se\/no\/start-kopier-2\/\"},{\"@type\":\"ListItem\",\"position\":2,\"name\":\"LP-master\"}]},{\"@type\":\"WebSite\",\"@id\":\"https:\/\/sovmer.se\/no\/#website\",\"url\":\"https:\/\/sovmer.se\/no\/\",\"name\":\"sovmer.se\",\"description\":\"Sov mer s\u00e5 att du kan leva mer\",\"publisher\":{\"@id\":\"https:\/\/sovmer.se\/no\/#organization\"},\"potentialAction\":[{\"@type\":\"SearchAction\",\"target\":{\"@type\":\"EntryPoint\",\"urlTemplate\":\"https:\/\/sovmer.se\/no\/?s={search_term_string}\"},\"query-input\":{\"@type\":\"PropertyValueSpecification\",\"valueRequired\":true,\"valueName\":\"search_term_string\"}}],\"inLanguage\":\"nb-NO\"},{\"@type\":\"Organization\",\"@id\":\"https:\/\/sovmer.se\/no\/#organization\",\"name\":\"sovmer\",\"url\":\"https:\/\/sovmer.se\/no\/\",\"logo\":{\"@type\":\"ImageObject\",\"inLanguage\":\"nb-NO\",\"@id\":\"https:\/\/sovmer.se\/no\/#\/schema\/logo\/image\/\",\"url\":\"https:\/\/sovmer.se\/wp-content\/uploads\/2023\/10\/Sovmer-logo.png\",\"contentUrl\":\"https:\/\/sovmer.se\/wp-content\/uploads\/2023\/10\/Sovmer-logo.png\",\"width\":582,\"height\":290,\"caption\":\"sovmer\"},\"image\":{\"@id\":\"https:\/\/sovmer.se\/no\/#\/schema\/logo\/image\/\"},\"sameAs\":[\"https:\/\/www.facebook.com\/sovmer\",\"https:\/\/www.instagram.com\/sovmer.se\"]}]}<\/script>\n<!-- \/ Yoast SEO Premium plugin. -->","yoast_head_json":{"title":"LP-master - sovmer.se","robots":{"index":"index","follow":"follow","max-snippet":"max-snippet:-1","max-image-preview":"max-image-preview:large","max-video-preview":"max-video-preview:-1"},"canonical":"https:\/\/sovmer.se\/no\/lp-master\/","og_locale":"nb_NO","og_type":"article","og_title":"LP-master","og_description":"PENGENE TILBAKE-GARANTIVi er s\u00e5 sikre p\u00e5 at du kommer til \u00e5 elske den nye puten din at vi tilbyr deg full refusjon hvis du av en eller annen grunn ikke er forn\u00f8yd.10 \u00c5RS PRODUKTGARANTIEn vanlig pute anbefales \u00e5 skiftes ut etter to \u00e5r. Kj\u00f8p v\u00e5r kvalitetspute og spar tid, penger og milj\u00f8et.PENGENE TILBAKE-GARANTIVi er s\u00e5 sikre p\u00e5 at du kommer ...","og_url":"https:\/\/sovmer.se\/no\/lp-master\/","og_site_name":"sovmer.se","article_publisher":"https:\/\/www.facebook.com\/sovmer","article_modified_time":"2024-08-22T12:52:48+00:00","twitter_card":"summary_large_image","twitter_misc":{"Ansl. lesetid":"7 minutter"},"schema":{"@context":"https:\/\/schema.org","@graph":[{"@type":"WebPage","@id":"https:\/\/sovmer.se\/no\/lp-master\/","url":"https:\/\/sovmer.se\/no\/lp-master\/","name":"LP-master - sovmer.se","isPartOf":{"@id":"https:\/\/sovmer.se\/no\/#website"},"datePublished":"2024-03-22T15:42:23+00:00","dateModified":"2024-08-22T12:52:48+00:00","breadcrumb":{"@id":"https:\/\/sovmer.se\/no\/lp-master\/#breadcrumb"},"inLanguage":"nb-NO","potentialAction":[{"@type":"ReadAction","target":["https:\/\/sovmer.se\/no\/lp-master\/"]}]},{"@type":"BreadcrumbList","@id":"https:\/\/sovmer.se\/no\/lp-master\/#breadcrumb","itemListElement":[{"@type":"ListItem","position":1,"name":"Home","item":"https:\/\/sovmer.se\/no\/start-kopier-2\/"},{"@type":"ListItem","position":2,"name":"LP-master"}]},{"@type":"WebSite","@id":"https:\/\/sovmer.se\/no\/#website","url":"https:\/\/sovmer.se\/no\/","name":"sovmer.se","description":"Sov mer s\u00e5 att du kan leva mer","publisher":{"@id":"https:\/\/sovmer.se\/no\/#organization"},"potentialAction":[{"@type":"SearchAction","target":{"@type":"EntryPoint","urlTemplate":"https:\/\/sovmer.se\/no\/?s={search_term_string}"},"query-input":{"@type":"PropertyValueSpecification","valueRequired":true,"valueName":"search_term_string"}}],"inLanguage":"nb-NO"},{"@type":"Organization","@id":"https:\/\/sovmer.se\/no\/#organization","name":"sovmer","url":"https:\/\/sovmer.se\/no\/","logo":{"@type":"ImageObject","inLanguage":"nb-NO","@id":"https:\/\/sovmer.se\/no\/#\/schema\/logo\/image\/","url":"https:\/\/sovmer.se\/wp-content\/uploads\/2023\/10\/Sovmer-logo.png","contentUrl":"https:\/\/sovmer.se\/wp-content\/uploads\/2023\/10\/Sovmer-logo.png","width":582,"height":290,"caption":"sovmer"},"image":{"@id":"https:\/\/sovmer.se\/no\/#\/schema\/logo\/image\/"},"sameAs":["https:\/\/www.facebook.com\/sovmer","https:\/\/www.instagram.com\/sovmer.se"]}]}},"jetpack_sharing_enabled":true,"_links":{"self":[{"href":"https:\/\/sovmer.se\/no\/wp-json\/wp\/v2\/pages\/2386","targetHints":{"allow":["GET"]}}],"collection":[{"href":"https:\/\/sovmer.se\/no\/wp-json\/wp\/v2\/pages"}],"about":[{"href":"https:\/\/sovmer.se\/no\/wp-json\/wp\/v2\/types\/page"}],"author":[{"embeddable":true,"href":"https:\/\/sovmer.se\/no\/wp-json\/wp\/v2\/users\/4"}],"replies":[{"embeddable":true,"href":"https:\/\/sovmer.se\/no\/wp-json\/wp\/v2\/comments?post=2386"}],"version-history":[{"count":5,"href":"https:\/\/sovmer.se\/no\/wp-json\/wp\/v2\/pages\/2386\/revisions"}],"predecessor-version":[{"id":3215,"href":"https:\/\/sovmer.se\/no\/wp-json\/wp\/v2\/pages\/2386\/revisions\/3215"}],"wp:attachment":[{"href":"https:\/\/sovmer.se\/no\/wp-json\/wp\/v2\/media?parent=2386"}],"curies":[{"name":"wp","href":"https:\/\/api.w.org\/{rel}","templated":true}]}}