{"id":2407,"date":"2023-12-14T13:04:25","date_gmt":"2023-12-14T12:04:25","guid":{"rendered":"https:\/\/sovmer.se\/sovn-for-barn\/"},"modified":"2024-07-28T17:10:56","modified_gmt":"2024-07-28T15:10:56","slug":"sovn-for-barn","status":"publish","type":"page","link":"https:\/\/sovmer.se\/no\/sovn-for-barn\/","title":{"rendered":"S\u00f8vn for barn"},"content":{"rendered":"<div id=\"cs-content\" class=\"cs-content\"><\/div>\n","protected":false},"excerpt":{"rendered":"<p>S\u00f8vn for barnS\u00f8vn spiller en avgj\u00f8rende rolle for barns generelle helse og utvikling. \u00c5 etablere og opprettholde sunne s\u00f8vnrutiner er avgj\u00f8rende for barns generelle helse og velv\u00e6re. Det bidrar ikke bare til deres fysiske og kognitive utvikling, men st\u00f8tter ogs\u00e5 en positiv og balansert f\u00f8lelsesmessig tilstand. Men vi vet alle at s\u00f8vn kan v\u00e6re en kilde til problemer for mange &#8230;<\/p>\n","protected":false},"author":4,"featured_media":0,"parent":0,"menu_order":0,"comment_status":"closed","ping_status":"closed","template":"template-blank-5.php","meta":{"inline_featured_image":false,"footnotes":""},"class_list":["post-2407","page","type-page","status-publish","hentry","no-post-thumbnail"],"yoast_head":"<!-- This site is optimized with the Yoast SEO Premium plugin v24.3 (Yoast SEO v26.5) - https:\/\/yoast.com\/wordpress\/plugins\/seo\/ -->\n<title>S\u00f8vn for barn - sovmer.se<\/title>\n<meta name=\"description\" content=\"S\u00f8vn spiller en avgj\u00f8rende rolle for barns generelle helse og utvikling. Vi har svar p\u00e5 vanlige sp\u00f8rsm\u00e5l om tyngdetepper for barn.\" \/>\n<meta name=\"robots\" content=\"index, follow, max-snippet:-1, max-image-preview:large, max-video-preview:-1\" \/>\n<link rel=\"canonical\" href=\"https:\/\/sovmer.se\/no\/sovn-for-barn\/\" \/>\n<meta property=\"og:locale\" content=\"nb_NO\" \/>\n<meta property=\"og:type\" content=\"article\" \/>\n<meta property=\"og:title\" content=\"S\u00f8vn for barn\" \/>\n<meta property=\"og:description\" content=\"S\u00f8vn spiller en avgj\u00f8rende rolle for barns generelle helse og utvikling. Vi har svar p\u00e5 vanlige sp\u00f8rsm\u00e5l om tyngdetepper for barn.\" \/>\n<meta property=\"og:url\" content=\"https:\/\/sovmer.se\/no\/sovn-for-barn\/\" \/>\n<meta property=\"og:site_name\" content=\"sovmer.se\" \/>\n<meta property=\"article:publisher\" content=\"https:\/\/www.facebook.com\/sovmer\" \/>\n<meta property=\"article:modified_time\" content=\"2024-07-28T15:10:56+00:00\" \/>\n<meta name=\"twitter:card\" content=\"summary_large_image\" \/>\n<meta name=\"twitter:label1\" content=\"Ansl. lesetid\" \/>\n\t<meta name=\"twitter:data1\" content=\"7 minutter\" \/>\n<script type=\"application\/ld+json\" class=\"yoast-schema-graph\">{\"@context\":\"https:\/\/schema.org\",\"@graph\":[{\"@type\":\"WebPage\",\"@id\":\"https:\/\/sovmer.se\/no\/sovn-for-barn\/\",\"url\":\"https:\/\/sovmer.se\/no\/sovn-for-barn\/\",\"name\":\"S\u00f8vn for barn - sovmer.se\",\"isPartOf\":{\"@id\":\"https:\/\/sovmer.se\/no\/#website\"},\"datePublished\":\"2023-12-14T12:04:25+00:00\",\"dateModified\":\"2024-07-28T15:10:56+00:00\",\"description\":\"S\u00f8vn spiller en avgj\u00f8rende rolle for barns generelle helse og utvikling. Vi har svar p\u00e5 vanlige sp\u00f8rsm\u00e5l om tyngdetepper for barn.\",\"breadcrumb\":{\"@id\":\"https:\/\/sovmer.se\/no\/sovn-for-barn\/#breadcrumb\"},\"inLanguage\":\"nb-NO\",\"potentialAction\":[{\"@type\":\"ReadAction\",\"target\":[\"https:\/\/sovmer.se\/no\/sovn-for-barn\/\"]}]},{\"@type\":\"BreadcrumbList\",\"@id\":\"https:\/\/sovmer.se\/no\/sovn-for-barn\/#breadcrumb\",\"itemListElement\":[{\"@type\":\"ListItem\",\"position\":1,\"name\":\"Home\",\"item\":\"https:\/\/sovmer.se\/no\/start-kopier-2\/\"},{\"@type\":\"ListItem\",\"position\":2,\"name\":\"S\u00f8vn for barn\"}]},{\"@type\":\"WebSite\",\"@id\":\"https:\/\/sovmer.se\/no\/#website\",\"url\":\"https:\/\/sovmer.se\/no\/\",\"name\":\"sovmer.se\",\"description\":\"Sov mer s\u00e5 att du kan leva mer\",\"publisher\":{\"@id\":\"https:\/\/sovmer.se\/no\/#organization\"},\"potentialAction\":[{\"@type\":\"SearchAction\",\"target\":{\"@type\":\"EntryPoint\",\"urlTemplate\":\"https:\/\/sovmer.se\/no\/?s={search_term_string}\"},\"query-input\":{\"@type\":\"PropertyValueSpecification\",\"valueRequired\":true,\"valueName\":\"search_term_string\"}}],\"inLanguage\":\"nb-NO\"},{\"@type\":\"Organization\",\"@id\":\"https:\/\/sovmer.se\/no\/#organization\",\"name\":\"sovmer\",\"url\":\"https:\/\/sovmer.se\/no\/\",\"logo\":{\"@type\":\"ImageObject\",\"inLanguage\":\"nb-NO\",\"@id\":\"https:\/\/sovmer.se\/no\/#\/schema\/logo\/image\/\",\"url\":\"https:\/\/sovmer.se\/wp-content\/uploads\/2023\/10\/Sovmer-logo.png\",\"contentUrl\":\"https:\/\/sovmer.se\/wp-content\/uploads\/2023\/10\/Sovmer-logo.png\",\"width\":582,\"height\":290,\"caption\":\"sovmer\"},\"image\":{\"@id\":\"https:\/\/sovmer.se\/no\/#\/schema\/logo\/image\/\"},\"sameAs\":[\"https:\/\/www.facebook.com\/sovmer\",\"https:\/\/www.instagram.com\/sovmer.se\"]}]}<\/script>\n<!-- \/ Yoast SEO Premium plugin. -->","yoast_head_json":{"title":"S\u00f8vn for barn - sovmer.se","description":"S\u00f8vn spiller en avgj\u00f8rende rolle for barns generelle helse og utvikling. Vi har svar p\u00e5 vanlige sp\u00f8rsm\u00e5l om tyngdetepper for barn.","robots":{"index":"index","follow":"follow","max-snippet":"max-snippet:-1","max-image-preview":"max-image-preview:large","max-video-preview":"max-video-preview:-1"},"canonical":"https:\/\/sovmer.se\/no\/sovn-for-barn\/","og_locale":"nb_NO","og_type":"article","og_title":"S\u00f8vn for barn","og_description":"S\u00f8vn spiller en avgj\u00f8rende rolle for barns generelle helse og utvikling. Vi har svar p\u00e5 vanlige sp\u00f8rsm\u00e5l om tyngdetepper for barn.","og_url":"https:\/\/sovmer.se\/no\/sovn-for-barn\/","og_site_name":"sovmer.se","article_publisher":"https:\/\/www.facebook.com\/sovmer","article_modified_time":"2024-07-28T15:10:56+00:00","twitter_card":"summary_large_image","twitter_misc":{"Ansl. lesetid":"7 minutter"},"schema":{"@context":"https:\/\/schema.org","@graph":[{"@type":"WebPage","@id":"https:\/\/sovmer.se\/no\/sovn-for-barn\/","url":"https:\/\/sovmer.se\/no\/sovn-for-barn\/","name":"S\u00f8vn for barn - sovmer.se","isPartOf":{"@id":"https:\/\/sovmer.se\/no\/#website"},"datePublished":"2023-12-14T12:04:25+00:00","dateModified":"2024-07-28T15:10:56+00:00","description":"S\u00f8vn spiller en avgj\u00f8rende rolle for barns generelle helse og utvikling. Vi har svar p\u00e5 vanlige sp\u00f8rsm\u00e5l om tyngdetepper for barn.","breadcrumb":{"@id":"https:\/\/sovmer.se\/no\/sovn-for-barn\/#breadcrumb"},"inLanguage":"nb-NO","potentialAction":[{"@type":"ReadAction","target":["https:\/\/sovmer.se\/no\/sovn-for-barn\/"]}]},{"@type":"BreadcrumbList","@id":"https:\/\/sovmer.se\/no\/sovn-for-barn\/#breadcrumb","itemListElement":[{"@type":"ListItem","position":1,"name":"Home","item":"https:\/\/sovmer.se\/no\/start-kopier-2\/"},{"@type":"ListItem","position":2,"name":"S\u00f8vn for barn"}]},{"@type":"WebSite","@id":"https:\/\/sovmer.se\/no\/#website","url":"https:\/\/sovmer.se\/no\/","name":"sovmer.se","description":"Sov mer s\u00e5 att du kan leva mer","publisher":{"@id":"https:\/\/sovmer.se\/no\/#organization"},"potentialAction":[{"@type":"SearchAction","target":{"@type":"EntryPoint","urlTemplate":"https:\/\/sovmer.se\/no\/?s={search_term_string}"},"query-input":{"@type":"PropertyValueSpecification","valueRequired":true,"valueName":"search_term_string"}}],"inLanguage":"nb-NO"},{"@type":"Organization","@id":"https:\/\/sovmer.se\/no\/#organization","name":"sovmer","url":"https:\/\/sovmer.se\/no\/","logo":{"@type":"ImageObject","inLanguage":"nb-NO","@id":"https:\/\/sovmer.se\/no\/#\/schema\/logo\/image\/","url":"https:\/\/sovmer.se\/wp-content\/uploads\/2023\/10\/Sovmer-logo.png","contentUrl":"https:\/\/sovmer.se\/wp-content\/uploads\/2023\/10\/Sovmer-logo.png","width":582,"height":290,"caption":"sovmer"},"image":{"@id":"https:\/\/sovmer.se\/no\/#\/schema\/logo\/image\/"},"sameAs":["https:\/\/www.facebook.com\/sovmer","https:\/\/www.instagram.com\/sovmer.se"]}]}},"jetpack_sharing_enabled":true,"_links":{"self":[{"href":"https:\/\/sovmer.se\/no\/wp-json\/wp\/v2\/pages\/2407","targetHints":{"allow":["GET"]}}],"collection":[{"href":"https:\/\/sovmer.se\/no\/wp-json\/wp\/v2\/pages"}],"about":[{"href":"https:\/\/sovmer.se\/no\/wp-json\/wp\/v2\/types\/page"}],"author":[{"embeddable":true,"href":"https:\/\/sovmer.se\/no\/wp-json\/wp\/v2\/users\/4"}],"replies":[{"embeddable":true,"href":"https:\/\/sovmer.se\/no\/wp-json\/wp\/v2\/comments?post=2407"}],"version-history":[{"count":0,"href":"https:\/\/sovmer.se\/no\/wp-json\/wp\/v2\/pages\/2407\/revisions"}],"wp:attachment":[{"href":"https:\/\/sovmer.se\/no\/wp-json\/wp\/v2\/media?parent=2407"}],"curies":[{"name":"wp","href":"https:\/\/api.w.org\/{rel}","templated":true}]}}