{"id":2410,"date":"2023-12-07T12:12:20","date_gmt":"2023-12-07T11:12:20","guid":{"rendered":"https:\/\/sovmer.se\/forhandlere\/"},"modified":"2024-07-28T17:42:22","modified_gmt":"2024-07-28T15:42:22","slug":"forhandlere","status":"publish","type":"page","link":"https:\/\/sovmer.se\/no\/forhandlere\/","title":{"rendered":"Forhandlere"},"content":{"rendered":"<div id=\"cs-content\" class=\"cs-content\"><\/div>\n","protected":false},"excerpt":{"rendered":"<p>\u00d8nsker du \u00e5 bli forhandler?Bli en s\u00f8vnhelseentrepren\u00f8r! Sovmer er p\u00e5 utkikk etter nettverksforhandlere for s\u00f8vnrelaterte produkter og tjenester. Vi ser etter lidenskapelige gr\u00fcndere som \u00f8nsker \u00e5 ha en positiv innvirkning p\u00e5 folkehelsen samtidig som de skaper en l\u00f8nnsom virksomhet. Hvem er Sovmer i Sverige AB? Sovmer i Sverige AB er en pioner innen s\u00f8vnrelatert helse og velv\u00e6re. Vi har som &#8230;<\/p>\n","protected":false},"author":2,"featured_media":0,"parent":0,"menu_order":0,"comment_status":"closed","ping_status":"closed","template":"template-blank-5.php","meta":{"inline_featured_image":false,"footnotes":""},"class_list":["post-2410","page","type-page","status-publish","hentry","no-post-thumbnail"],"yoast_head":"<!-- This site is optimized with the Yoast SEO Premium plugin v24.3 (Yoast SEO v26.5) - https:\/\/yoast.com\/wordpress\/plugins\/seo\/ -->\n<title>Bli forhandler av s\u00f8vnhelse - sovmer.se<\/title>\n<meta name=\"robots\" content=\"index, follow, max-snippet:-1, max-image-preview:large, max-video-preview:-1\" \/>\n<link rel=\"canonical\" href=\"https:\/\/sovmer.se\/no\/forhandlere\/\" \/>\n<meta property=\"og:locale\" content=\"nb_NO\" \/>\n<meta property=\"og:type\" content=\"article\" \/>\n<meta property=\"og:title\" content=\"Forhandlere\" \/>\n<meta property=\"og:description\" content=\"\u00d8nsker du \u00e5 bli forhandler?Bli en s\u00f8vnhelseentrepren\u00f8r! Sovmer er p\u00e5 utkikk etter nettverksforhandlere for s\u00f8vnrelaterte produkter og tjenester. Vi ser etter lidenskapelige gr\u00fcndere som \u00f8nsker \u00e5 ha en positiv innvirkning p\u00e5 folkehelsen samtidig som de skaper en l\u00f8nnsom virksomhet. Hvem er Sovmer i Sverige AB? Sovmer i Sverige AB er en pioner innen s\u00f8vnrelatert helse og velv\u00e6re. Vi har som ...\" \/>\n<meta property=\"og:url\" content=\"https:\/\/sovmer.se\/no\/forhandlere\/\" \/>\n<meta property=\"og:site_name\" content=\"sovmer.se\" \/>\n<meta property=\"article:publisher\" content=\"https:\/\/www.facebook.com\/sovmer\" \/>\n<meta property=\"article:modified_time\" content=\"2024-07-28T15:42:22+00:00\" \/>\n<meta name=\"twitter:card\" content=\"summary_large_image\" \/>\n<meta name=\"twitter:label1\" content=\"Ansl. lesetid\" \/>\n\t<meta name=\"twitter:data1\" content=\"4 minutter\" \/>\n<script type=\"application\/ld+json\" class=\"yoast-schema-graph\">{\"@context\":\"https:\/\/schema.org\",\"@graph\":[{\"@type\":\"WebPage\",\"@id\":\"https:\/\/sovmer.se\/no\/forhandlere\/\",\"url\":\"https:\/\/sovmer.se\/no\/forhandlere\/\",\"name\":\"Bli forhandler av s\u00f8vnhelse - sovmer.se\",\"isPartOf\":{\"@id\":\"https:\/\/sovmer.se\/no\/#website\"},\"datePublished\":\"2023-12-07T11:12:20+00:00\",\"dateModified\":\"2024-07-28T15:42:22+00:00\",\"breadcrumb\":{\"@id\":\"https:\/\/sovmer.se\/no\/forhandlere\/#breadcrumb\"},\"inLanguage\":\"nb-NO\",\"potentialAction\":[{\"@type\":\"ReadAction\",\"target\":[\"https:\/\/sovmer.se\/no\/forhandlere\/\"]}]},{\"@type\":\"BreadcrumbList\",\"@id\":\"https:\/\/sovmer.se\/no\/forhandlere\/#breadcrumb\",\"itemListElement\":[{\"@type\":\"ListItem\",\"position\":1,\"name\":\"Home\",\"item\":\"https:\/\/sovmer.se\/no\/start-kopier-2\/\"},{\"@type\":\"ListItem\",\"position\":2,\"name\":\"Forhandlere\"}]},{\"@type\":\"WebSite\",\"@id\":\"https:\/\/sovmer.se\/no\/#website\",\"url\":\"https:\/\/sovmer.se\/no\/\",\"name\":\"sovmer.se\",\"description\":\"Sov mer s\u00e5 att du kan leva mer\",\"publisher\":{\"@id\":\"https:\/\/sovmer.se\/no\/#organization\"},\"potentialAction\":[{\"@type\":\"SearchAction\",\"target\":{\"@type\":\"EntryPoint\",\"urlTemplate\":\"https:\/\/sovmer.se\/no\/?s={search_term_string}\"},\"query-input\":{\"@type\":\"PropertyValueSpecification\",\"valueRequired\":true,\"valueName\":\"search_term_string\"}}],\"inLanguage\":\"nb-NO\"},{\"@type\":\"Organization\",\"@id\":\"https:\/\/sovmer.se\/no\/#organization\",\"name\":\"sovmer\",\"url\":\"https:\/\/sovmer.se\/no\/\",\"logo\":{\"@type\":\"ImageObject\",\"inLanguage\":\"nb-NO\",\"@id\":\"https:\/\/sovmer.se\/no\/#\/schema\/logo\/image\/\",\"url\":\"https:\/\/sovmer.se\/wp-content\/uploads\/2023\/10\/Sovmer-logo.png\",\"contentUrl\":\"https:\/\/sovmer.se\/wp-content\/uploads\/2023\/10\/Sovmer-logo.png\",\"width\":582,\"height\":290,\"caption\":\"sovmer\"},\"image\":{\"@id\":\"https:\/\/sovmer.se\/no\/#\/schema\/logo\/image\/\"},\"sameAs\":[\"https:\/\/www.facebook.com\/sovmer\",\"https:\/\/www.instagram.com\/sovmer.se\"]}]}<\/script>\n<!-- \/ Yoast SEO Premium plugin. -->","yoast_head_json":{"title":"Bli forhandler av s\u00f8vnhelse - sovmer.se","robots":{"index":"index","follow":"follow","max-snippet":"max-snippet:-1","max-image-preview":"max-image-preview:large","max-video-preview":"max-video-preview:-1"},"canonical":"https:\/\/sovmer.se\/no\/forhandlere\/","og_locale":"nb_NO","og_type":"article","og_title":"Forhandlere","og_description":"\u00d8nsker du \u00e5 bli forhandler?Bli en s\u00f8vnhelseentrepren\u00f8r! Sovmer er p\u00e5 utkikk etter nettverksforhandlere for s\u00f8vnrelaterte produkter og tjenester. Vi ser etter lidenskapelige gr\u00fcndere som \u00f8nsker \u00e5 ha en positiv innvirkning p\u00e5 folkehelsen samtidig som de skaper en l\u00f8nnsom virksomhet. Hvem er Sovmer i Sverige AB? Sovmer i Sverige AB er en pioner innen s\u00f8vnrelatert helse og velv\u00e6re. Vi har som ...","og_url":"https:\/\/sovmer.se\/no\/forhandlere\/","og_site_name":"sovmer.se","article_publisher":"https:\/\/www.facebook.com\/sovmer","article_modified_time":"2024-07-28T15:42:22+00:00","twitter_card":"summary_large_image","twitter_misc":{"Ansl. lesetid":"4 minutter"},"schema":{"@context":"https:\/\/schema.org","@graph":[{"@type":"WebPage","@id":"https:\/\/sovmer.se\/no\/forhandlere\/","url":"https:\/\/sovmer.se\/no\/forhandlere\/","name":"Bli forhandler av s\u00f8vnhelse - sovmer.se","isPartOf":{"@id":"https:\/\/sovmer.se\/no\/#website"},"datePublished":"2023-12-07T11:12:20+00:00","dateModified":"2024-07-28T15:42:22+00:00","breadcrumb":{"@id":"https:\/\/sovmer.se\/no\/forhandlere\/#breadcrumb"},"inLanguage":"nb-NO","potentialAction":[{"@type":"ReadAction","target":["https:\/\/sovmer.se\/no\/forhandlere\/"]}]},{"@type":"BreadcrumbList","@id":"https:\/\/sovmer.se\/no\/forhandlere\/#breadcrumb","itemListElement":[{"@type":"ListItem","position":1,"name":"Home","item":"https:\/\/sovmer.se\/no\/start-kopier-2\/"},{"@type":"ListItem","position":2,"name":"Forhandlere"}]},{"@type":"WebSite","@id":"https:\/\/sovmer.se\/no\/#website","url":"https:\/\/sovmer.se\/no\/","name":"sovmer.se","description":"Sov mer s\u00e5 att du kan leva mer","publisher":{"@id":"https:\/\/sovmer.se\/no\/#organization"},"potentialAction":[{"@type":"SearchAction","target":{"@type":"EntryPoint","urlTemplate":"https:\/\/sovmer.se\/no\/?s={search_term_string}"},"query-input":{"@type":"PropertyValueSpecification","valueRequired":true,"valueName":"search_term_string"}}],"inLanguage":"nb-NO"},{"@type":"Organization","@id":"https:\/\/sovmer.se\/no\/#organization","name":"sovmer","url":"https:\/\/sovmer.se\/no\/","logo":{"@type":"ImageObject","inLanguage":"nb-NO","@id":"https:\/\/sovmer.se\/no\/#\/schema\/logo\/image\/","url":"https:\/\/sovmer.se\/wp-content\/uploads\/2023\/10\/Sovmer-logo.png","contentUrl":"https:\/\/sovmer.se\/wp-content\/uploads\/2023\/10\/Sovmer-logo.png","width":582,"height":290,"caption":"sovmer"},"image":{"@id":"https:\/\/sovmer.se\/no\/#\/schema\/logo\/image\/"},"sameAs":["https:\/\/www.facebook.com\/sovmer","https:\/\/www.instagram.com\/sovmer.se"]}]}},"jetpack_sharing_enabled":true,"_links":{"self":[{"href":"https:\/\/sovmer.se\/no\/wp-json\/wp\/v2\/pages\/2410","targetHints":{"allow":["GET"]}}],"collection":[{"href":"https:\/\/sovmer.se\/no\/wp-json\/wp\/v2\/pages"}],"about":[{"href":"https:\/\/sovmer.se\/no\/wp-json\/wp\/v2\/types\/page"}],"author":[{"embeddable":true,"href":"https:\/\/sovmer.se\/no\/wp-json\/wp\/v2\/users\/2"}],"replies":[{"embeddable":true,"href":"https:\/\/sovmer.se\/no\/wp-json\/wp\/v2\/comments?post=2410"}],"version-history":[{"count":0,"href":"https:\/\/sovmer.se\/no\/wp-json\/wp\/v2\/pages\/2410\/revisions"}],"wp:attachment":[{"href":"https:\/\/sovmer.se\/no\/wp-json\/wp\/v2\/media?parent=2410"}],"curies":[{"name":"wp","href":"https:\/\/api.w.org\/{rel}","templated":true}]}}