{"id":2417,"date":"2023-12-01T15:15:35","date_gmt":"2023-12-01T14:15:35","guid":{"rendered":"https:\/\/sovmer.se\/kontakt-oss\/"},"modified":"2024-09-09T15:41:18","modified_gmt":"2024-09-09T13:41:18","slug":"kontakt-oss","status":"publish","type":"page","link":"https:\/\/sovmer.se\/no\/kontakt-oss\/","title":{"rendered":"Kontakt oss"},"content":{"rendered":"<div id=\"cs-content\" class=\"cs-content\"><\/div>\n","protected":false},"excerpt":{"rendered":"<p>KontaktinformasjonPost- og leveringsadresse:G\u00e4rdev\u00e4gen 11856 50 SUNDSVALL, Sverigeinfo@sovmer.seTelefon: +46(0)60-606 15 45 (9-15, man-tirs)010-10 99 250Webchat \u00e5pen hverdager Kl. 10.00-15.00Kontakt ossDu er hjertelig velkommen til \u00e5 kontakte oss med sp\u00f8rsm\u00e5l eller kommentarer. Du kan enkelt bruke chat-funksjonen v\u00e5r eller sjekke FAQ-delen for svar p\u00e5 ofte stilte sp\u00f8rsm\u00e5l:Sp\u00f8rsm\u00e5l om v\u00e5r ergonomiske pute Sp\u00f8rsm\u00e5l om tyngdeteppet v\u00e5rt Sp\u00f8rsm\u00e5l om v\u00e5re justerbare senger Vilk\u00e5r og &#8230;<\/p>\n","protected":false},"author":2,"featured_media":0,"parent":0,"menu_order":0,"comment_status":"closed","ping_status":"closed","template":"template-blank-5.php","meta":{"inline_featured_image":false,"footnotes":""},"class_list":["post-2417","page","type-page","status-publish","hentry","no-post-thumbnail"],"yoast_head":"<!-- This site is optimized with the Yoast SEO Premium plugin v24.3 (Yoast SEO v26.5) - https:\/\/yoast.com\/wordpress\/plugins\/seo\/ -->\n<title>Kontakt oss for alle sp\u00f8rsm\u00e5l om s\u00f8vnhelse - sovmer.se<\/title>\n<meta name=\"description\" content=\"Du er velkommen til \u00e5 kontakte oss i alle sp\u00f8rsm\u00e5l. Enten det er produktproblemer eller s\u00f8vnrelaterte problemer.\" \/>\n<meta name=\"robots\" content=\"index, follow, max-snippet:-1, max-image-preview:large, max-video-preview:-1\" \/>\n<link rel=\"canonical\" href=\"https:\/\/sovmer.se\/no\/kontakt-oss\/\" \/>\n<meta property=\"og:locale\" content=\"nb_NO\" \/>\n<meta property=\"og:type\" content=\"article\" \/>\n<meta property=\"og:title\" content=\"Kontakt oss\" \/>\n<meta property=\"og:description\" content=\"Du er velkommen til \u00e5 kontakte oss i alle sp\u00f8rsm\u00e5l. Enten det er produktproblemer eller s\u00f8vnrelaterte problemer.\" \/>\n<meta property=\"og:url\" content=\"https:\/\/sovmer.se\/no\/kontakt-oss\/\" \/>\n<meta property=\"og:site_name\" content=\"sovmer.se\" \/>\n<meta property=\"article:publisher\" content=\"https:\/\/www.facebook.com\/sovmer\" \/>\n<meta property=\"article:modified_time\" content=\"2024-09-09T13:41:18+00:00\" \/>\n<meta name=\"twitter:card\" content=\"summary_large_image\" \/>\n<meta name=\"twitter:label1\" content=\"Ansl. lesetid\" \/>\n\t<meta name=\"twitter:data1\" content=\"1 minutt\" \/>\n<script type=\"application\/ld+json\" class=\"yoast-schema-graph\">{\"@context\":\"https:\/\/schema.org\",\"@graph\":[{\"@type\":\"WebPage\",\"@id\":\"https:\/\/sovmer.se\/no\/kontakt-oss\/\",\"url\":\"https:\/\/sovmer.se\/no\/kontakt-oss\/\",\"name\":\"Kontakt oss for alle sp\u00f8rsm\u00e5l om s\u00f8vnhelse - sovmer.se\",\"isPartOf\":{\"@id\":\"https:\/\/sovmer.se\/no\/#website\"},\"datePublished\":\"2023-12-01T14:15:35+00:00\",\"dateModified\":\"2024-09-09T13:41:18+00:00\",\"description\":\"Du er velkommen til \u00e5 kontakte oss i alle sp\u00f8rsm\u00e5l. Enten det er produktproblemer eller s\u00f8vnrelaterte problemer.\",\"breadcrumb\":{\"@id\":\"https:\/\/sovmer.se\/no\/kontakt-oss\/#breadcrumb\"},\"inLanguage\":\"nb-NO\",\"potentialAction\":[{\"@type\":\"ReadAction\",\"target\":[\"https:\/\/sovmer.se\/no\/kontakt-oss\/\"]}]},{\"@type\":\"BreadcrumbList\",\"@id\":\"https:\/\/sovmer.se\/no\/kontakt-oss\/#breadcrumb\",\"itemListElement\":[{\"@type\":\"ListItem\",\"position\":1,\"name\":\"Home\",\"item\":\"https:\/\/sovmer.se\/no\/start-kopier-2\/\"},{\"@type\":\"ListItem\",\"position\":2,\"name\":\"Kontakt oss\"}]},{\"@type\":\"WebSite\",\"@id\":\"https:\/\/sovmer.se\/no\/#website\",\"url\":\"https:\/\/sovmer.se\/no\/\",\"name\":\"sovmer.se\",\"description\":\"Sov mer s\u00e5 att du kan leva mer\",\"publisher\":{\"@id\":\"https:\/\/sovmer.se\/no\/#organization\"},\"potentialAction\":[{\"@type\":\"SearchAction\",\"target\":{\"@type\":\"EntryPoint\",\"urlTemplate\":\"https:\/\/sovmer.se\/no\/?s={search_term_string}\"},\"query-input\":{\"@type\":\"PropertyValueSpecification\",\"valueRequired\":true,\"valueName\":\"search_term_string\"}}],\"inLanguage\":\"nb-NO\"},{\"@type\":\"Organization\",\"@id\":\"https:\/\/sovmer.se\/no\/#organization\",\"name\":\"sovmer\",\"url\":\"https:\/\/sovmer.se\/no\/\",\"logo\":{\"@type\":\"ImageObject\",\"inLanguage\":\"nb-NO\",\"@id\":\"https:\/\/sovmer.se\/no\/#\/schema\/logo\/image\/\",\"url\":\"https:\/\/sovmer.se\/wp-content\/uploads\/2023\/10\/Sovmer-logo.png\",\"contentUrl\":\"https:\/\/sovmer.se\/wp-content\/uploads\/2023\/10\/Sovmer-logo.png\",\"width\":582,\"height\":290,\"caption\":\"sovmer\"},\"image\":{\"@id\":\"https:\/\/sovmer.se\/no\/#\/schema\/logo\/image\/\"},\"sameAs\":[\"https:\/\/www.facebook.com\/sovmer\",\"https:\/\/www.instagram.com\/sovmer.se\"]}]}<\/script>\n<!-- \/ Yoast SEO Premium plugin. -->","yoast_head_json":{"title":"Kontakt oss for alle sp\u00f8rsm\u00e5l om s\u00f8vnhelse - sovmer.se","description":"Du er velkommen til \u00e5 kontakte oss i alle sp\u00f8rsm\u00e5l. Enten det er produktproblemer eller s\u00f8vnrelaterte problemer.","robots":{"index":"index","follow":"follow","max-snippet":"max-snippet:-1","max-image-preview":"max-image-preview:large","max-video-preview":"max-video-preview:-1"},"canonical":"https:\/\/sovmer.se\/no\/kontakt-oss\/","og_locale":"nb_NO","og_type":"article","og_title":"Kontakt oss","og_description":"Du er velkommen til \u00e5 kontakte oss i alle sp\u00f8rsm\u00e5l. Enten det er produktproblemer eller s\u00f8vnrelaterte problemer.","og_url":"https:\/\/sovmer.se\/no\/kontakt-oss\/","og_site_name":"sovmer.se","article_publisher":"https:\/\/www.facebook.com\/sovmer","article_modified_time":"2024-09-09T13:41:18+00:00","twitter_card":"summary_large_image","twitter_misc":{"Ansl. lesetid":"1 minutt"},"schema":{"@context":"https:\/\/schema.org","@graph":[{"@type":"WebPage","@id":"https:\/\/sovmer.se\/no\/kontakt-oss\/","url":"https:\/\/sovmer.se\/no\/kontakt-oss\/","name":"Kontakt oss for alle sp\u00f8rsm\u00e5l om s\u00f8vnhelse - sovmer.se","isPartOf":{"@id":"https:\/\/sovmer.se\/no\/#website"},"datePublished":"2023-12-01T14:15:35+00:00","dateModified":"2024-09-09T13:41:18+00:00","description":"Du er velkommen til \u00e5 kontakte oss i alle sp\u00f8rsm\u00e5l. Enten det er produktproblemer eller s\u00f8vnrelaterte problemer.","breadcrumb":{"@id":"https:\/\/sovmer.se\/no\/kontakt-oss\/#breadcrumb"},"inLanguage":"nb-NO","potentialAction":[{"@type":"ReadAction","target":["https:\/\/sovmer.se\/no\/kontakt-oss\/"]}]},{"@type":"BreadcrumbList","@id":"https:\/\/sovmer.se\/no\/kontakt-oss\/#breadcrumb","itemListElement":[{"@type":"ListItem","position":1,"name":"Home","item":"https:\/\/sovmer.se\/no\/start-kopier-2\/"},{"@type":"ListItem","position":2,"name":"Kontakt oss"}]},{"@type":"WebSite","@id":"https:\/\/sovmer.se\/no\/#website","url":"https:\/\/sovmer.se\/no\/","name":"sovmer.se","description":"Sov mer s\u00e5 att du kan leva mer","publisher":{"@id":"https:\/\/sovmer.se\/no\/#organization"},"potentialAction":[{"@type":"SearchAction","target":{"@type":"EntryPoint","urlTemplate":"https:\/\/sovmer.se\/no\/?s={search_term_string}"},"query-input":{"@type":"PropertyValueSpecification","valueRequired":true,"valueName":"search_term_string"}}],"inLanguage":"nb-NO"},{"@type":"Organization","@id":"https:\/\/sovmer.se\/no\/#organization","name":"sovmer","url":"https:\/\/sovmer.se\/no\/","logo":{"@type":"ImageObject","inLanguage":"nb-NO","@id":"https:\/\/sovmer.se\/no\/#\/schema\/logo\/image\/","url":"https:\/\/sovmer.se\/wp-content\/uploads\/2023\/10\/Sovmer-logo.png","contentUrl":"https:\/\/sovmer.se\/wp-content\/uploads\/2023\/10\/Sovmer-logo.png","width":582,"height":290,"caption":"sovmer"},"image":{"@id":"https:\/\/sovmer.se\/no\/#\/schema\/logo\/image\/"},"sameAs":["https:\/\/www.facebook.com\/sovmer","https:\/\/www.instagram.com\/sovmer.se"]}]}},"jetpack_sharing_enabled":true,"_links":{"self":[{"href":"https:\/\/sovmer.se\/no\/wp-json\/wp\/v2\/pages\/2417","targetHints":{"allow":["GET"]}}],"collection":[{"href":"https:\/\/sovmer.se\/no\/wp-json\/wp\/v2\/pages"}],"about":[{"href":"https:\/\/sovmer.se\/no\/wp-json\/wp\/v2\/types\/page"}],"author":[{"embeddable":true,"href":"https:\/\/sovmer.se\/no\/wp-json\/wp\/v2\/users\/2"}],"replies":[{"embeddable":true,"href":"https:\/\/sovmer.se\/no\/wp-json\/wp\/v2\/comments?post=2417"}],"version-history":[{"count":3,"href":"https:\/\/sovmer.se\/no\/wp-json\/wp\/v2\/pages\/2417\/revisions"}],"predecessor-version":[{"id":3364,"href":"https:\/\/sovmer.se\/no\/wp-json\/wp\/v2\/pages\/2417\/revisions\/3364"}],"wp:attachment":[{"href":"https:\/\/sovmer.se\/no\/wp-json\/wp\/v2\/media?parent=2417"}],"curies":[{"name":"wp","href":"https:\/\/api.w.org\/{rel}","templated":true}]}}