{"id":2423,"date":"2023-11-17T13:53:38","date_gmt":"2023-11-17T12:53:38","guid":{"rendered":"https:\/\/sovmer.se\/eksperter\/"},"modified":"2026-02-04T12:35:36","modified_gmt":"2026-02-04T11:35:36","slug":"eksperter","status":"publish","type":"page","link":"https:\/\/sovmer.se\/no\/eksperter\/","title":{"rendered":"Eksperter"},"content":{"rendered":"<div id=\"cs-content\" class=\"cs-content\"><\/div>\n","protected":false},"excerpt":{"rendered":"<p>V\u00e5re eksperterV\u00e5re eksperter har inng\u00e5ende kunnskap og erfaring innen s\u00f8vnhelse og n\u00e6rt beslektede omr\u00e5der. Deres vurderinger og meninger gir oss innsikt som kanskje ikke er \u00e5penbar for andre, og de kan identifisere potensielle problemer eller forbedringsomr\u00e5der som andre kanskje ikke f\u00e5r \u00f8ye p\u00e5. De er derfor sv\u00e6rt verdifulle som en del av produktvalideringsprosessen v\u00e5r, og bidrar til \u00e5 sikre kvaliteten, &#8230;<\/p>\n","protected":false},"author":2,"featured_media":0,"parent":0,"menu_order":0,"comment_status":"closed","ping_status":"closed","template":"template-blank-5.php","meta":{"inline_featured_image":false,"footnotes":""},"class_list":["post-2423","page","type-page","status-publish","hentry","no-post-thumbnail"],"yoast_head":"<!-- This site is optimized with the Yoast SEO Premium plugin v24.3 (Yoast SEO v26.5) - https:\/\/yoast.com\/wordpress\/plugins\/seo\/ -->\n<title>Ekspertpanelet: Alt du b\u00f8r vite om s\u00f8vn fra anerkjente eksperter<\/title>\n<meta name=\"description\" content=\"Ekspertpanelet for s\u00f8vnhelse og relaterte omr\u00e5der identifiserer problemer og forbedringsomr\u00e5der for bedre s\u00f8vn og livskvalitet.\" \/>\n<meta name=\"robots\" content=\"index, follow, max-snippet:-1, max-image-preview:large, max-video-preview:-1\" \/>\n<link rel=\"canonical\" href=\"https:\/\/sovmer.se\/no\/eksperter\/\" \/>\n<meta property=\"og:locale\" content=\"nb_NO\" \/>\n<meta property=\"og:type\" content=\"article\" \/>\n<meta property=\"og:title\" content=\"Eksperter\" \/>\n<meta property=\"og:description\" content=\"Ekspertpanelet for s\u00f8vnhelse og relaterte omr\u00e5der identifiserer problemer og forbedringsomr\u00e5der for bedre s\u00f8vn og livskvalitet.\" \/>\n<meta property=\"og:url\" content=\"https:\/\/sovmer.se\/no\/eksperter\/\" \/>\n<meta property=\"og:site_name\" content=\"sovmer.se\" \/>\n<meta property=\"article:publisher\" content=\"https:\/\/www.facebook.com\/sovmer\" \/>\n<meta property=\"article:modified_time\" content=\"2026-02-04T11:35:36+00:00\" \/>\n<meta name=\"twitter:card\" content=\"summary_large_image\" \/>\n<meta name=\"twitter:label1\" content=\"Ansl. lesetid\" \/>\n\t<meta name=\"twitter:data1\" content=\"3 minutter\" \/>\n<script type=\"application\/ld+json\" class=\"yoast-schema-graph\">{\"@context\":\"https:\/\/schema.org\",\"@graph\":[{\"@type\":\"WebPage\",\"@id\":\"https:\/\/sovmer.se\/no\/eksperter\/\",\"url\":\"https:\/\/sovmer.se\/no\/eksperter\/\",\"name\":\"Ekspertpanelet: Alt du b\u00f8r vite om s\u00f8vn fra anerkjente eksperter\",\"isPartOf\":{\"@id\":\"https:\/\/sovmer.se\/no\/#website\"},\"datePublished\":\"2023-11-17T12:53:38+00:00\",\"dateModified\":\"2026-02-04T11:35:36+00:00\",\"description\":\"Ekspertpanelet for s\u00f8vnhelse og relaterte omr\u00e5der identifiserer problemer og forbedringsomr\u00e5der for bedre s\u00f8vn og livskvalitet.\",\"breadcrumb\":{\"@id\":\"https:\/\/sovmer.se\/no\/eksperter\/#breadcrumb\"},\"inLanguage\":\"nb-NO\",\"potentialAction\":[{\"@type\":\"ReadAction\",\"target\":[\"https:\/\/sovmer.se\/no\/eksperter\/\"]}]},{\"@type\":\"BreadcrumbList\",\"@id\":\"https:\/\/sovmer.se\/no\/eksperter\/#breadcrumb\",\"itemListElement\":[{\"@type\":\"ListItem\",\"position\":1,\"name\":\"Home\",\"item\":\"https:\/\/sovmer.se\/no\/start-kopier-2\/\"},{\"@type\":\"ListItem\",\"position\":2,\"name\":\"Eksperter\"}]},{\"@type\":\"WebSite\",\"@id\":\"https:\/\/sovmer.se\/no\/#website\",\"url\":\"https:\/\/sovmer.se\/no\/\",\"name\":\"sovmer.se\",\"description\":\"Sov mer s\u00e5 att du kan leva mer\",\"publisher\":{\"@id\":\"https:\/\/sovmer.se\/no\/#organization\"},\"potentialAction\":[{\"@type\":\"SearchAction\",\"target\":{\"@type\":\"EntryPoint\",\"urlTemplate\":\"https:\/\/sovmer.se\/no\/?s={search_term_string}\"},\"query-input\":{\"@type\":\"PropertyValueSpecification\",\"valueRequired\":true,\"valueName\":\"search_term_string\"}}],\"inLanguage\":\"nb-NO\"},{\"@type\":\"Organization\",\"@id\":\"https:\/\/sovmer.se\/no\/#organization\",\"name\":\"sovmer\",\"url\":\"https:\/\/sovmer.se\/no\/\",\"logo\":{\"@type\":\"ImageObject\",\"inLanguage\":\"nb-NO\",\"@id\":\"https:\/\/sovmer.se\/no\/#\/schema\/logo\/image\/\",\"url\":\"https:\/\/sovmer.se\/wp-content\/uploads\/2023\/10\/Sovmer-logo.png\",\"contentUrl\":\"https:\/\/sovmer.se\/wp-content\/uploads\/2023\/10\/Sovmer-logo.png\",\"width\":582,\"height\":290,\"caption\":\"sovmer\"},\"image\":{\"@id\":\"https:\/\/sovmer.se\/no\/#\/schema\/logo\/image\/\"},\"sameAs\":[\"https:\/\/www.facebook.com\/sovmer\",\"https:\/\/www.instagram.com\/sovmer.se\"]}]}<\/script>\n<!-- \/ Yoast SEO Premium plugin. -->","yoast_head_json":{"title":"Ekspertpanelet: Alt du b\u00f8r vite om s\u00f8vn fra anerkjente eksperter","description":"Ekspertpanelet for s\u00f8vnhelse og relaterte omr\u00e5der identifiserer problemer og forbedringsomr\u00e5der for bedre s\u00f8vn og livskvalitet.","robots":{"index":"index","follow":"follow","max-snippet":"max-snippet:-1","max-image-preview":"max-image-preview:large","max-video-preview":"max-video-preview:-1"},"canonical":"https:\/\/sovmer.se\/no\/eksperter\/","og_locale":"nb_NO","og_type":"article","og_title":"Eksperter","og_description":"Ekspertpanelet for s\u00f8vnhelse og relaterte omr\u00e5der identifiserer problemer og forbedringsomr\u00e5der for bedre s\u00f8vn og livskvalitet.","og_url":"https:\/\/sovmer.se\/no\/eksperter\/","og_site_name":"sovmer.se","article_publisher":"https:\/\/www.facebook.com\/sovmer","article_modified_time":"2026-02-04T11:35:36+00:00","twitter_card":"summary_large_image","twitter_misc":{"Ansl. lesetid":"3 minutter"},"schema":{"@context":"https:\/\/schema.org","@graph":[{"@type":"WebPage","@id":"https:\/\/sovmer.se\/no\/eksperter\/","url":"https:\/\/sovmer.se\/no\/eksperter\/","name":"Ekspertpanelet: Alt du b\u00f8r vite om s\u00f8vn fra anerkjente eksperter","isPartOf":{"@id":"https:\/\/sovmer.se\/no\/#website"},"datePublished":"2023-11-17T12:53:38+00:00","dateModified":"2026-02-04T11:35:36+00:00","description":"Ekspertpanelet for s\u00f8vnhelse og relaterte omr\u00e5der identifiserer problemer og forbedringsomr\u00e5der for bedre s\u00f8vn og livskvalitet.","breadcrumb":{"@id":"https:\/\/sovmer.se\/no\/eksperter\/#breadcrumb"},"inLanguage":"nb-NO","potentialAction":[{"@type":"ReadAction","target":["https:\/\/sovmer.se\/no\/eksperter\/"]}]},{"@type":"BreadcrumbList","@id":"https:\/\/sovmer.se\/no\/eksperter\/#breadcrumb","itemListElement":[{"@type":"ListItem","position":1,"name":"Home","item":"https:\/\/sovmer.se\/no\/start-kopier-2\/"},{"@type":"ListItem","position":2,"name":"Eksperter"}]},{"@type":"WebSite","@id":"https:\/\/sovmer.se\/no\/#website","url":"https:\/\/sovmer.se\/no\/","name":"sovmer.se","description":"Sov mer s\u00e5 att du kan leva mer","publisher":{"@id":"https:\/\/sovmer.se\/no\/#organization"},"potentialAction":[{"@type":"SearchAction","target":{"@type":"EntryPoint","urlTemplate":"https:\/\/sovmer.se\/no\/?s={search_term_string}"},"query-input":{"@type":"PropertyValueSpecification","valueRequired":true,"valueName":"search_term_string"}}],"inLanguage":"nb-NO"},{"@type":"Organization","@id":"https:\/\/sovmer.se\/no\/#organization","name":"sovmer","url":"https:\/\/sovmer.se\/no\/","logo":{"@type":"ImageObject","inLanguage":"nb-NO","@id":"https:\/\/sovmer.se\/no\/#\/schema\/logo\/image\/","url":"https:\/\/sovmer.se\/wp-content\/uploads\/2023\/10\/Sovmer-logo.png","contentUrl":"https:\/\/sovmer.se\/wp-content\/uploads\/2023\/10\/Sovmer-logo.png","width":582,"height":290,"caption":"sovmer"},"image":{"@id":"https:\/\/sovmer.se\/no\/#\/schema\/logo\/image\/"},"sameAs":["https:\/\/www.facebook.com\/sovmer","https:\/\/www.instagram.com\/sovmer.se"]}]}},"jetpack_sharing_enabled":true,"_links":{"self":[{"href":"https:\/\/sovmer.se\/no\/wp-json\/wp\/v2\/pages\/2423","targetHints":{"allow":["GET"]}}],"collection":[{"href":"https:\/\/sovmer.se\/no\/wp-json\/wp\/v2\/pages"}],"about":[{"href":"https:\/\/sovmer.se\/no\/wp-json\/wp\/v2\/types\/page"}],"author":[{"embeddable":true,"href":"https:\/\/sovmer.se\/no\/wp-json\/wp\/v2\/users\/2"}],"replies":[{"embeddable":true,"href":"https:\/\/sovmer.se\/no\/wp-json\/wp\/v2\/comments?post=2423"}],"version-history":[{"count":2,"href":"https:\/\/sovmer.se\/no\/wp-json\/wp\/v2\/pages\/2423\/revisions"}],"predecessor-version":[{"id":5887,"href":"https:\/\/sovmer.se\/no\/wp-json\/wp\/v2\/pages\/2423\/revisions\/5887"}],"wp:attachment":[{"href":"https:\/\/sovmer.se\/no\/wp-json\/wp\/v2\/media?parent=2423"}],"curies":[{"name":"wp","href":"https:\/\/api.w.org\/{rel}","templated":true}]}}