{"id":2434,"date":"2023-11-15T16:38:19","date_gmt":"2023-11-15T15:38:19","guid":{"rendered":"https:\/\/sovmer.se\/pilotstudier\/"},"modified":"2024-07-28T17:02:53","modified_gmt":"2024-07-28T15:02:53","slug":"pilotstudier","status":"publish","type":"page","link":"https:\/\/sovmer.se\/no\/pilotstudier\/","title":{"rendered":"Pilotstudier"},"content":{"rendered":"<div id=\"cs-content\" class=\"cs-content\"><\/div>\n","protected":false},"excerpt":{"rendered":"<p>PilotstudierFra og med h\u00f8sten 2023 s\u00f8ker vi etter et antall testpersoner som er villige til \u00e5 delta i studier og teste Sovmer-produkter. Som deltaker vil du bli bedt om \u00e5 evaluere produktene ved hjelp av vurderingsskalaer og svare anonymt p\u00e5 en rekke sp\u00f8rsm\u00e5l.&nbsp;HVORFOR PILOTSTUDIER?&nbsp;| DESIGN | EVALUERING | RETNINGSLINJERHvorfor pilotstudier?Det er flere grunner til at vi n\u00e5 velger \u00e5 sette &#8230;<\/p>\n","protected":false},"author":2,"featured_media":0,"parent":0,"menu_order":0,"comment_status":"closed","ping_status":"closed","template":"template-blank-5.php","meta":{"inline_featured_image":false,"footnotes":""},"class_list":["post-2434","page","type-page","status-publish","hentry","no-post-thumbnail"],"yoast_head":"<!-- This site is optimized with the Yoast SEO Premium plugin v24.3 (Yoast SEO v26.5) - https:\/\/yoast.com\/wordpress\/plugins\/seo\/ -->\n<title>Pilotstudier innen s\u00f8vnhelse: Guide til de beste produktene - sovmer.se<\/title>\n<meta name=\"robots\" content=\"index, follow, max-snippet:-1, max-image-preview:large, max-video-preview:-1\" \/>\n<link rel=\"canonical\" href=\"https:\/\/sovmer.se\/no\/pilotstudier\/\" \/>\n<meta property=\"og:locale\" content=\"nb_NO\" \/>\n<meta property=\"og:type\" content=\"article\" \/>\n<meta property=\"og:title\" content=\"Pilotstudier\" \/>\n<meta property=\"og:description\" content=\"PilotstudierFra og med h\u00f8sten 2023 s\u00f8ker vi etter et antall testpersoner som er villige til \u00e5 delta i studier og teste Sovmer-produkter. Som deltaker vil du bli bedt om \u00e5 evaluere produktene ved hjelp av vurderingsskalaer og svare anonymt p\u00e5 en rekke sp\u00f8rsm\u00e5l.&nbsp;HVORFOR PILOTSTUDIER?&nbsp;| DESIGN | EVALUERING | RETNINGSLINJERHvorfor pilotstudier?Det er flere grunner til at vi n\u00e5 velger \u00e5 sette ...\" \/>\n<meta property=\"og:url\" content=\"https:\/\/sovmer.se\/no\/pilotstudier\/\" \/>\n<meta property=\"og:site_name\" content=\"sovmer.se\" \/>\n<meta property=\"article:publisher\" content=\"https:\/\/www.facebook.com\/sovmer\" \/>\n<meta property=\"article:modified_time\" content=\"2024-07-28T15:02:53+00:00\" \/>\n<meta name=\"twitter:card\" content=\"summary_large_image\" \/>\n<meta name=\"twitter:label1\" content=\"Ansl. lesetid\" \/>\n\t<meta name=\"twitter:data1\" content=\"8 minutter\" \/>\n<script type=\"application\/ld+json\" class=\"yoast-schema-graph\">{\"@context\":\"https:\/\/schema.org\",\"@graph\":[{\"@type\":\"WebPage\",\"@id\":\"https:\/\/sovmer.se\/no\/pilotstudier\/\",\"url\":\"https:\/\/sovmer.se\/no\/pilotstudier\/\",\"name\":\"Pilotstudier innen s\u00f8vnhelse: Guide til de beste produktene - sovmer.se\",\"isPartOf\":{\"@id\":\"https:\/\/sovmer.se\/no\/#website\"},\"datePublished\":\"2023-11-15T15:38:19+00:00\",\"dateModified\":\"2024-07-28T15:02:53+00:00\",\"breadcrumb\":{\"@id\":\"https:\/\/sovmer.se\/no\/pilotstudier\/#breadcrumb\"},\"inLanguage\":\"nb-NO\",\"potentialAction\":[{\"@type\":\"ReadAction\",\"target\":[\"https:\/\/sovmer.se\/no\/pilotstudier\/\"]}]},{\"@type\":\"BreadcrumbList\",\"@id\":\"https:\/\/sovmer.se\/no\/pilotstudier\/#breadcrumb\",\"itemListElement\":[{\"@type\":\"ListItem\",\"position\":1,\"name\":\"Home\",\"item\":\"https:\/\/sovmer.se\/no\/start-kopier-2\/\"},{\"@type\":\"ListItem\",\"position\":2,\"name\":\"Pilotstudier\"}]},{\"@type\":\"WebSite\",\"@id\":\"https:\/\/sovmer.se\/no\/#website\",\"url\":\"https:\/\/sovmer.se\/no\/\",\"name\":\"sovmer.se\",\"description\":\"Sov mer s\u00e5 att du kan leva mer\",\"publisher\":{\"@id\":\"https:\/\/sovmer.se\/no\/#organization\"},\"potentialAction\":[{\"@type\":\"SearchAction\",\"target\":{\"@type\":\"EntryPoint\",\"urlTemplate\":\"https:\/\/sovmer.se\/no\/?s={search_term_string}\"},\"query-input\":{\"@type\":\"PropertyValueSpecification\",\"valueRequired\":true,\"valueName\":\"search_term_string\"}}],\"inLanguage\":\"nb-NO\"},{\"@type\":\"Organization\",\"@id\":\"https:\/\/sovmer.se\/no\/#organization\",\"name\":\"sovmer\",\"url\":\"https:\/\/sovmer.se\/no\/\",\"logo\":{\"@type\":\"ImageObject\",\"inLanguage\":\"nb-NO\",\"@id\":\"https:\/\/sovmer.se\/no\/#\/schema\/logo\/image\/\",\"url\":\"https:\/\/sovmer.se\/wp-content\/uploads\/2023\/10\/Sovmer-logo.png\",\"contentUrl\":\"https:\/\/sovmer.se\/wp-content\/uploads\/2023\/10\/Sovmer-logo.png\",\"width\":582,\"height\":290,\"caption\":\"sovmer\"},\"image\":{\"@id\":\"https:\/\/sovmer.se\/no\/#\/schema\/logo\/image\/\"},\"sameAs\":[\"https:\/\/www.facebook.com\/sovmer\",\"https:\/\/www.instagram.com\/sovmer.se\"]}]}<\/script>\n<!-- \/ Yoast SEO Premium plugin. -->","yoast_head_json":{"title":"Pilotstudier innen s\u00f8vnhelse: Guide til de beste produktene - sovmer.se","robots":{"index":"index","follow":"follow","max-snippet":"max-snippet:-1","max-image-preview":"max-image-preview:large","max-video-preview":"max-video-preview:-1"},"canonical":"https:\/\/sovmer.se\/no\/pilotstudier\/","og_locale":"nb_NO","og_type":"article","og_title":"Pilotstudier","og_description":"PilotstudierFra og med h\u00f8sten 2023 s\u00f8ker vi etter et antall testpersoner som er villige til \u00e5 delta i studier og teste Sovmer-produkter. Som deltaker vil du bli bedt om \u00e5 evaluere produktene ved hjelp av vurderingsskalaer og svare anonymt p\u00e5 en rekke sp\u00f8rsm\u00e5l.&nbsp;HVORFOR PILOTSTUDIER?&nbsp;| DESIGN | EVALUERING | RETNINGSLINJERHvorfor pilotstudier?Det er flere grunner til at vi n\u00e5 velger \u00e5 sette ...","og_url":"https:\/\/sovmer.se\/no\/pilotstudier\/","og_site_name":"sovmer.se","article_publisher":"https:\/\/www.facebook.com\/sovmer","article_modified_time":"2024-07-28T15:02:53+00:00","twitter_card":"summary_large_image","twitter_misc":{"Ansl. lesetid":"8 minutter"},"schema":{"@context":"https:\/\/schema.org","@graph":[{"@type":"WebPage","@id":"https:\/\/sovmer.se\/no\/pilotstudier\/","url":"https:\/\/sovmer.se\/no\/pilotstudier\/","name":"Pilotstudier innen s\u00f8vnhelse: Guide til de beste produktene - sovmer.se","isPartOf":{"@id":"https:\/\/sovmer.se\/no\/#website"},"datePublished":"2023-11-15T15:38:19+00:00","dateModified":"2024-07-28T15:02:53+00:00","breadcrumb":{"@id":"https:\/\/sovmer.se\/no\/pilotstudier\/#breadcrumb"},"inLanguage":"nb-NO","potentialAction":[{"@type":"ReadAction","target":["https:\/\/sovmer.se\/no\/pilotstudier\/"]}]},{"@type":"BreadcrumbList","@id":"https:\/\/sovmer.se\/no\/pilotstudier\/#breadcrumb","itemListElement":[{"@type":"ListItem","position":1,"name":"Home","item":"https:\/\/sovmer.se\/no\/start-kopier-2\/"},{"@type":"ListItem","position":2,"name":"Pilotstudier"}]},{"@type":"WebSite","@id":"https:\/\/sovmer.se\/no\/#website","url":"https:\/\/sovmer.se\/no\/","name":"sovmer.se","description":"Sov mer s\u00e5 att du kan leva mer","publisher":{"@id":"https:\/\/sovmer.se\/no\/#organization"},"potentialAction":[{"@type":"SearchAction","target":{"@type":"EntryPoint","urlTemplate":"https:\/\/sovmer.se\/no\/?s={search_term_string}"},"query-input":{"@type":"PropertyValueSpecification","valueRequired":true,"valueName":"search_term_string"}}],"inLanguage":"nb-NO"},{"@type":"Organization","@id":"https:\/\/sovmer.se\/no\/#organization","name":"sovmer","url":"https:\/\/sovmer.se\/no\/","logo":{"@type":"ImageObject","inLanguage":"nb-NO","@id":"https:\/\/sovmer.se\/no\/#\/schema\/logo\/image\/","url":"https:\/\/sovmer.se\/wp-content\/uploads\/2023\/10\/Sovmer-logo.png","contentUrl":"https:\/\/sovmer.se\/wp-content\/uploads\/2023\/10\/Sovmer-logo.png","width":582,"height":290,"caption":"sovmer"},"image":{"@id":"https:\/\/sovmer.se\/no\/#\/schema\/logo\/image\/"},"sameAs":["https:\/\/www.facebook.com\/sovmer","https:\/\/www.instagram.com\/sovmer.se"]}]}},"jetpack_sharing_enabled":true,"_links":{"self":[{"href":"https:\/\/sovmer.se\/no\/wp-json\/wp\/v2\/pages\/2434","targetHints":{"allow":["GET"]}}],"collection":[{"href":"https:\/\/sovmer.se\/no\/wp-json\/wp\/v2\/pages"}],"about":[{"href":"https:\/\/sovmer.se\/no\/wp-json\/wp\/v2\/types\/page"}],"author":[{"embeddable":true,"href":"https:\/\/sovmer.se\/no\/wp-json\/wp\/v2\/users\/2"}],"replies":[{"embeddable":true,"href":"https:\/\/sovmer.se\/no\/wp-json\/wp\/v2\/comments?post=2434"}],"version-history":[{"count":0,"href":"https:\/\/sovmer.se\/no\/wp-json\/wp\/v2\/pages\/2434\/revisions"}],"wp:attachment":[{"href":"https:\/\/sovmer.se\/no\/wp-json\/wp\/v2\/media?parent=2434"}],"curies":[{"name":"wp","href":"https:\/\/api.w.org\/{rel}","templated":true}]}}