{"id":2437,"date":"2023-11-15T20:49:51","date_gmt":"2023-11-15T19:49:51","guid":{"rendered":"https:\/\/sovmer.se\/talalaykudden\/"},"modified":"2024-07-28T17:26:44","modified_gmt":"2024-07-28T15:26:44","slug":"talalaykudden","status":"publish","type":"page","link":"https:\/\/sovmer.se\/no\/talalaykudden\/","title":{"rendered":"Talalaykudden"},"content":{"rendered":"<div id=\"cs-content\" class=\"cs-content\"><\/div>\n","protected":false},"excerpt":{"rendered":"<p>Sovmer&copy; STR&Ouml;MSUNDErgonomisk puteSovmers ergonomiske pute er laget av pustende naturlateks av h\u00f8y kvalitet og er perforert med over 1500 sm\u00e5 hull i s\u00e5kalt Talalay-teknologi. Denne produksjonsmetoden gir overlegen trykkavlastning og en mer avslappet stilling for nakke, skuldre og hode.Fordeler med Talalay-putenHoldbarhet: Talalay-puter er kjent for sin holdbarhet og kan opprettholde sin form og st\u00f8tte over lengre tid sammenlignet med mange &#8230;<\/p>\n","protected":false},"author":2,"featured_media":0,"parent":0,"menu_order":0,"comment_status":"closed","ping_status":"closed","template":"template-blank-5.php","meta":{"inline_featured_image":false,"footnotes":""},"class_list":["post-2437","page","type-page","status-publish","hentry","no-post-thumbnail"],"yoast_head":"<!-- This site is optimized with the Yoast SEO Premium plugin v24.3 (Yoast SEO v26.5) - https:\/\/yoast.com\/wordpress\/plugins\/seo\/ -->\n<title>Ergonomisk pute for optimal s\u00f8vnkomfort - sovmer.se<\/title>\n<meta name=\"description\" content=\"F\u00e5 bedre s\u00f8vn med en ergonomisk pute fra Sovmer\u00a9 Str\u00f6msund. Oppdag den overlegne trykkavlastningen og avslappende posisjonen til Talalay-teknikken for nakke, skuldre og hode.\" \/>\n<meta name=\"robots\" content=\"index, follow, max-snippet:-1, max-image-preview:large, max-video-preview:-1\" \/>\n<link rel=\"canonical\" href=\"https:\/\/sovmer.se\/no\/talalaykudden\/\" \/>\n<meta property=\"og:locale\" content=\"nb_NO\" \/>\n<meta property=\"og:type\" content=\"article\" \/>\n<meta property=\"og:title\" content=\"Talalaykudden\" \/>\n<meta property=\"og:description\" content=\"F\u00e5 bedre s\u00f8vn med en ergonomisk pute fra Sovmer\u00a9 Str\u00f6msund. Oppdag den overlegne trykkavlastningen og avslappende posisjonen til Talalay-teknikken for nakke, skuldre og hode.\" \/>\n<meta property=\"og:url\" content=\"https:\/\/sovmer.se\/no\/talalaykudden\/\" \/>\n<meta property=\"og:site_name\" content=\"sovmer.se\" \/>\n<meta property=\"article:publisher\" content=\"https:\/\/www.facebook.com\/sovmer\" \/>\n<meta property=\"article:modified_time\" content=\"2024-07-28T15:26:44+00:00\" \/>\n<meta name=\"twitter:card\" content=\"summary_large_image\" \/>\n<meta name=\"twitter:label1\" content=\"Ansl. lesetid\" \/>\n\t<meta name=\"twitter:data1\" content=\"4 minutter\" \/>\n<script type=\"application\/ld+json\" class=\"yoast-schema-graph\">{\"@context\":\"https:\/\/schema.org\",\"@graph\":[{\"@type\":\"WebPage\",\"@id\":\"https:\/\/sovmer.se\/no\/talalaykudden\/\",\"url\":\"https:\/\/sovmer.se\/no\/talalaykudden\/\",\"name\":\"Ergonomisk pute for optimal s\u00f8vnkomfort - sovmer.se\",\"isPartOf\":{\"@id\":\"https:\/\/sovmer.se\/no\/#website\"},\"datePublished\":\"2023-11-15T19:49:51+00:00\",\"dateModified\":\"2024-07-28T15:26:44+00:00\",\"description\":\"F\u00e5 bedre s\u00f8vn med en ergonomisk pute fra Sovmer\u00a9 Str\u00f6msund. Oppdag den overlegne trykkavlastningen og avslappende posisjonen til Talalay-teknikken for nakke, skuldre og hode.\",\"breadcrumb\":{\"@id\":\"https:\/\/sovmer.se\/no\/talalaykudden\/#breadcrumb\"},\"inLanguage\":\"nb-NO\",\"potentialAction\":[{\"@type\":\"ReadAction\",\"target\":[\"https:\/\/sovmer.se\/no\/talalaykudden\/\"]}]},{\"@type\":\"BreadcrumbList\",\"@id\":\"https:\/\/sovmer.se\/no\/talalaykudden\/#breadcrumb\",\"itemListElement\":[{\"@type\":\"ListItem\",\"position\":1,\"name\":\"Home\",\"item\":\"https:\/\/sovmer.se\/no\/start-kopier-2\/\"},{\"@type\":\"ListItem\",\"position\":2,\"name\":\"Talalaykudden\"}]},{\"@type\":\"WebSite\",\"@id\":\"https:\/\/sovmer.se\/no\/#website\",\"url\":\"https:\/\/sovmer.se\/no\/\",\"name\":\"sovmer.se\",\"description\":\"Sov mer s\u00e5 att du kan leva mer\",\"publisher\":{\"@id\":\"https:\/\/sovmer.se\/no\/#organization\"},\"potentialAction\":[{\"@type\":\"SearchAction\",\"target\":{\"@type\":\"EntryPoint\",\"urlTemplate\":\"https:\/\/sovmer.se\/no\/?s={search_term_string}\"},\"query-input\":{\"@type\":\"PropertyValueSpecification\",\"valueRequired\":true,\"valueName\":\"search_term_string\"}}],\"inLanguage\":\"nb-NO\"},{\"@type\":\"Organization\",\"@id\":\"https:\/\/sovmer.se\/no\/#organization\",\"name\":\"sovmer\",\"url\":\"https:\/\/sovmer.se\/no\/\",\"logo\":{\"@type\":\"ImageObject\",\"inLanguage\":\"nb-NO\",\"@id\":\"https:\/\/sovmer.se\/no\/#\/schema\/logo\/image\/\",\"url\":\"https:\/\/sovmer.se\/wp-content\/uploads\/2023\/10\/Sovmer-logo.png\",\"contentUrl\":\"https:\/\/sovmer.se\/wp-content\/uploads\/2023\/10\/Sovmer-logo.png\",\"width\":582,\"height\":290,\"caption\":\"sovmer\"},\"image\":{\"@id\":\"https:\/\/sovmer.se\/no\/#\/schema\/logo\/image\/\"},\"sameAs\":[\"https:\/\/www.facebook.com\/sovmer\",\"https:\/\/www.instagram.com\/sovmer.se\"]}]}<\/script>\n<!-- \/ Yoast SEO Premium plugin. -->","yoast_head_json":{"title":"Ergonomisk pute for optimal s\u00f8vnkomfort - sovmer.se","description":"F\u00e5 bedre s\u00f8vn med en ergonomisk pute fra Sovmer\u00a9 Str\u00f6msund. Oppdag den overlegne trykkavlastningen og avslappende posisjonen til Talalay-teknikken for nakke, skuldre og hode.","robots":{"index":"index","follow":"follow","max-snippet":"max-snippet:-1","max-image-preview":"max-image-preview:large","max-video-preview":"max-video-preview:-1"},"canonical":"https:\/\/sovmer.se\/no\/talalaykudden\/","og_locale":"nb_NO","og_type":"article","og_title":"Talalaykudden","og_description":"F\u00e5 bedre s\u00f8vn med en ergonomisk pute fra Sovmer\u00a9 Str\u00f6msund. Oppdag den overlegne trykkavlastningen og avslappende posisjonen til Talalay-teknikken for nakke, skuldre og hode.","og_url":"https:\/\/sovmer.se\/no\/talalaykudden\/","og_site_name":"sovmer.se","article_publisher":"https:\/\/www.facebook.com\/sovmer","article_modified_time":"2024-07-28T15:26:44+00:00","twitter_card":"summary_large_image","twitter_misc":{"Ansl. lesetid":"4 minutter"},"schema":{"@context":"https:\/\/schema.org","@graph":[{"@type":"WebPage","@id":"https:\/\/sovmer.se\/no\/talalaykudden\/","url":"https:\/\/sovmer.se\/no\/talalaykudden\/","name":"Ergonomisk pute for optimal s\u00f8vnkomfort - sovmer.se","isPartOf":{"@id":"https:\/\/sovmer.se\/no\/#website"},"datePublished":"2023-11-15T19:49:51+00:00","dateModified":"2024-07-28T15:26:44+00:00","description":"F\u00e5 bedre s\u00f8vn med en ergonomisk pute fra Sovmer\u00a9 Str\u00f6msund. Oppdag den overlegne trykkavlastningen og avslappende posisjonen til Talalay-teknikken for nakke, skuldre og hode.","breadcrumb":{"@id":"https:\/\/sovmer.se\/no\/talalaykudden\/#breadcrumb"},"inLanguage":"nb-NO","potentialAction":[{"@type":"ReadAction","target":["https:\/\/sovmer.se\/no\/talalaykudden\/"]}]},{"@type":"BreadcrumbList","@id":"https:\/\/sovmer.se\/no\/talalaykudden\/#breadcrumb","itemListElement":[{"@type":"ListItem","position":1,"name":"Home","item":"https:\/\/sovmer.se\/no\/start-kopier-2\/"},{"@type":"ListItem","position":2,"name":"Talalaykudden"}]},{"@type":"WebSite","@id":"https:\/\/sovmer.se\/no\/#website","url":"https:\/\/sovmer.se\/no\/","name":"sovmer.se","description":"Sov mer s\u00e5 att du kan leva mer","publisher":{"@id":"https:\/\/sovmer.se\/no\/#organization"},"potentialAction":[{"@type":"SearchAction","target":{"@type":"EntryPoint","urlTemplate":"https:\/\/sovmer.se\/no\/?s={search_term_string}"},"query-input":{"@type":"PropertyValueSpecification","valueRequired":true,"valueName":"search_term_string"}}],"inLanguage":"nb-NO"},{"@type":"Organization","@id":"https:\/\/sovmer.se\/no\/#organization","name":"sovmer","url":"https:\/\/sovmer.se\/no\/","logo":{"@type":"ImageObject","inLanguage":"nb-NO","@id":"https:\/\/sovmer.se\/no\/#\/schema\/logo\/image\/","url":"https:\/\/sovmer.se\/wp-content\/uploads\/2023\/10\/Sovmer-logo.png","contentUrl":"https:\/\/sovmer.se\/wp-content\/uploads\/2023\/10\/Sovmer-logo.png","width":582,"height":290,"caption":"sovmer"},"image":{"@id":"https:\/\/sovmer.se\/no\/#\/schema\/logo\/image\/"},"sameAs":["https:\/\/www.facebook.com\/sovmer","https:\/\/www.instagram.com\/sovmer.se"]}]}},"jetpack_sharing_enabled":true,"_links":{"self":[{"href":"https:\/\/sovmer.se\/no\/wp-json\/wp\/v2\/pages\/2437","targetHints":{"allow":["GET"]}}],"collection":[{"href":"https:\/\/sovmer.se\/no\/wp-json\/wp\/v2\/pages"}],"about":[{"href":"https:\/\/sovmer.se\/no\/wp-json\/wp\/v2\/types\/page"}],"author":[{"embeddable":true,"href":"https:\/\/sovmer.se\/no\/wp-json\/wp\/v2\/users\/2"}],"replies":[{"embeddable":true,"href":"https:\/\/sovmer.se\/no\/wp-json\/wp\/v2\/comments?post=2437"}],"version-history":[{"count":0,"href":"https:\/\/sovmer.se\/no\/wp-json\/wp\/v2\/pages\/2437\/revisions"}],"wp:attachment":[{"href":"https:\/\/sovmer.se\/no\/wp-json\/wp\/v2\/media?parent=2437"}],"curies":[{"name":"wp","href":"https:\/\/api.w.org\/{rel}","templated":true}]}}