{"id":2443,"date":"2023-11-15T14:22:11","date_gmt":"2023-11-15T13:22:11","guid":{"rendered":"https:\/\/sovmer.se\/sovnhelse\/"},"modified":"2026-02-04T11:41:03","modified_gmt":"2026-02-04T10:41:03","slug":"sovnhelse","status":"publish","type":"page","link":"https:\/\/sovmer.se\/no\/sovnhelse\/","title":{"rendered":"S\u00f8vnhelse"},"content":{"rendered":"<div id=\"cs-content\" class=\"cs-content\"><\/div>\n","protected":false},"excerpt":{"rendered":"<p>S\u00f8vnhelseS\u00f8vnhelse er et relativt nytt begrep innen s\u00f8vn, og det er viktig \u00e5 forst\u00e5 for \u00e5 kunne optimalisere s\u00f8vnen. S\u00f8vnhelse handler om hvor godt du sover, og hvordan dette p\u00e5virker din fysiske, mentale og emosjonelle helse. God s\u00f8vnhelse betyr \u00e5 f\u00e5 nok s\u00f8vn, ha god s\u00f8vnkvalitet og ha et s\u00f8vnm\u00f8nster som er tilpasset dine behov. Det er viktig \u00e5 ha, &#8230;<\/p>\n","protected":false},"author":2,"featured_media":0,"parent":0,"menu_order":0,"comment_status":"closed","ping_status":"closed","template":"template-blank-5.php","meta":{"inline_featured_image":false,"footnotes":""},"class_list":["post-2443","page","type-page","status-publish","hentry","no-post-thumbnail"],"yoast_head":"<!-- This site is optimized with the Yoast SEO Premium plugin v24.3 (Yoast SEO v26.5) - https:\/\/yoast.com\/wordpress\/plugins\/seo\/ -->\n<title>S\u00f8vn og helse: L\u00e6r hvordan du kan forbedre s\u00f8vnen din for god helse - sovmer.se<\/title>\n<meta name=\"description\" content=\"Optimaliser s\u00f8vnen din for \u00e5 forbedre helsen og velv\u00e6ret ditt. L\u00e6r mer om viktigheten av s\u00f8vn og hvordan du kan opprettholde en god s\u00f8vnhelse.\" \/>\n<meta name=\"robots\" content=\"index, follow, max-snippet:-1, max-image-preview:large, max-video-preview:-1\" \/>\n<link rel=\"canonical\" href=\"https:\/\/sovmer.se\/no\/sovnhelse\/\" \/>\n<meta property=\"og:locale\" content=\"nb_NO\" \/>\n<meta property=\"og:type\" content=\"article\" \/>\n<meta property=\"og:title\" content=\"S\u00f8vnhelse\" \/>\n<meta property=\"og:description\" content=\"Optimaliser s\u00f8vnen din for \u00e5 forbedre helsen og velv\u00e6ret ditt. L\u00e6r mer om viktigheten av s\u00f8vn og hvordan du kan opprettholde en god s\u00f8vnhelse.\" \/>\n<meta property=\"og:url\" content=\"https:\/\/sovmer.se\/no\/sovnhelse\/\" \/>\n<meta property=\"og:site_name\" content=\"sovmer.se\" \/>\n<meta property=\"article:publisher\" content=\"https:\/\/www.facebook.com\/sovmer\" \/>\n<meta property=\"article:modified_time\" content=\"2026-02-04T10:41:03+00:00\" \/>\n<meta name=\"twitter:card\" content=\"summary_large_image\" \/>\n<meta name=\"twitter:label1\" content=\"Ansl. lesetid\" \/>\n\t<meta name=\"twitter:data1\" content=\"11 minutter\" \/>\n<script type=\"application\/ld+json\" class=\"yoast-schema-graph\">{\"@context\":\"https:\/\/schema.org\",\"@graph\":[{\"@type\":\"WebPage\",\"@id\":\"https:\/\/sovmer.se\/no\/sovnhelse\/\",\"url\":\"https:\/\/sovmer.se\/no\/sovnhelse\/\",\"name\":\"S\u00f8vn og helse: L\u00e6r hvordan du kan forbedre s\u00f8vnen din for god helse - sovmer.se\",\"isPartOf\":{\"@id\":\"https:\/\/sovmer.se\/no\/#website\"},\"datePublished\":\"2023-11-15T13:22:11+00:00\",\"dateModified\":\"2026-02-04T10:41:03+00:00\",\"description\":\"Optimaliser s\u00f8vnen din for \u00e5 forbedre helsen og velv\u00e6ret ditt. L\u00e6r mer om viktigheten av s\u00f8vn og hvordan du kan opprettholde en god s\u00f8vnhelse.\",\"breadcrumb\":{\"@id\":\"https:\/\/sovmer.se\/no\/sovnhelse\/#breadcrumb\"},\"inLanguage\":\"nb-NO\",\"potentialAction\":[{\"@type\":\"ReadAction\",\"target\":[\"https:\/\/sovmer.se\/no\/sovnhelse\/\"]}]},{\"@type\":\"BreadcrumbList\",\"@id\":\"https:\/\/sovmer.se\/no\/sovnhelse\/#breadcrumb\",\"itemListElement\":[{\"@type\":\"ListItem\",\"position\":1,\"name\":\"Home\",\"item\":\"https:\/\/sovmer.se\/no\/start-kopier-2\/\"},{\"@type\":\"ListItem\",\"position\":2,\"name\":\"S\u00f8vnhelse\"}]},{\"@type\":\"WebSite\",\"@id\":\"https:\/\/sovmer.se\/no\/#website\",\"url\":\"https:\/\/sovmer.se\/no\/\",\"name\":\"sovmer.se\",\"description\":\"Sov mer s\u00e5 att du kan leva mer\",\"publisher\":{\"@id\":\"https:\/\/sovmer.se\/no\/#organization\"},\"potentialAction\":[{\"@type\":\"SearchAction\",\"target\":{\"@type\":\"EntryPoint\",\"urlTemplate\":\"https:\/\/sovmer.se\/no\/?s={search_term_string}\"},\"query-input\":{\"@type\":\"PropertyValueSpecification\",\"valueRequired\":true,\"valueName\":\"search_term_string\"}}],\"inLanguage\":\"nb-NO\"},{\"@type\":\"Organization\",\"@id\":\"https:\/\/sovmer.se\/no\/#organization\",\"name\":\"sovmer\",\"url\":\"https:\/\/sovmer.se\/no\/\",\"logo\":{\"@type\":\"ImageObject\",\"inLanguage\":\"nb-NO\",\"@id\":\"https:\/\/sovmer.se\/no\/#\/schema\/logo\/image\/\",\"url\":\"https:\/\/sovmer.se\/wp-content\/uploads\/2023\/10\/Sovmer-logo.png\",\"contentUrl\":\"https:\/\/sovmer.se\/wp-content\/uploads\/2023\/10\/Sovmer-logo.png\",\"width\":582,\"height\":290,\"caption\":\"sovmer\"},\"image\":{\"@id\":\"https:\/\/sovmer.se\/no\/#\/schema\/logo\/image\/\"},\"sameAs\":[\"https:\/\/www.facebook.com\/sovmer\",\"https:\/\/www.instagram.com\/sovmer.se\"]}]}<\/script>\n<!-- \/ Yoast SEO Premium plugin. -->","yoast_head_json":{"title":"S\u00f8vn og helse: L\u00e6r hvordan du kan forbedre s\u00f8vnen din for god helse - sovmer.se","description":"Optimaliser s\u00f8vnen din for \u00e5 forbedre helsen og velv\u00e6ret ditt. L\u00e6r mer om viktigheten av s\u00f8vn og hvordan du kan opprettholde en god s\u00f8vnhelse.","robots":{"index":"index","follow":"follow","max-snippet":"max-snippet:-1","max-image-preview":"max-image-preview:large","max-video-preview":"max-video-preview:-1"},"canonical":"https:\/\/sovmer.se\/no\/sovnhelse\/","og_locale":"nb_NO","og_type":"article","og_title":"S\u00f8vnhelse","og_description":"Optimaliser s\u00f8vnen din for \u00e5 forbedre helsen og velv\u00e6ret ditt. L\u00e6r mer om viktigheten av s\u00f8vn og hvordan du kan opprettholde en god s\u00f8vnhelse.","og_url":"https:\/\/sovmer.se\/no\/sovnhelse\/","og_site_name":"sovmer.se","article_publisher":"https:\/\/www.facebook.com\/sovmer","article_modified_time":"2026-02-04T10:41:03+00:00","twitter_card":"summary_large_image","twitter_misc":{"Ansl. lesetid":"11 minutter"},"schema":{"@context":"https:\/\/schema.org","@graph":[{"@type":"WebPage","@id":"https:\/\/sovmer.se\/no\/sovnhelse\/","url":"https:\/\/sovmer.se\/no\/sovnhelse\/","name":"S\u00f8vn og helse: L\u00e6r hvordan du kan forbedre s\u00f8vnen din for god helse - sovmer.se","isPartOf":{"@id":"https:\/\/sovmer.se\/no\/#website"},"datePublished":"2023-11-15T13:22:11+00:00","dateModified":"2026-02-04T10:41:03+00:00","description":"Optimaliser s\u00f8vnen din for \u00e5 forbedre helsen og velv\u00e6ret ditt. L\u00e6r mer om viktigheten av s\u00f8vn og hvordan du kan opprettholde en god s\u00f8vnhelse.","breadcrumb":{"@id":"https:\/\/sovmer.se\/no\/sovnhelse\/#breadcrumb"},"inLanguage":"nb-NO","potentialAction":[{"@type":"ReadAction","target":["https:\/\/sovmer.se\/no\/sovnhelse\/"]}]},{"@type":"BreadcrumbList","@id":"https:\/\/sovmer.se\/no\/sovnhelse\/#breadcrumb","itemListElement":[{"@type":"ListItem","position":1,"name":"Home","item":"https:\/\/sovmer.se\/no\/start-kopier-2\/"},{"@type":"ListItem","position":2,"name":"S\u00f8vnhelse"}]},{"@type":"WebSite","@id":"https:\/\/sovmer.se\/no\/#website","url":"https:\/\/sovmer.se\/no\/","name":"sovmer.se","description":"Sov mer s\u00e5 att du kan leva mer","publisher":{"@id":"https:\/\/sovmer.se\/no\/#organization"},"potentialAction":[{"@type":"SearchAction","target":{"@type":"EntryPoint","urlTemplate":"https:\/\/sovmer.se\/no\/?s={search_term_string}"},"query-input":{"@type":"PropertyValueSpecification","valueRequired":true,"valueName":"search_term_string"}}],"inLanguage":"nb-NO"},{"@type":"Organization","@id":"https:\/\/sovmer.se\/no\/#organization","name":"sovmer","url":"https:\/\/sovmer.se\/no\/","logo":{"@type":"ImageObject","inLanguage":"nb-NO","@id":"https:\/\/sovmer.se\/no\/#\/schema\/logo\/image\/","url":"https:\/\/sovmer.se\/wp-content\/uploads\/2023\/10\/Sovmer-logo.png","contentUrl":"https:\/\/sovmer.se\/wp-content\/uploads\/2023\/10\/Sovmer-logo.png","width":582,"height":290,"caption":"sovmer"},"image":{"@id":"https:\/\/sovmer.se\/no\/#\/schema\/logo\/image\/"},"sameAs":["https:\/\/www.facebook.com\/sovmer","https:\/\/www.instagram.com\/sovmer.se"]}]}},"jetpack_sharing_enabled":true,"_links":{"self":[{"href":"https:\/\/sovmer.se\/no\/wp-json\/wp\/v2\/pages\/2443","targetHints":{"allow":["GET"]}}],"collection":[{"href":"https:\/\/sovmer.se\/no\/wp-json\/wp\/v2\/pages"}],"about":[{"href":"https:\/\/sovmer.se\/no\/wp-json\/wp\/v2\/types\/page"}],"author":[{"embeddable":true,"href":"https:\/\/sovmer.se\/no\/wp-json\/wp\/v2\/users\/2"}],"replies":[{"embeddable":true,"href":"https:\/\/sovmer.se\/no\/wp-json\/wp\/v2\/comments?post=2443"}],"version-history":[{"count":7,"href":"https:\/\/sovmer.se\/no\/wp-json\/wp\/v2\/pages\/2443\/revisions"}],"predecessor-version":[{"id":5878,"href":"https:\/\/sovmer.se\/no\/wp-json\/wp\/v2\/pages\/2443\/revisions\/5878"}],"wp:attachment":[{"href":"https:\/\/sovmer.se\/no\/wp-json\/wp\/v2\/media?parent=2443"}],"curies":[{"name":"wp","href":"https:\/\/api.w.org\/{rel}","templated":true}]}}