{"id":2445,"date":"2023-11-15T18:27:15","date_gmt":"2023-11-15T17:27:15","guid":{"rendered":"https:\/\/sovmer.se\/tyngdekraftens-teppe\/"},"modified":"2024-10-24T14:44:16","modified_gmt":"2024-10-24T12:44:16","slug":"tyngdekraftens-teppe","status":"publish","type":"page","link":"https:\/\/sovmer.se\/no\/tyngdekraftens-teppe\/","title":{"rendered":"Tyngdekraftens teppe"},"content":{"rendered":"<div id=\"cs-content\" class=\"cs-content\"><\/div>\n","protected":false},"excerpt":{"rendered":"<p>Sovmer\u00a9 WilhelminaTeppe med tung vektMed v\u00e5rt Wilhelmina tyngdeteppe av h\u00f8y kvalitet f\u00e5r du en god natts s\u00f8vn med en terapeutisk opplevelse som hjelper deg med \u00e5 slappe av. Det dype trykket fra tyngdeteppet gir en behagelig omsluttende f\u00f8lelse og inngir ro, noe som fremmer avslapping og reduserer angstniv\u00e5et. &nbsp;HVORFOR ET TYNGDETEPPE? &nbsp;&nbsp;&nbsp;&nbsp; | FORDELER | \u00c5 VELGE VEKTHvorfor et tyngdeteppe?Et &#8230;<\/p>\n","protected":false},"author":2,"featured_media":0,"parent":0,"menu_order":0,"comment_status":"closed","ping_status":"closed","template":"template-blank-5.php","meta":{"inline_featured_image":false,"footnotes":""},"class_list":["post-2445","page","type-page","status-publish","hentry","no-post-thumbnail"],"yoast_head":"<!-- This site is optimized with the Yoast SEO Premium plugin v24.3 (Yoast SEO v26.5) - https:\/\/yoast.com\/wordpress\/plugins\/seo\/ -->\n<title>Fordelene med tyngdetepper for \u00e5 redusere angst og fremme s\u00f8vnkvalitet<\/title>\n<meta name=\"description\" content=\"Oppdag fordelene med Wilhelmina tyngdeteppe for en god natts s\u00f8vn og avslapping. L\u00e6r mer om hvordan det kan lindre angst og fremme s\u00f8vn.\" \/>\n<meta name=\"robots\" content=\"index, follow, max-snippet:-1, max-image-preview:large, max-video-preview:-1\" \/>\n<link rel=\"canonical\" href=\"https:\/\/sovmer.se\/no\/tyngdekraftens-teppe\/\" \/>\n<meta property=\"og:locale\" content=\"nb_NO\" \/>\n<meta property=\"og:type\" content=\"article\" \/>\n<meta property=\"og:title\" content=\"Tyngdekraftens teppe\" \/>\n<meta property=\"og:description\" content=\"Oppdag fordelene med Wilhelmina tyngdeteppe for en god natts s\u00f8vn og avslapping. L\u00e6r mer om hvordan det kan lindre angst og fremme s\u00f8vn.\" \/>\n<meta property=\"og:url\" content=\"https:\/\/sovmer.se\/no\/tyngdekraftens-teppe\/\" \/>\n<meta property=\"og:site_name\" content=\"sovmer.se\" \/>\n<meta property=\"article:publisher\" content=\"https:\/\/www.facebook.com\/sovmer\" \/>\n<meta property=\"article:modified_time\" content=\"2024-10-24T12:44:16+00:00\" \/>\n<meta name=\"twitter:card\" content=\"summary_large_image\" \/>\n<meta name=\"twitter:label1\" content=\"Ansl. lesetid\" \/>\n\t<meta name=\"twitter:data1\" content=\"7 minutter\" \/>\n<script type=\"application\/ld+json\" class=\"yoast-schema-graph\">{\"@context\":\"https:\/\/schema.org\",\"@graph\":[{\"@type\":\"WebPage\",\"@id\":\"https:\/\/sovmer.se\/no\/tyngdekraftens-teppe\/\",\"url\":\"https:\/\/sovmer.se\/no\/tyngdekraftens-teppe\/\",\"name\":\"Fordelene med tyngdetepper for \u00e5 redusere angst og fremme s\u00f8vnkvalitet\",\"isPartOf\":{\"@id\":\"https:\/\/sovmer.se\/no\/#website\"},\"datePublished\":\"2023-11-15T17:27:15+00:00\",\"dateModified\":\"2024-10-24T12:44:16+00:00\",\"description\":\"Oppdag fordelene med Wilhelmina tyngdeteppe for en god natts s\u00f8vn og avslapping. L\u00e6r mer om hvordan det kan lindre angst og fremme s\u00f8vn.\",\"breadcrumb\":{\"@id\":\"https:\/\/sovmer.se\/no\/tyngdekraftens-teppe\/#breadcrumb\"},\"inLanguage\":\"nb-NO\",\"potentialAction\":[{\"@type\":\"ReadAction\",\"target\":[\"https:\/\/sovmer.se\/no\/tyngdekraftens-teppe\/\"]}]},{\"@type\":\"BreadcrumbList\",\"@id\":\"https:\/\/sovmer.se\/no\/tyngdekraftens-teppe\/#breadcrumb\",\"itemListElement\":[{\"@type\":\"ListItem\",\"position\":1,\"name\":\"Home\",\"item\":\"https:\/\/sovmer.se\/no\/start-kopier-2\/\"},{\"@type\":\"ListItem\",\"position\":2,\"name\":\"Tyngdekraftens teppe\"}]},{\"@type\":\"WebSite\",\"@id\":\"https:\/\/sovmer.se\/no\/#website\",\"url\":\"https:\/\/sovmer.se\/no\/\",\"name\":\"sovmer.se\",\"description\":\"Sov mer s\u00e5 att du kan leva mer\",\"publisher\":{\"@id\":\"https:\/\/sovmer.se\/no\/#organization\"},\"potentialAction\":[{\"@type\":\"SearchAction\",\"target\":{\"@type\":\"EntryPoint\",\"urlTemplate\":\"https:\/\/sovmer.se\/no\/?s={search_term_string}\"},\"query-input\":{\"@type\":\"PropertyValueSpecification\",\"valueRequired\":true,\"valueName\":\"search_term_string\"}}],\"inLanguage\":\"nb-NO\"},{\"@type\":\"Organization\",\"@id\":\"https:\/\/sovmer.se\/no\/#organization\",\"name\":\"sovmer\",\"url\":\"https:\/\/sovmer.se\/no\/\",\"logo\":{\"@type\":\"ImageObject\",\"inLanguage\":\"nb-NO\",\"@id\":\"https:\/\/sovmer.se\/no\/#\/schema\/logo\/image\/\",\"url\":\"https:\/\/sovmer.se\/wp-content\/uploads\/2023\/10\/Sovmer-logo.png\",\"contentUrl\":\"https:\/\/sovmer.se\/wp-content\/uploads\/2023\/10\/Sovmer-logo.png\",\"width\":582,\"height\":290,\"caption\":\"sovmer\"},\"image\":{\"@id\":\"https:\/\/sovmer.se\/no\/#\/schema\/logo\/image\/\"},\"sameAs\":[\"https:\/\/www.facebook.com\/sovmer\",\"https:\/\/www.instagram.com\/sovmer.se\"]}]}<\/script>\n<!-- \/ Yoast SEO Premium plugin. -->","yoast_head_json":{"title":"Fordelene med tyngdetepper for \u00e5 redusere angst og fremme s\u00f8vnkvalitet","description":"Oppdag fordelene med Wilhelmina tyngdeteppe for en god natts s\u00f8vn og avslapping. L\u00e6r mer om hvordan det kan lindre angst og fremme s\u00f8vn.","robots":{"index":"index","follow":"follow","max-snippet":"max-snippet:-1","max-image-preview":"max-image-preview:large","max-video-preview":"max-video-preview:-1"},"canonical":"https:\/\/sovmer.se\/no\/tyngdekraftens-teppe\/","og_locale":"nb_NO","og_type":"article","og_title":"Tyngdekraftens teppe","og_description":"Oppdag fordelene med Wilhelmina tyngdeteppe for en god natts s\u00f8vn og avslapping. L\u00e6r mer om hvordan det kan lindre angst og fremme s\u00f8vn.","og_url":"https:\/\/sovmer.se\/no\/tyngdekraftens-teppe\/","og_site_name":"sovmer.se","article_publisher":"https:\/\/www.facebook.com\/sovmer","article_modified_time":"2024-10-24T12:44:16+00:00","twitter_card":"summary_large_image","twitter_misc":{"Ansl. lesetid":"7 minutter"},"schema":{"@context":"https:\/\/schema.org","@graph":[{"@type":"WebPage","@id":"https:\/\/sovmer.se\/no\/tyngdekraftens-teppe\/","url":"https:\/\/sovmer.se\/no\/tyngdekraftens-teppe\/","name":"Fordelene med tyngdetepper for \u00e5 redusere angst og fremme s\u00f8vnkvalitet","isPartOf":{"@id":"https:\/\/sovmer.se\/no\/#website"},"datePublished":"2023-11-15T17:27:15+00:00","dateModified":"2024-10-24T12:44:16+00:00","description":"Oppdag fordelene med Wilhelmina tyngdeteppe for en god natts s\u00f8vn og avslapping. L\u00e6r mer om hvordan det kan lindre angst og fremme s\u00f8vn.","breadcrumb":{"@id":"https:\/\/sovmer.se\/no\/tyngdekraftens-teppe\/#breadcrumb"},"inLanguage":"nb-NO","potentialAction":[{"@type":"ReadAction","target":["https:\/\/sovmer.se\/no\/tyngdekraftens-teppe\/"]}]},{"@type":"BreadcrumbList","@id":"https:\/\/sovmer.se\/no\/tyngdekraftens-teppe\/#breadcrumb","itemListElement":[{"@type":"ListItem","position":1,"name":"Home","item":"https:\/\/sovmer.se\/no\/start-kopier-2\/"},{"@type":"ListItem","position":2,"name":"Tyngdekraftens teppe"}]},{"@type":"WebSite","@id":"https:\/\/sovmer.se\/no\/#website","url":"https:\/\/sovmer.se\/no\/","name":"sovmer.se","description":"Sov mer s\u00e5 att du kan leva mer","publisher":{"@id":"https:\/\/sovmer.se\/no\/#organization"},"potentialAction":[{"@type":"SearchAction","target":{"@type":"EntryPoint","urlTemplate":"https:\/\/sovmer.se\/no\/?s={search_term_string}"},"query-input":{"@type":"PropertyValueSpecification","valueRequired":true,"valueName":"search_term_string"}}],"inLanguage":"nb-NO"},{"@type":"Organization","@id":"https:\/\/sovmer.se\/no\/#organization","name":"sovmer","url":"https:\/\/sovmer.se\/no\/","logo":{"@type":"ImageObject","inLanguage":"nb-NO","@id":"https:\/\/sovmer.se\/no\/#\/schema\/logo\/image\/","url":"https:\/\/sovmer.se\/wp-content\/uploads\/2023\/10\/Sovmer-logo.png","contentUrl":"https:\/\/sovmer.se\/wp-content\/uploads\/2023\/10\/Sovmer-logo.png","width":582,"height":290,"caption":"sovmer"},"image":{"@id":"https:\/\/sovmer.se\/no\/#\/schema\/logo\/image\/"},"sameAs":["https:\/\/www.facebook.com\/sovmer","https:\/\/www.instagram.com\/sovmer.se"]}]}},"jetpack_sharing_enabled":true,"_links":{"self":[{"href":"https:\/\/sovmer.se\/no\/wp-json\/wp\/v2\/pages\/2445","targetHints":{"allow":["GET"]}}],"collection":[{"href":"https:\/\/sovmer.se\/no\/wp-json\/wp\/v2\/pages"}],"about":[{"href":"https:\/\/sovmer.se\/no\/wp-json\/wp\/v2\/types\/page"}],"author":[{"embeddable":true,"href":"https:\/\/sovmer.se\/no\/wp-json\/wp\/v2\/users\/2"}],"replies":[{"embeddable":true,"href":"https:\/\/sovmer.se\/no\/wp-json\/wp\/v2\/comments?post=2445"}],"version-history":[{"count":2,"href":"https:\/\/sovmer.se\/no\/wp-json\/wp\/v2\/pages\/2445\/revisions"}],"predecessor-version":[{"id":3162,"href":"https:\/\/sovmer.se\/no\/wp-json\/wp\/v2\/pages\/2445\/revisions\/3162"}],"wp:attachment":[{"href":"https:\/\/sovmer.se\/no\/wp-json\/wp\/v2\/media?parent=2445"}],"curies":[{"name":"wp","href":"https:\/\/api.w.org\/{rel}","templated":true}]}}