{"id":2451,"date":"2023-11-26T21:18:52","date_gmt":"2023-11-26T20:18:52","guid":{"rendered":"https:\/\/sovmer.se\/vilkar-og-betingelser-for-kjop-og-levering\/"},"modified":"2024-08-01T21:01:21","modified_gmt":"2024-08-01T19:01:21","slug":"vilkar-og-betingelser-for-kjop-og-levering","status":"publish","type":"page","link":"https:\/\/sovmer.se\/no\/vilkar-og-betingelser-for-kjop-og-levering\/","title":{"rendered":"Vilk\u00e5r og betingelser for kj\u00f8p og levering"},"content":{"rendered":"\n<p><strong>Sovmer i Sverige AB  <\/strong><\/p>\n\n\n\n<p>(organisasjonsnummer 559252-4796) G\u00e4rdev\u00e4gen 11, 856 50 Sundsvall<\/p>\n\n\n\n<p>Ved bestilling inng\u00e5s kj\u00f8psavtale f\u00f8rst n\u00e5r sovmer har bekreftet bestillingen ved hjelp av en ordrebekreftelse per e-post. Ordrebekreftelsen genereres automatisk i v\u00e5r database uten manuell gjennomgang. Avtalen vil bli arkivert hos Sovmer. Vi inng\u00e5r kun avtaler med voksne eller mindre\u00e5rige med samtykke fra deres foresatte.  <\/p>\n\n\n\n<p><strong>Betalingsmuligheter<\/strong><\/p>\n\n\n\n<p>Klarna betalingsalternativ brukes. Faktura, avbetaling, kortbetaling eller direkte betaling via bank.  <br><strong>Uavhentede varer vil bli belastet! Kostnad 199:-.<br><br>Priser:<\/strong>  sovmer oppgir priser inkludert moms p\u00e5 6 %, 12 % eller 25 % &#8211; avhengig av hvilken vare som kj\u00f8pes.  <\/p>\n\n\n\n<p><strong>Gebyr for h\u00e5ndtering\/fakturering:<\/strong><\/p>\n\n\n\n<p>Bestillinger kan bli p\u00e5lagt et ekspedisjonsgebyr. Bel\u00f8pet avhenger av betalingsm\u00e5ten som brukes, og oppgis i kassen f\u00f8r kj\u00f8pet fullf\u00f8res.<\/p>\n\n\n\n<p><strong>Fraktkostnader:<\/strong><\/p>\n\n\n\n<p>Fraktkostnadene vises i n\u00e6rheten av hvert produkt. sovmers produkter leveres n\u00e5 helt uten fraktkostnader for kundene.<\/p>\n\n\n\n<p><strong>Annen informasjon:<\/strong><\/p>\n\n\n\n<p><strong>Kredittinformasjon<\/strong><\/p>\n\n\n\n<p>Hvis du betaler direkte med kredittkort, foretas det ingen kredittsjekk p\u00e5 nettstedet. Hvis du velger \u00e5 betale med faktura, vil den vanlige kredittsjekken finne sted f\u00f8r kj\u00f8pet g\u00e5r gjennom\/godkjennes i Sovmers nettbutikk. Kredittsjekken skjer automatisk, og det registreres ingen spesifikk kredittforesp\u00f8rsel. For at fakturakj\u00f8p skal kunne godkjennes for deg som privatperson, m\u00e5 du ikke ha noen registrerte betalingsanmerkninger, og din oppgitte \u00e5rsinntekt m\u00e5 n\u00e5 et visst niv\u00e5. Kredittinformasjonen h\u00e5ndteres av Klarna.  <\/p>\n\n\n\n<p><strong>Leveringstid<\/strong><\/p>\n\n\n\n<p>Normal leveringstid for lagerf\u00f8rte varer er for de fleste varer 2-6 virkedager, etter at vi har mottatt bestillingen din. Avvik kan forekomme, men vil da bli kunngjort p\u00e5 nettsiden (via pakkes\u00f8k hos DHL), via din ordrebekreftelse eller ved at sovmer kontakter deg per telefon eller e-post. Du har rett til \u00e5 kansellere kj\u00f8pet eller endre bestillingen din, kontakt oss hvis du \u00f8nsker \u00e5 kansellere kj\u00f8pet ditt. Lengre leveringstider, for varer som er restordre p\u00e5 lokalt lager, vil bli kommunisert via nettsiden.  <\/p>\n\n\n\n<p><strong>Leveringsm\u00e5te<\/strong><\/p>\n\n\n\n<p>Sovmer.se leverer med DHL, men kan ogs\u00e5 bruke andre logistikkpartnere.  <\/p>\n\n\n\n<p><strong>Varsling (SMS og e-post)<\/strong><\/p>\n\n\n\n<p>Ved bestilling vil det bli sendt ut en leveringsmelding, enten via SMS eller e-post. For \u00e5 l\u00f8se inn bestillingen din, ta med mobiltelefonen din til agenten, vis SMS-varselet og gyldig ID.<br>OBS! Hvis du oppgir mobiltelefonnummeret ditt, vil du kun bli varslet via SMS og e-post (du vil ikke f\u00e5 tilsendt noe brev hjem). I dag er det slik de fleste varslene blir laget, og p\u00e5 denne m\u00e5ten bidrar vi alle til et bedre milj\u00f8.<\/p>\n\n\n\n<p><strong>Melding om brev<\/strong><\/p>\n\n\n\n<p>Agenter vil sende deg en postmelding til postadressen din, og du m\u00e5 ta med deg meldingen til den utpekte agenten for \u00e5 hente bestillingen din.  <\/p>\n\n\n\n<p><strong>Forsinket levering<\/strong><\/p>\n\n\n\n<p>Hvis det oppst\u00e5r en leveringsforsinkelse, vil vi varsle deg via kundeportalen, ordrebekreftelsen eller ved at sovmer kontakter deg via e-post eller p\u00e5 telefonen. Du som kunde har alltid rett til \u00e5 heve kj\u00f8pet ved leveringsforsinkelser, ta kontakt med oss s\u00e5 snart som mulig hvis du f\u00f8ler at bestillingen din har blitt forsinket. sovmer jobber alltid for \u00e5 pr\u00f8ve \u00e5 l\u00f8se problemet p\u00e5 best mulig m\u00e5te for kunden. Det kan imidlertid oppst\u00e5 spesielle omstendigheter som gj\u00f8r det umulig for oss \u00e5 oppfylle og levere bestillingen din, for eksempel hvis leverand\u00f8ren v\u00e5r ikke kan oppfylle sine forpliktelser overfor oss. Vi forbeholder oss retten til \u00e5 fraskrive oss enhver kompensasjon til kunden for leveringsforsinkelser.  <\/p>\n\n\n\n<p><strong>Oppdelt ordre<\/strong><\/p>\n\n\n\n<p>Skulle noen av varene du har bestilt ha vesentlig lengre leveringstid enn de andre varene, kan vi i noen tilfeller dele opp bestillingen din. Som kunde trenger du aldri \u00e5 betale mer enn den avtalte startfrakten.<\/p>\n\n\n\n<p><strong>Transportrisiko<\/strong><\/p>\n\n\n\n<p>sovmer b\u00e6rer transportrisikoen, dvs. risikoen for at varene blir skadet eller g\u00e5r tapt under transporten fra v\u00e5rt lager til deg. Hvis et produkt er skadet ved levering\/mottak, m\u00e5 kunden umiddelbart kontakte kundeservice p\u00e5 <strong>info@sovmer.se<\/strong> og ikke pakke ut produktet hvis emballasjen er skadet. Kunden er ansvarlig for eventuelle skader for\u00e5rsaket av returforsendelsen hvis kunden har valgt \u00e5 returnere et produkt p\u00e5 grunn av for eksempel angret p\u00e5 kj\u00f8pet.  <\/p>\n\n\n\n<p><strong>Uutl\u00f8ste bestillinger<\/strong><\/p>\n\n\n\n<p>For alle ul\u00f8ste pakker belaster sovmer kunden med et gebyr p\u00e5 199 SEK (i tillegg til retur-\/h\u00e5ndteringskostnaden), st\u00f8rre leveranser kan belastes med et h\u00f8yere bel\u00f8p. Gebyret tilsvarer de faktiske kostnadene for returfrakt, h\u00e5ndtering og behandling.  <\/p>\n\n\n\n<p><strong>Garanti<\/strong><\/p>\n\n\n\n<p>sovmer selger produkter med 3 \u00e5rs garanti. Ta vare p\u00e5 fakturaen eller kvitteringen for eventuell fremtidig bruk av garantien og reklamasjonsretten (ved delbetaling m\u00e5 f\u00f8lgeseddelen tas vare p\u00e5). Garantikrav registreres best via kundeportalskjemaet.<\/p>\n\n\n\n<p>Service- og supportforesp\u00f8rsler kan ogs\u00e5 sendes p\u00e5 e-post til <strong>info@sovmer.se.<\/strong> <\/p>\n\n\n\n<p><strong>Kundetilfredshetsgaranti<\/strong> &#8211; pr\u00f8v det i 30 dager<\/p>\n\n\n\n<p>N\u00e5r kunden pr\u00f8ver puten hjemme, er det viktig \u00e5 bruke et putetrekk eller annen beskyttelse for \u00e5 holde puten ren og beskyttet mot flekker eller u\u00f8nsket lukt. Dette sikrer at puten forblir i god stand og er klar for en eventuell retur.<\/p>\n\n\n\n<p>Dersom kunden velger \u00e5 benytte seg av forn\u00f8ydgarantien, skal sovmers kundeservice alltid kontaktes &#8211; send da en e-post til<strong> info@sovmer.se. <\/strong>Kunden er selv ansvarlig for kostnadene ved \u00e5 returnere puten til oss. Det er viktig at du velger en trygg og p\u00e5litelig leveringsmetode for \u00e5 sikre at puten kommer frem til oss i god stand.<\/p>\n\n\n\n<p>N\u00e5r puten returneres til Sovmer, vil v\u00e5re medarbeidere g\u00e5 n\u00f8ye gjennom puten og inspisere den. Puten skal v\u00e6re ren og frisk, uten flekker eller ubehagelig lukt.<\/p>\n\n\n\n<p>Etter at puten er inspisert og godkjent av v\u00e5re ansatte, refunderer vi pengene for puten. Dette skjer n\u00e5r vi har godkjent puten og kontrollert at den oppfyller alle kravene for retur og refusjon i henhold til vilk\u00e5rene i v\u00e5r forn\u00f8yd kunde-garanti.<\/p>\n\n\n\n<p>Ved \u00e5 f\u00f8lge disse vilk\u00e5rene og sikkerhetstiltakene kan du som kunde f\u00f8le deg trygg p\u00e5 at returprosessen h\u00e5ndteres p\u00e5 en smidig og effektiv m\u00e5te, og at du f\u00e5r tilbakebetalingen din i samsvar med vilk\u00e5rene i v\u00e5r kundetilfredshetsgaranti.<\/p>\n\n\n\n<p>Alle returer belastes med et ekspedisjons-\/returgebyr p\u00e5 249 SEK.<\/p>\n\n\n\n<p><strong>Rett til oppsigelse<\/strong><\/p>\n\n\n\n<p>Du har 14 dagers angrerett p\u00e5 hele Sovmer-serien. Produktet m\u00e5 ikke pakkes ut (emballasjen m\u00e5 ikke brytes eller brukes (forseglingen m\u00e5 v\u00e6re intakt). Angreretten begynner \u00e5 l\u00f8pe fra den dagen du mottar\/utleverer varen. Hvis du angrer kj\u00f8pet, er du ansvarlig for retur- og h\u00e5ndteringskostnader. For \u00e5 be om retur, vennligst kontakt oss p\u00e5 <strong>info@sovmer.se.<\/strong> Hvis du avbestiller kj\u00f8pet f\u00f8r leveransen har forlatt lageret v\u00e5rt, er det begrenset mulighet for \u00e5 stoppe leveransen, ettersom mange trinn i ordrebehandlingen v\u00e5r skjer automatisk. Du har fortsatt full angrerett &#8211; fraktkostnaden tilbake til oss vil imidlertid ikke bli kreditert. Alle returer er underlagt et ekspedisjons-\/returgebyr p\u00e5 249 SEK.<\/p>\n\n\n\n<p><em>Merk! Send aldri leveranser til oss p\u00e5 egen h\u00e5nd ved hjelp av transportmetoder som er overlatt til agenter. Vi kan ikke innl\u00f8se disse.<\/em><\/p>\n\n\n\n<p><strong>Bytes<\/strong><\/p>\n\n\n\n<p>Ved bytte av produkter er kunden ansvarlig for returfraktkostnadene. Hele bestillingen vil bli kreditert n\u00e5r returen ankommer lageret v\u00e5rt. Det m\u00e5 opprettes en ny bestilling for det \u00f8nskede produktet. Produktet m\u00e5 v\u00e6re ubrukt for at byttet skal kunne godkjennes, dvs. at emballasjen m\u00e5 v\u00e6re ubrukt.<br>Kunden vil bli belastet med et retur- og ekspedisjonsgebyr p\u00e5 249 SEK for returen.<\/p>\n\n\n\n<p><strong>Klager<\/strong><\/p>\n\n\n\n<p>Ved reklamasjoner, uansett type, skal sovmers kundeservice alltid kontaktes &#8211; send da en e-post til <strong>info@sovmer.se.<\/strong> Returh\u00e5ndteringen\/prosedyren kan variere avhengig av hvilket produkt kunden \u00f8nsker \u00e5 returnere eller bytte. Returer og reklamasjoner gj\u00f8res ved \u00e5 fylle ut <a href=\"https:\/\/sovmer.se\/no\/returskjema\/\">returskjemaet<\/a> p\u00e5 nettsiden.<\/p>\n\n\n\n<p><strong>Refusjoner<\/strong><\/p>\n\n\n\n<p>Ev. tilbakebetaling skjer direkte til kredittkortet ditt. Hvis du har betalt p\u00e5 annen m\u00e5te, vil pengene dine bli overf\u00f8rt til din bankkonto, personkonto eller bankgirokonto, eller i tredje instans via en tilbakebetalingskvittering. Tilbakebetalingen vil normalt skje innen 10 virkedager etter at vi har mottatt og godkjent returen din.<\/p>\n\n\n\n<p><strong>Hva sier loven om fjernsalg og d\u00f8rsalg?<\/strong> For fullstendig informasjon om loven om fjernsalg og d\u00f8rsalg, kan du lese mer p\u00e5: <a href=\"http:\/\/www.konsumentverket.se\/\" target=\"_blank\" rel=\"noreferrer noopener\">www.konsumentverket.se<\/a><\/p>\n\n\n\n<p><\/p>\n","protected":false},"excerpt":{"rendered":"<p>Sovmer i Sverige AB (organisasjonsnummer 559252-4796) G\u00e4rdev\u00e4gen 11, 856 50 Sundsvall Ved bestilling inng\u00e5s kj\u00f8psavtale f\u00f8rst n\u00e5r sovmer har bekreftet bestillingen ved hjelp av en ordrebekreftelse per e-post. Ordrebekreftelsen genereres automatisk i v\u00e5r database uten manuell gjennomgang. Avtalen vil bli arkivert hos Sovmer. Vi inng\u00e5r kun avtaler med voksne eller mindre\u00e5rige med samtykke fra deres foresatte. Betalingsmuligheter Klarna betalingsalternativ brukes. &#8230;<\/p>\n","protected":false},"author":4,"featured_media":0,"parent":0,"menu_order":0,"comment_status":"closed","ping_status":"closed","template":"","meta":{"inline_featured_image":false,"footnotes":""},"class_list":["post-2451","page","type-page","status-publish","hentry","no-post-thumbnail"],"yoast_head":"<!-- This site is optimized with the Yoast SEO Premium plugin v24.3 (Yoast SEO v26.5) - https:\/\/yoast.com\/wordpress\/plugins\/seo\/ -->\n<title>Les kj\u00f8ps- og leveringsbetingelsene p\u00e5 Sovmer med Klarna betalingsalternativ - sovmer.se<\/title>\n<meta name=\"robots\" content=\"index, follow, max-snippet:-1, max-image-preview:large, max-video-preview:-1\" \/>\n<link rel=\"canonical\" href=\"https:\/\/sovmer.se\/no\/vilkar-og-betingelser-for-kjop-og-levering\/\" \/>\n<meta property=\"og:locale\" content=\"nb_NO\" \/>\n<meta property=\"og:type\" content=\"article\" \/>\n<meta property=\"og:title\" content=\"Vilk\u00e5r og betingelser for kj\u00f8p og levering\" \/>\n<meta property=\"og:description\" content=\"Sovmer i Sverige AB (organisasjonsnummer 559252-4796) G\u00e4rdev\u00e4gen 11, 856 50 Sundsvall Ved bestilling inng\u00e5s kj\u00f8psavtale f\u00f8rst n\u00e5r sovmer har bekreftet bestillingen ved hjelp av en ordrebekreftelse per e-post. Ordrebekreftelsen genereres automatisk i v\u00e5r database uten manuell gjennomgang. Avtalen vil bli arkivert hos Sovmer. Vi inng\u00e5r kun avtaler med voksne eller mindre\u00e5rige med samtykke fra deres foresatte. Betalingsmuligheter Klarna betalingsalternativ brukes. ...\" \/>\n<meta property=\"og:url\" content=\"https:\/\/sovmer.se\/no\/vilkar-og-betingelser-for-kjop-og-levering\/\" \/>\n<meta property=\"og:site_name\" content=\"sovmer.se\" \/>\n<meta property=\"article:publisher\" content=\"https:\/\/www.facebook.com\/sovmer\" \/>\n<meta property=\"article:modified_time\" content=\"2024-08-01T19:01:21+00:00\" \/>\n<meta name=\"twitter:card\" content=\"summary_large_image\" \/>\n<meta name=\"twitter:label1\" content=\"Ansl. lesetid\" \/>\n\t<meta name=\"twitter:data1\" content=\"7 minutter\" \/>\n<script type=\"application\/ld+json\" class=\"yoast-schema-graph\">{\"@context\":\"https:\/\/schema.org\",\"@graph\":[{\"@type\":\"WebPage\",\"@id\":\"https:\/\/sovmer.se\/no\/vilkar-og-betingelser-for-kjop-og-levering\/\",\"url\":\"https:\/\/sovmer.se\/no\/vilkar-og-betingelser-for-kjop-og-levering\/\",\"name\":\"Les kj\u00f8ps- og leveringsbetingelsene p\u00e5 Sovmer med Klarna betalingsalternativ - sovmer.se\",\"isPartOf\":{\"@id\":\"https:\/\/sovmer.se\/no\/#website\"},\"datePublished\":\"2023-11-26T20:18:52+00:00\",\"dateModified\":\"2024-08-01T19:01:21+00:00\",\"breadcrumb\":{\"@id\":\"https:\/\/sovmer.se\/no\/vilkar-og-betingelser-for-kjop-og-levering\/#breadcrumb\"},\"inLanguage\":\"nb-NO\",\"potentialAction\":[{\"@type\":\"ReadAction\",\"target\":[\"https:\/\/sovmer.se\/no\/vilkar-og-betingelser-for-kjop-og-levering\/\"]}]},{\"@type\":\"BreadcrumbList\",\"@id\":\"https:\/\/sovmer.se\/no\/vilkar-og-betingelser-for-kjop-og-levering\/#breadcrumb\",\"itemListElement\":[{\"@type\":\"ListItem\",\"position\":1,\"name\":\"Home\",\"item\":\"https:\/\/sovmer.se\/no\/start-kopier-2\/\"},{\"@type\":\"ListItem\",\"position\":2,\"name\":\"Vilk\u00e5r og betingelser for kj\u00f8p og levering\"}]},{\"@type\":\"WebSite\",\"@id\":\"https:\/\/sovmer.se\/no\/#website\",\"url\":\"https:\/\/sovmer.se\/no\/\",\"name\":\"sovmer.se\",\"description\":\"Sov mer s\u00e5 att du kan leva mer\",\"publisher\":{\"@id\":\"https:\/\/sovmer.se\/no\/#organization\"},\"potentialAction\":[{\"@type\":\"SearchAction\",\"target\":{\"@type\":\"EntryPoint\",\"urlTemplate\":\"https:\/\/sovmer.se\/no\/?s={search_term_string}\"},\"query-input\":{\"@type\":\"PropertyValueSpecification\",\"valueRequired\":true,\"valueName\":\"search_term_string\"}}],\"inLanguage\":\"nb-NO\"},{\"@type\":\"Organization\",\"@id\":\"https:\/\/sovmer.se\/no\/#organization\",\"name\":\"sovmer\",\"url\":\"https:\/\/sovmer.se\/no\/\",\"logo\":{\"@type\":\"ImageObject\",\"inLanguage\":\"nb-NO\",\"@id\":\"https:\/\/sovmer.se\/no\/#\/schema\/logo\/image\/\",\"url\":\"https:\/\/sovmer.se\/wp-content\/uploads\/2023\/10\/Sovmer-logo.png\",\"contentUrl\":\"https:\/\/sovmer.se\/wp-content\/uploads\/2023\/10\/Sovmer-logo.png\",\"width\":582,\"height\":290,\"caption\":\"sovmer\"},\"image\":{\"@id\":\"https:\/\/sovmer.se\/no\/#\/schema\/logo\/image\/\"},\"sameAs\":[\"https:\/\/www.facebook.com\/sovmer\",\"https:\/\/www.instagram.com\/sovmer.se\"]}]}<\/script>\n<!-- \/ Yoast SEO Premium plugin. -->","yoast_head_json":{"title":"Les kj\u00f8ps- og leveringsbetingelsene p\u00e5 Sovmer med Klarna betalingsalternativ - sovmer.se","robots":{"index":"index","follow":"follow","max-snippet":"max-snippet:-1","max-image-preview":"max-image-preview:large","max-video-preview":"max-video-preview:-1"},"canonical":"https:\/\/sovmer.se\/no\/vilkar-og-betingelser-for-kjop-og-levering\/","og_locale":"nb_NO","og_type":"article","og_title":"Vilk\u00e5r og betingelser for kj\u00f8p og levering","og_description":"Sovmer i Sverige AB (organisasjonsnummer 559252-4796) G\u00e4rdev\u00e4gen 11, 856 50 Sundsvall Ved bestilling inng\u00e5s kj\u00f8psavtale f\u00f8rst n\u00e5r sovmer har bekreftet bestillingen ved hjelp av en ordrebekreftelse per e-post. Ordrebekreftelsen genereres automatisk i v\u00e5r database uten manuell gjennomgang. Avtalen vil bli arkivert hos Sovmer. Vi inng\u00e5r kun avtaler med voksne eller mindre\u00e5rige med samtykke fra deres foresatte. Betalingsmuligheter Klarna betalingsalternativ brukes. ...","og_url":"https:\/\/sovmer.se\/no\/vilkar-og-betingelser-for-kjop-og-levering\/","og_site_name":"sovmer.se","article_publisher":"https:\/\/www.facebook.com\/sovmer","article_modified_time":"2024-08-01T19:01:21+00:00","twitter_card":"summary_large_image","twitter_misc":{"Ansl. lesetid":"7 minutter"},"schema":{"@context":"https:\/\/schema.org","@graph":[{"@type":"WebPage","@id":"https:\/\/sovmer.se\/no\/vilkar-og-betingelser-for-kjop-og-levering\/","url":"https:\/\/sovmer.se\/no\/vilkar-og-betingelser-for-kjop-og-levering\/","name":"Les kj\u00f8ps- og leveringsbetingelsene p\u00e5 Sovmer med Klarna betalingsalternativ - sovmer.se","isPartOf":{"@id":"https:\/\/sovmer.se\/no\/#website"},"datePublished":"2023-11-26T20:18:52+00:00","dateModified":"2024-08-01T19:01:21+00:00","breadcrumb":{"@id":"https:\/\/sovmer.se\/no\/vilkar-og-betingelser-for-kjop-og-levering\/#breadcrumb"},"inLanguage":"nb-NO","potentialAction":[{"@type":"ReadAction","target":["https:\/\/sovmer.se\/no\/vilkar-og-betingelser-for-kjop-og-levering\/"]}]},{"@type":"BreadcrumbList","@id":"https:\/\/sovmer.se\/no\/vilkar-og-betingelser-for-kjop-og-levering\/#breadcrumb","itemListElement":[{"@type":"ListItem","position":1,"name":"Home","item":"https:\/\/sovmer.se\/no\/start-kopier-2\/"},{"@type":"ListItem","position":2,"name":"Vilk\u00e5r og betingelser for kj\u00f8p og levering"}]},{"@type":"WebSite","@id":"https:\/\/sovmer.se\/no\/#website","url":"https:\/\/sovmer.se\/no\/","name":"sovmer.se","description":"Sov mer s\u00e5 att du kan leva mer","publisher":{"@id":"https:\/\/sovmer.se\/no\/#organization"},"potentialAction":[{"@type":"SearchAction","target":{"@type":"EntryPoint","urlTemplate":"https:\/\/sovmer.se\/no\/?s={search_term_string}"},"query-input":{"@type":"PropertyValueSpecification","valueRequired":true,"valueName":"search_term_string"}}],"inLanguage":"nb-NO"},{"@type":"Organization","@id":"https:\/\/sovmer.se\/no\/#organization","name":"sovmer","url":"https:\/\/sovmer.se\/no\/","logo":{"@type":"ImageObject","inLanguage":"nb-NO","@id":"https:\/\/sovmer.se\/no\/#\/schema\/logo\/image\/","url":"https:\/\/sovmer.se\/wp-content\/uploads\/2023\/10\/Sovmer-logo.png","contentUrl":"https:\/\/sovmer.se\/wp-content\/uploads\/2023\/10\/Sovmer-logo.png","width":582,"height":290,"caption":"sovmer"},"image":{"@id":"https:\/\/sovmer.se\/no\/#\/schema\/logo\/image\/"},"sameAs":["https:\/\/www.facebook.com\/sovmer","https:\/\/www.instagram.com\/sovmer.se"]}]}},"jetpack_sharing_enabled":true,"_links":{"self":[{"href":"https:\/\/sovmer.se\/no\/wp-json\/wp\/v2\/pages\/2451","targetHints":{"allow":["GET"]}}],"collection":[{"href":"https:\/\/sovmer.se\/no\/wp-json\/wp\/v2\/pages"}],"about":[{"href":"https:\/\/sovmer.se\/no\/wp-json\/wp\/v2\/types\/page"}],"author":[{"embeddable":true,"href":"https:\/\/sovmer.se\/no\/wp-json\/wp\/v2\/users\/4"}],"replies":[{"embeddable":true,"href":"https:\/\/sovmer.se\/no\/wp-json\/wp\/v2\/comments?post=2451"}],"version-history":[{"count":0,"href":"https:\/\/sovmer.se\/no\/wp-json\/wp\/v2\/pages\/2451\/revisions"}],"wp:attachment":[{"href":"https:\/\/sovmer.se\/no\/wp-json\/wp\/v2\/media?parent=2451"}],"curies":[{"name":"wp","href":"https:\/\/api.w.org\/{rel}","templated":true}]}}