{"id":4483,"date":"2024-12-06T10:44:23","date_gmt":"2024-12-06T09:44:23","guid":{"rendered":"https:\/\/sovmer.se\/talalay-lateks\/"},"modified":"2024-12-06T11:06:14","modified_gmt":"2024-12-06T10:06:14","slug":"talalay-lateks","status":"publish","type":"page","link":"https:\/\/sovmer.se\/no\/talalay-lateks\/","title":{"rendered":"Talalay lateks"},"content":{"rendered":"<div id=\"cs-content\" class=\"cs-content\"><\/div>\n","protected":false},"excerpt":{"rendered":"<p>Talalay lateks &#8211; naturlig og milj\u00f8vennligTalalay lateks er en naturlig lateks som er produsert gjennom en prosess som gj\u00f8r den til et allergivennlig og slitesterkt materiale som transporterer bort b\u00e5de fuktighet og varme. Talalay lateks brukes i puter og madrasser, og er unikt med sine myke, elastiske og stabile egenskaper. Hva er lateks?Det finnes to hovedtyper lateks: naturlig lateks og &#8230;<\/p>\n","protected":false},"author":16,"featured_media":0,"parent":0,"menu_order":0,"comment_status":"closed","ping_status":"closed","template":"template-blank-5.php","meta":{"inline_featured_image":false,"footnotes":""},"class_list":["post-4483","page","type-page","status-publish","hentry","no-post-thumbnail"],"yoast_head":"<!-- This site is optimized with the Yoast SEO Premium plugin v24.3 (Yoast SEO v26.5) - https:\/\/yoast.com\/wordpress\/plugins\/seo\/ -->\n<title>Hva er Talalay lateks? | Sleeper<\/title>\n<meta name=\"description\" content=\"Talalay lateks er en allergivennlig naturlateks som brukes i puter og madrasser. Den former seg etter kroppen, gir god st\u00f8tte og transporterer bort fuktighet og varme.\" \/>\n<meta name=\"robots\" content=\"index, follow, max-snippet:-1, max-image-preview:large, max-video-preview:-1\" \/>\n<link rel=\"canonical\" href=\"https:\/\/sovmer.se\/no\/talalay-lateks\/\" \/>\n<meta property=\"og:locale\" content=\"nb_NO\" \/>\n<meta property=\"og:type\" content=\"article\" \/>\n<meta property=\"og:title\" content=\"Talalay lateks\" \/>\n<meta property=\"og:description\" content=\"Talalay lateks er en allergivennlig naturlateks som brukes i puter og madrasser. Den former seg etter kroppen, gir god st\u00f8tte og transporterer bort fuktighet og varme.\" \/>\n<meta property=\"og:url\" content=\"https:\/\/sovmer.se\/no\/talalay-lateks\/\" \/>\n<meta property=\"og:site_name\" content=\"sovmer.se\" \/>\n<meta property=\"article:publisher\" content=\"https:\/\/www.facebook.com\/sovmer\" \/>\n<meta property=\"article:modified_time\" content=\"2024-12-06T10:06:14+00:00\" \/>\n<meta name=\"twitter:card\" content=\"summary_large_image\" \/>\n<meta name=\"twitter:label1\" content=\"Ansl. lesetid\" \/>\n\t<meta name=\"twitter:data1\" content=\"4 minutter\" \/>\n<script type=\"application\/ld+json\" class=\"yoast-schema-graph\">{\"@context\":\"https:\/\/schema.org\",\"@graph\":[{\"@type\":\"WebPage\",\"@id\":\"https:\/\/sovmer.se\/no\/talalay-lateks\/\",\"url\":\"https:\/\/sovmer.se\/no\/talalay-lateks\/\",\"name\":\"Hva er Talalay lateks? | Sleeper\",\"isPartOf\":{\"@id\":\"https:\/\/sovmer.se\/no\/#website\"},\"datePublished\":\"2024-12-06T09:44:23+00:00\",\"dateModified\":\"2024-12-06T10:06:14+00:00\",\"description\":\"Talalay lateks er en allergivennlig naturlateks som brukes i puter og madrasser. Den former seg etter kroppen, gir god st\u00f8tte og transporterer bort fuktighet og varme.\",\"breadcrumb\":{\"@id\":\"https:\/\/sovmer.se\/no\/talalay-lateks\/#breadcrumb\"},\"inLanguage\":\"nb-NO\",\"potentialAction\":[{\"@type\":\"ReadAction\",\"target\":[\"https:\/\/sovmer.se\/no\/talalay-lateks\/\"]}]},{\"@type\":\"BreadcrumbList\",\"@id\":\"https:\/\/sovmer.se\/no\/talalay-lateks\/#breadcrumb\",\"itemListElement\":[{\"@type\":\"ListItem\",\"position\":1,\"name\":\"Home\",\"item\":\"https:\/\/sovmer.se\/no\/start-kopier-2\/\"},{\"@type\":\"ListItem\",\"position\":2,\"name\":\"Talalay lateks\"}]},{\"@type\":\"WebSite\",\"@id\":\"https:\/\/sovmer.se\/no\/#website\",\"url\":\"https:\/\/sovmer.se\/no\/\",\"name\":\"sovmer.se\",\"description\":\"Sov mer s\u00e5 att du kan leva mer\",\"publisher\":{\"@id\":\"https:\/\/sovmer.se\/no\/#organization\"},\"potentialAction\":[{\"@type\":\"SearchAction\",\"target\":{\"@type\":\"EntryPoint\",\"urlTemplate\":\"https:\/\/sovmer.se\/no\/?s={search_term_string}\"},\"query-input\":{\"@type\":\"PropertyValueSpecification\",\"valueRequired\":true,\"valueName\":\"search_term_string\"}}],\"inLanguage\":\"nb-NO\"},{\"@type\":\"Organization\",\"@id\":\"https:\/\/sovmer.se\/no\/#organization\",\"name\":\"sovmer\",\"url\":\"https:\/\/sovmer.se\/no\/\",\"logo\":{\"@type\":\"ImageObject\",\"inLanguage\":\"nb-NO\",\"@id\":\"https:\/\/sovmer.se\/no\/#\/schema\/logo\/image\/\",\"url\":\"https:\/\/sovmer.se\/wp-content\/uploads\/2023\/10\/Sovmer-logo.png\",\"contentUrl\":\"https:\/\/sovmer.se\/wp-content\/uploads\/2023\/10\/Sovmer-logo.png\",\"width\":582,\"height\":290,\"caption\":\"sovmer\"},\"image\":{\"@id\":\"https:\/\/sovmer.se\/no\/#\/schema\/logo\/image\/\"},\"sameAs\":[\"https:\/\/www.facebook.com\/sovmer\",\"https:\/\/www.instagram.com\/sovmer.se\"]}]}<\/script>\n<!-- \/ Yoast SEO Premium plugin. -->","yoast_head_json":{"title":"Hva er Talalay lateks? | Sleeper","description":"Talalay lateks er en allergivennlig naturlateks som brukes i puter og madrasser. Den former seg etter kroppen, gir god st\u00f8tte og transporterer bort fuktighet og varme.","robots":{"index":"index","follow":"follow","max-snippet":"max-snippet:-1","max-image-preview":"max-image-preview:large","max-video-preview":"max-video-preview:-1"},"canonical":"https:\/\/sovmer.se\/no\/talalay-lateks\/","og_locale":"nb_NO","og_type":"article","og_title":"Talalay lateks","og_description":"Talalay lateks er en allergivennlig naturlateks som brukes i puter og madrasser. Den former seg etter kroppen, gir god st\u00f8tte og transporterer bort fuktighet og varme.","og_url":"https:\/\/sovmer.se\/no\/talalay-lateks\/","og_site_name":"sovmer.se","article_publisher":"https:\/\/www.facebook.com\/sovmer","article_modified_time":"2024-12-06T10:06:14+00:00","twitter_card":"summary_large_image","twitter_misc":{"Ansl. lesetid":"4 minutter"},"schema":{"@context":"https:\/\/schema.org","@graph":[{"@type":"WebPage","@id":"https:\/\/sovmer.se\/no\/talalay-lateks\/","url":"https:\/\/sovmer.se\/no\/talalay-lateks\/","name":"Hva er Talalay lateks? | Sleeper","isPartOf":{"@id":"https:\/\/sovmer.se\/no\/#website"},"datePublished":"2024-12-06T09:44:23+00:00","dateModified":"2024-12-06T10:06:14+00:00","description":"Talalay lateks er en allergivennlig naturlateks som brukes i puter og madrasser. Den former seg etter kroppen, gir god st\u00f8tte og transporterer bort fuktighet og varme.","breadcrumb":{"@id":"https:\/\/sovmer.se\/no\/talalay-lateks\/#breadcrumb"},"inLanguage":"nb-NO","potentialAction":[{"@type":"ReadAction","target":["https:\/\/sovmer.se\/no\/talalay-lateks\/"]}]},{"@type":"BreadcrumbList","@id":"https:\/\/sovmer.se\/no\/talalay-lateks\/#breadcrumb","itemListElement":[{"@type":"ListItem","position":1,"name":"Home","item":"https:\/\/sovmer.se\/no\/start-kopier-2\/"},{"@type":"ListItem","position":2,"name":"Talalay lateks"}]},{"@type":"WebSite","@id":"https:\/\/sovmer.se\/no\/#website","url":"https:\/\/sovmer.se\/no\/","name":"sovmer.se","description":"Sov mer s\u00e5 att du kan leva mer","publisher":{"@id":"https:\/\/sovmer.se\/no\/#organization"},"potentialAction":[{"@type":"SearchAction","target":{"@type":"EntryPoint","urlTemplate":"https:\/\/sovmer.se\/no\/?s={search_term_string}"},"query-input":{"@type":"PropertyValueSpecification","valueRequired":true,"valueName":"search_term_string"}}],"inLanguage":"nb-NO"},{"@type":"Organization","@id":"https:\/\/sovmer.se\/no\/#organization","name":"sovmer","url":"https:\/\/sovmer.se\/no\/","logo":{"@type":"ImageObject","inLanguage":"nb-NO","@id":"https:\/\/sovmer.se\/no\/#\/schema\/logo\/image\/","url":"https:\/\/sovmer.se\/wp-content\/uploads\/2023\/10\/Sovmer-logo.png","contentUrl":"https:\/\/sovmer.se\/wp-content\/uploads\/2023\/10\/Sovmer-logo.png","width":582,"height":290,"caption":"sovmer"},"image":{"@id":"https:\/\/sovmer.se\/no\/#\/schema\/logo\/image\/"},"sameAs":["https:\/\/www.facebook.com\/sovmer","https:\/\/www.instagram.com\/sovmer.se"]}]}},"jetpack_sharing_enabled":true,"_links":{"self":[{"href":"https:\/\/sovmer.se\/no\/wp-json\/wp\/v2\/pages\/4483","targetHints":{"allow":["GET"]}}],"collection":[{"href":"https:\/\/sovmer.se\/no\/wp-json\/wp\/v2\/pages"}],"about":[{"href":"https:\/\/sovmer.se\/no\/wp-json\/wp\/v2\/types\/page"}],"author":[{"embeddable":true,"href":"https:\/\/sovmer.se\/no\/wp-json\/wp\/v2\/users\/16"}],"replies":[{"embeddable":true,"href":"https:\/\/sovmer.se\/no\/wp-json\/wp\/v2\/comments?post=4483"}],"version-history":[{"count":1,"href":"https:\/\/sovmer.se\/no\/wp-json\/wp\/v2\/pages\/4483\/revisions"}],"predecessor-version":[{"id":4484,"href":"https:\/\/sovmer.se\/no\/wp-json\/wp\/v2\/pages\/4483\/revisions\/4484"}],"wp:attachment":[{"href":"https:\/\/sovmer.se\/no\/wp-json\/wp\/v2\/media?parent=4483"}],"curies":[{"name":"wp","href":"https:\/\/api.w.org\/{rel}","templated":true}]}}