{"id":4490,"date":"2024-12-06T11:54:18","date_gmt":"2024-12-06T10:54:18","guid":{"rendered":"https:\/\/sovmer.se\/langvarig-sovnmangel-symptomer\/"},"modified":"2026-02-05T16:08:42","modified_gmt":"2026-02-05T15:08:42","slug":"langvarig-sovnmangel-symptomer","status":"publish","type":"page","link":"https:\/\/sovmer.se\/no\/langvarig-sovnmangel-symptomer\/","title":{"rendered":"Langvarig s\u00f8vnmangel &#8211; symptomer"},"content":{"rendered":"<div id=\"cs-content\" class=\"cs-content\"><\/div>\n","protected":false},"excerpt":{"rendered":"<p>Hva skjer i kroppen din n\u00e5r du sover for liteTenk deg at langvarig s\u00f8vnmangel er som \u00e5 pr\u00f8ve \u00e5 leve med et batteri som aldri blir fulladet. Jo lenger du g\u00e5r uten nok s\u00f8vn, desto mer p\u00e5virkes kroppen og sinnet ditt. Til \u00e5 begynne med kan du merke at du har vanskeligere for \u00e5 konsentrere deg, eller at du lettere &#8230;<\/p>\n","protected":false},"author":16,"featured_media":0,"parent":0,"menu_order":0,"comment_status":"closed","ping_status":"closed","template":"template-blank-5.php","meta":{"inline_featured_image":false,"footnotes":""},"class_list":["post-4490","page","type-page","status-publish","hentry","no-post-thumbnail"],"yoast_head":"<!-- This site is optimized with the Yoast SEO Premium plugin v24.3 (Yoast SEO v26.5) - https:\/\/yoast.com\/wordpress\/plugins\/seo\/ -->\n<title>Langvarig s\u00f8vnmangel - symptomer og konsekvenser | Sovmer<\/title>\n<meta name=\"description\" content=\"Langvarig s\u00f8vnmangel p\u00e5virker din fysiske, mentale og emosjonelle helse. Vi forklarer hva som skjer i kroppen din n\u00e5r du sover for lite.\" \/>\n<meta name=\"robots\" content=\"index, follow, max-snippet:-1, max-image-preview:large, max-video-preview:-1\" \/>\n<link rel=\"canonical\" href=\"https:\/\/sovmer.se\/no\/langvarig-sovnmangel-symptomer\/\" \/>\n<meta property=\"og:locale\" content=\"nb_NO\" \/>\n<meta property=\"og:type\" content=\"article\" \/>\n<meta property=\"og:title\" content=\"Langvarig s\u00f8vnmangel - symptomer\" \/>\n<meta property=\"og:description\" content=\"Langvarig s\u00f8vnmangel p\u00e5virker din fysiske, mentale og emosjonelle helse. Vi forklarer hva som skjer i kroppen din n\u00e5r du sover for lite.\" \/>\n<meta property=\"og:url\" content=\"https:\/\/sovmer.se\/no\/langvarig-sovnmangel-symptomer\/\" \/>\n<meta property=\"og:site_name\" content=\"sovmer.se\" \/>\n<meta property=\"article:publisher\" content=\"https:\/\/www.facebook.com\/sovmer\" \/>\n<meta property=\"article:modified_time\" content=\"2026-02-05T15:08:42+00:00\" \/>\n<meta name=\"twitter:card\" content=\"summary_large_image\" \/>\n<meta name=\"twitter:label1\" content=\"Ansl. lesetid\" \/>\n\t<meta name=\"twitter:data1\" content=\"13 minutter\" \/>\n<script type=\"application\/ld+json\" class=\"yoast-schema-graph\">{\"@context\":\"https:\/\/schema.org\",\"@graph\":[{\"@type\":\"WebPage\",\"@id\":\"https:\/\/sovmer.se\/no\/langvarig-sovnmangel-symptomer\/\",\"url\":\"https:\/\/sovmer.se\/no\/langvarig-sovnmangel-symptomer\/\",\"name\":\"Langvarig s\u00f8vnmangel - symptomer og konsekvenser | Sovmer\",\"isPartOf\":{\"@id\":\"https:\/\/sovmer.se\/no\/#website\"},\"datePublished\":\"2024-12-06T10:54:18+00:00\",\"dateModified\":\"2026-02-05T15:08:42+00:00\",\"description\":\"Langvarig s\u00f8vnmangel p\u00e5virker din fysiske, mentale og emosjonelle helse. Vi forklarer hva som skjer i kroppen din n\u00e5r du sover for lite.\",\"breadcrumb\":{\"@id\":\"https:\/\/sovmer.se\/no\/langvarig-sovnmangel-symptomer\/#breadcrumb\"},\"inLanguage\":\"nb-NO\",\"potentialAction\":[{\"@type\":\"ReadAction\",\"target\":[\"https:\/\/sovmer.se\/no\/langvarig-sovnmangel-symptomer\/\"]}]},{\"@type\":\"BreadcrumbList\",\"@id\":\"https:\/\/sovmer.se\/no\/langvarig-sovnmangel-symptomer\/#breadcrumb\",\"itemListElement\":[{\"@type\":\"ListItem\",\"position\":1,\"name\":\"Home\",\"item\":\"https:\/\/sovmer.se\/no\/start-kopier-2\/\"},{\"@type\":\"ListItem\",\"position\":2,\"name\":\"Langvarig s\u00f8vnmangel &#8211; symptomer\"}]},{\"@type\":\"WebSite\",\"@id\":\"https:\/\/sovmer.se\/no\/#website\",\"url\":\"https:\/\/sovmer.se\/no\/\",\"name\":\"sovmer.se\",\"description\":\"Sov mer s\u00e5 att du kan leva mer\",\"publisher\":{\"@id\":\"https:\/\/sovmer.se\/no\/#organization\"},\"potentialAction\":[{\"@type\":\"SearchAction\",\"target\":{\"@type\":\"EntryPoint\",\"urlTemplate\":\"https:\/\/sovmer.se\/no\/?s={search_term_string}\"},\"query-input\":{\"@type\":\"PropertyValueSpecification\",\"valueRequired\":true,\"valueName\":\"search_term_string\"}}],\"inLanguage\":\"nb-NO\"},{\"@type\":\"Organization\",\"@id\":\"https:\/\/sovmer.se\/no\/#organization\",\"name\":\"sovmer\",\"url\":\"https:\/\/sovmer.se\/no\/\",\"logo\":{\"@type\":\"ImageObject\",\"inLanguage\":\"nb-NO\",\"@id\":\"https:\/\/sovmer.se\/no\/#\/schema\/logo\/image\/\",\"url\":\"https:\/\/sovmer.se\/wp-content\/uploads\/2023\/10\/Sovmer-logo.png\",\"contentUrl\":\"https:\/\/sovmer.se\/wp-content\/uploads\/2023\/10\/Sovmer-logo.png\",\"width\":582,\"height\":290,\"caption\":\"sovmer\"},\"image\":{\"@id\":\"https:\/\/sovmer.se\/no\/#\/schema\/logo\/image\/\"},\"sameAs\":[\"https:\/\/www.facebook.com\/sovmer\",\"https:\/\/www.instagram.com\/sovmer.se\"]}]}<\/script>\n<!-- \/ Yoast SEO Premium plugin. -->","yoast_head_json":{"title":"Langvarig s\u00f8vnmangel - symptomer og konsekvenser | Sovmer","description":"Langvarig s\u00f8vnmangel p\u00e5virker din fysiske, mentale og emosjonelle helse. Vi forklarer hva som skjer i kroppen din n\u00e5r du sover for lite.","robots":{"index":"index","follow":"follow","max-snippet":"max-snippet:-1","max-image-preview":"max-image-preview:large","max-video-preview":"max-video-preview:-1"},"canonical":"https:\/\/sovmer.se\/no\/langvarig-sovnmangel-symptomer\/","og_locale":"nb_NO","og_type":"article","og_title":"Langvarig s\u00f8vnmangel - symptomer","og_description":"Langvarig s\u00f8vnmangel p\u00e5virker din fysiske, mentale og emosjonelle helse. Vi forklarer hva som skjer i kroppen din n\u00e5r du sover for lite.","og_url":"https:\/\/sovmer.se\/no\/langvarig-sovnmangel-symptomer\/","og_site_name":"sovmer.se","article_publisher":"https:\/\/www.facebook.com\/sovmer","article_modified_time":"2026-02-05T15:08:42+00:00","twitter_card":"summary_large_image","twitter_misc":{"Ansl. lesetid":"13 minutter"},"schema":{"@context":"https:\/\/schema.org","@graph":[{"@type":"WebPage","@id":"https:\/\/sovmer.se\/no\/langvarig-sovnmangel-symptomer\/","url":"https:\/\/sovmer.se\/no\/langvarig-sovnmangel-symptomer\/","name":"Langvarig s\u00f8vnmangel - symptomer og konsekvenser | Sovmer","isPartOf":{"@id":"https:\/\/sovmer.se\/no\/#website"},"datePublished":"2024-12-06T10:54:18+00:00","dateModified":"2026-02-05T15:08:42+00:00","description":"Langvarig s\u00f8vnmangel p\u00e5virker din fysiske, mentale og emosjonelle helse. Vi forklarer hva som skjer i kroppen din n\u00e5r du sover for lite.","breadcrumb":{"@id":"https:\/\/sovmer.se\/no\/langvarig-sovnmangel-symptomer\/#breadcrumb"},"inLanguage":"nb-NO","potentialAction":[{"@type":"ReadAction","target":["https:\/\/sovmer.se\/no\/langvarig-sovnmangel-symptomer\/"]}]},{"@type":"BreadcrumbList","@id":"https:\/\/sovmer.se\/no\/langvarig-sovnmangel-symptomer\/#breadcrumb","itemListElement":[{"@type":"ListItem","position":1,"name":"Home","item":"https:\/\/sovmer.se\/no\/start-kopier-2\/"},{"@type":"ListItem","position":2,"name":"Langvarig s\u00f8vnmangel &#8211; symptomer"}]},{"@type":"WebSite","@id":"https:\/\/sovmer.se\/no\/#website","url":"https:\/\/sovmer.se\/no\/","name":"sovmer.se","description":"Sov mer s\u00e5 att du kan leva mer","publisher":{"@id":"https:\/\/sovmer.se\/no\/#organization"},"potentialAction":[{"@type":"SearchAction","target":{"@type":"EntryPoint","urlTemplate":"https:\/\/sovmer.se\/no\/?s={search_term_string}"},"query-input":{"@type":"PropertyValueSpecification","valueRequired":true,"valueName":"search_term_string"}}],"inLanguage":"nb-NO"},{"@type":"Organization","@id":"https:\/\/sovmer.se\/no\/#organization","name":"sovmer","url":"https:\/\/sovmer.se\/no\/","logo":{"@type":"ImageObject","inLanguage":"nb-NO","@id":"https:\/\/sovmer.se\/no\/#\/schema\/logo\/image\/","url":"https:\/\/sovmer.se\/wp-content\/uploads\/2023\/10\/Sovmer-logo.png","contentUrl":"https:\/\/sovmer.se\/wp-content\/uploads\/2023\/10\/Sovmer-logo.png","width":582,"height":290,"caption":"sovmer"},"image":{"@id":"https:\/\/sovmer.se\/no\/#\/schema\/logo\/image\/"},"sameAs":["https:\/\/www.facebook.com\/sovmer","https:\/\/www.instagram.com\/sovmer.se"]}]}},"jetpack_sharing_enabled":true,"_links":{"self":[{"href":"https:\/\/sovmer.se\/no\/wp-json\/wp\/v2\/pages\/4490","targetHints":{"allow":["GET"]}}],"collection":[{"href":"https:\/\/sovmer.se\/no\/wp-json\/wp\/v2\/pages"}],"about":[{"href":"https:\/\/sovmer.se\/no\/wp-json\/wp\/v2\/types\/page"}],"author":[{"embeddable":true,"href":"https:\/\/sovmer.se\/no\/wp-json\/wp\/v2\/users\/16"}],"replies":[{"embeddable":true,"href":"https:\/\/sovmer.se\/no\/wp-json\/wp\/v2\/comments?post=4490"}],"version-history":[{"count":4,"href":"https:\/\/sovmer.se\/no\/wp-json\/wp\/v2\/pages\/4490\/revisions"}],"predecessor-version":[{"id":5926,"href":"https:\/\/sovmer.se\/no\/wp-json\/wp\/v2\/pages\/4490\/revisions\/5926"}],"wp:attachment":[{"href":"https:\/\/sovmer.se\/no\/wp-json\/wp\/v2\/media?parent=4490"}],"curies":[{"name":"wp","href":"https:\/\/api.w.org\/{rel}","templated":true}]}}