{"id":4516,"date":"2024-12-06T16:12:09","date_gmt":"2024-12-06T15:12:09","guid":{"rendered":"https:\/\/sovmer.se\/koseguide\/"},"modified":"2026-02-05T14:46:52","modified_gmt":"2026-02-05T13:46:52","slug":"koseguide","status":"publish","type":"page","link":"https:\/\/sovmer.se\/no\/koseguide\/","title":{"rendered":"Koseguide"},"content":{"rendered":"<div id=\"cs-content\" class=\"cs-content\"><\/div>\n","protected":false},"excerpt":{"rendered":"<p>Puteguide &#8211; Hvordan velge riktig puteFor \u00e5 velge riktig pute b\u00f8r du velge en som passer til din sovestilling og kroppsst\u00f8rrelse, og som gir riktig st\u00f8tte og trykkavlastning for nakke, skuldre og ryggrad. I denne guiden hjelper vi deg med \u00e5 velge en pute som passer for deg, enten du foretrekker \u00e5 sove p\u00e5 magen, ryggen eller siden. sovestillingPutens viktigste &#8230;<\/p>\n","protected":false},"author":16,"featured_media":0,"parent":0,"menu_order":0,"comment_status":"closed","ping_status":"closed","template":"template-blank-5.php","meta":{"inline_featured_image":false,"footnotes":""},"class_list":["post-4516","page","type-page","status-publish","hentry","no-post-thumbnail"],"yoast_head":"<!-- This site is optimized with the Yoast SEO Premium plugin v24.3 (Yoast SEO v26.5) - https:\/\/yoast.com\/wordpress\/plugins\/seo\/ -->\n<title>Puteguide - Vi hjelper deg med \u00e5 velge riktig pute | Sovmer<\/title>\n<meta name=\"description\" content=\"F\u00e5 hjelp til \u00e5 velge riktig pute for din sovestil med v\u00e5r puteguide. Beste pute for \u2713Sidesovere \u2713Magesovere \u2713Ryggsovere.\" \/>\n<meta name=\"robots\" content=\"index, follow, max-snippet:-1, max-image-preview:large, max-video-preview:-1\" \/>\n<link rel=\"canonical\" href=\"https:\/\/sovmer.se\/no\/koseguide\/\" \/>\n<meta property=\"og:locale\" content=\"nb_NO\" \/>\n<meta property=\"og:type\" content=\"article\" \/>\n<meta property=\"og:title\" content=\"Koseguide\" \/>\n<meta property=\"og:description\" content=\"F\u00e5 hjelp til \u00e5 velge riktig pute for din sovestil med v\u00e5r puteguide. Beste pute for \u2713Sidesovere \u2713Magesovere \u2713Ryggsovere.\" \/>\n<meta property=\"og:url\" content=\"https:\/\/sovmer.se\/no\/koseguide\/\" \/>\n<meta property=\"og:site_name\" content=\"sovmer.se\" \/>\n<meta property=\"article:publisher\" content=\"https:\/\/www.facebook.com\/sovmer\" \/>\n<meta property=\"article:modified_time\" content=\"2026-02-05T13:46:52+00:00\" \/>\n<meta name=\"twitter:card\" content=\"summary_large_image\" \/>\n<meta name=\"twitter:label1\" content=\"Ansl. lesetid\" \/>\n\t<meta name=\"twitter:data1\" content=\"6 minutter\" \/>\n<script type=\"application\/ld+json\" class=\"yoast-schema-graph\">{\"@context\":\"https:\/\/schema.org\",\"@graph\":[{\"@type\":\"WebPage\",\"@id\":\"https:\/\/sovmer.se\/no\/koseguide\/\",\"url\":\"https:\/\/sovmer.se\/no\/koseguide\/\",\"name\":\"Puteguide - Vi hjelper deg med \u00e5 velge riktig pute | Sovmer\",\"isPartOf\":{\"@id\":\"https:\/\/sovmer.se\/no\/#website\"},\"datePublished\":\"2024-12-06T15:12:09+00:00\",\"dateModified\":\"2026-02-05T13:46:52+00:00\",\"description\":\"F\u00e5 hjelp til \u00e5 velge riktig pute for din sovestil med v\u00e5r puteguide. Beste pute for \u2713Sidesovere \u2713Magesovere \u2713Ryggsovere.\",\"breadcrumb\":{\"@id\":\"https:\/\/sovmer.se\/no\/koseguide\/#breadcrumb\"},\"inLanguage\":\"nb-NO\",\"potentialAction\":[{\"@type\":\"ReadAction\",\"target\":[\"https:\/\/sovmer.se\/no\/koseguide\/\"]}]},{\"@type\":\"BreadcrumbList\",\"@id\":\"https:\/\/sovmer.se\/no\/koseguide\/#breadcrumb\",\"itemListElement\":[{\"@type\":\"ListItem\",\"position\":1,\"name\":\"Home\",\"item\":\"https:\/\/sovmer.se\/no\/start-kopier-2\/\"},{\"@type\":\"ListItem\",\"position\":2,\"name\":\"Koseguide\"}]},{\"@type\":\"WebSite\",\"@id\":\"https:\/\/sovmer.se\/no\/#website\",\"url\":\"https:\/\/sovmer.se\/no\/\",\"name\":\"sovmer.se\",\"description\":\"Sov mer s\u00e5 att du kan leva mer\",\"publisher\":{\"@id\":\"https:\/\/sovmer.se\/no\/#organization\"},\"potentialAction\":[{\"@type\":\"SearchAction\",\"target\":{\"@type\":\"EntryPoint\",\"urlTemplate\":\"https:\/\/sovmer.se\/no\/?s={search_term_string}\"},\"query-input\":{\"@type\":\"PropertyValueSpecification\",\"valueRequired\":true,\"valueName\":\"search_term_string\"}}],\"inLanguage\":\"nb-NO\"},{\"@type\":\"Organization\",\"@id\":\"https:\/\/sovmer.se\/no\/#organization\",\"name\":\"sovmer\",\"url\":\"https:\/\/sovmer.se\/no\/\",\"logo\":{\"@type\":\"ImageObject\",\"inLanguage\":\"nb-NO\",\"@id\":\"https:\/\/sovmer.se\/no\/#\/schema\/logo\/image\/\",\"url\":\"https:\/\/sovmer.se\/wp-content\/uploads\/2023\/10\/Sovmer-logo.png\",\"contentUrl\":\"https:\/\/sovmer.se\/wp-content\/uploads\/2023\/10\/Sovmer-logo.png\",\"width\":582,\"height\":290,\"caption\":\"sovmer\"},\"image\":{\"@id\":\"https:\/\/sovmer.se\/no\/#\/schema\/logo\/image\/\"},\"sameAs\":[\"https:\/\/www.facebook.com\/sovmer\",\"https:\/\/www.instagram.com\/sovmer.se\"]}]}<\/script>\n<!-- \/ Yoast SEO Premium plugin. -->","yoast_head_json":{"title":"Puteguide - Vi hjelper deg med \u00e5 velge riktig pute | Sovmer","description":"F\u00e5 hjelp til \u00e5 velge riktig pute for din sovestil med v\u00e5r puteguide. Beste pute for \u2713Sidesovere \u2713Magesovere \u2713Ryggsovere.","robots":{"index":"index","follow":"follow","max-snippet":"max-snippet:-1","max-image-preview":"max-image-preview:large","max-video-preview":"max-video-preview:-1"},"canonical":"https:\/\/sovmer.se\/no\/koseguide\/","og_locale":"nb_NO","og_type":"article","og_title":"Koseguide","og_description":"F\u00e5 hjelp til \u00e5 velge riktig pute for din sovestil med v\u00e5r puteguide. Beste pute for \u2713Sidesovere \u2713Magesovere \u2713Ryggsovere.","og_url":"https:\/\/sovmer.se\/no\/koseguide\/","og_site_name":"sovmer.se","article_publisher":"https:\/\/www.facebook.com\/sovmer","article_modified_time":"2026-02-05T13:46:52+00:00","twitter_card":"summary_large_image","twitter_misc":{"Ansl. lesetid":"6 minutter"},"schema":{"@context":"https:\/\/schema.org","@graph":[{"@type":"WebPage","@id":"https:\/\/sovmer.se\/no\/koseguide\/","url":"https:\/\/sovmer.se\/no\/koseguide\/","name":"Puteguide - Vi hjelper deg med \u00e5 velge riktig pute | Sovmer","isPartOf":{"@id":"https:\/\/sovmer.se\/no\/#website"},"datePublished":"2024-12-06T15:12:09+00:00","dateModified":"2026-02-05T13:46:52+00:00","description":"F\u00e5 hjelp til \u00e5 velge riktig pute for din sovestil med v\u00e5r puteguide. Beste pute for \u2713Sidesovere \u2713Magesovere \u2713Ryggsovere.","breadcrumb":{"@id":"https:\/\/sovmer.se\/no\/koseguide\/#breadcrumb"},"inLanguage":"nb-NO","potentialAction":[{"@type":"ReadAction","target":["https:\/\/sovmer.se\/no\/koseguide\/"]}]},{"@type":"BreadcrumbList","@id":"https:\/\/sovmer.se\/no\/koseguide\/#breadcrumb","itemListElement":[{"@type":"ListItem","position":1,"name":"Home","item":"https:\/\/sovmer.se\/no\/start-kopier-2\/"},{"@type":"ListItem","position":2,"name":"Koseguide"}]},{"@type":"WebSite","@id":"https:\/\/sovmer.se\/no\/#website","url":"https:\/\/sovmer.se\/no\/","name":"sovmer.se","description":"Sov mer s\u00e5 att du kan leva mer","publisher":{"@id":"https:\/\/sovmer.se\/no\/#organization"},"potentialAction":[{"@type":"SearchAction","target":{"@type":"EntryPoint","urlTemplate":"https:\/\/sovmer.se\/no\/?s={search_term_string}"},"query-input":{"@type":"PropertyValueSpecification","valueRequired":true,"valueName":"search_term_string"}}],"inLanguage":"nb-NO"},{"@type":"Organization","@id":"https:\/\/sovmer.se\/no\/#organization","name":"sovmer","url":"https:\/\/sovmer.se\/no\/","logo":{"@type":"ImageObject","inLanguage":"nb-NO","@id":"https:\/\/sovmer.se\/no\/#\/schema\/logo\/image\/","url":"https:\/\/sovmer.se\/wp-content\/uploads\/2023\/10\/Sovmer-logo.png","contentUrl":"https:\/\/sovmer.se\/wp-content\/uploads\/2023\/10\/Sovmer-logo.png","width":582,"height":290,"caption":"sovmer"},"image":{"@id":"https:\/\/sovmer.se\/no\/#\/schema\/logo\/image\/"},"sameAs":["https:\/\/www.facebook.com\/sovmer","https:\/\/www.instagram.com\/sovmer.se"]}]}},"jetpack_sharing_enabled":true,"_links":{"self":[{"href":"https:\/\/sovmer.se\/no\/wp-json\/wp\/v2\/pages\/4516","targetHints":{"allow":["GET"]}}],"collection":[{"href":"https:\/\/sovmer.se\/no\/wp-json\/wp\/v2\/pages"}],"about":[{"href":"https:\/\/sovmer.se\/no\/wp-json\/wp\/v2\/types\/page"}],"author":[{"embeddable":true,"href":"https:\/\/sovmer.se\/no\/wp-json\/wp\/v2\/users\/16"}],"replies":[{"embeddable":true,"href":"https:\/\/sovmer.se\/no\/wp-json\/wp\/v2\/comments?post=4516"}],"version-history":[{"count":2,"href":"https:\/\/sovmer.se\/no\/wp-json\/wp\/v2\/pages\/4516\/revisions"}],"predecessor-version":[{"id":5910,"href":"https:\/\/sovmer.se\/no\/wp-json\/wp\/v2\/pages\/4516\/revisions\/5910"}],"wp:attachment":[{"href":"https:\/\/sovmer.se\/no\/wp-json\/wp\/v2\/media?parent=4516"}],"curies":[{"name":"wp","href":"https:\/\/api.w.org\/{rel}","templated":true}]}}