{"id":4777,"date":"2025-02-10T14:44:24","date_gmt":"2025-02-10T13:44:24","guid":{"rendered":"https:\/\/sovmer.se\/lp-madrass\/"},"modified":"2025-02-13T23:36:17","modified_gmt":"2025-02-13T22:36:17","slug":"lp-madrass","status":"publish","type":"page","link":"https:\/\/sovmer.se\/no\/lp-madrass\/","title":{"rendered":"lp-madrass"},"content":{"rendered":"<div id=\"cs-content\" class=\"cs-content\"><\/div>\n","protected":false},"excerpt":{"rendered":"<p>En god natt blir til en god morgen.b&auml;ddmadrasser att l&auml;ngta tillkj\u00f8p n\u00e5MadrassputerMadrassputer fra SovmerSovmers b&auml;ddmadrasser kombinerar komfort och ergonomi f&ouml;r en b&auml;ttre s&ouml;mn. Med zonindelat skum eller Talalay-latex ger de tryckavlastning, st&ouml;d och en balanserad sovupplevelse. Den v&auml;ndbara designen g&ouml;r det enkelt att anpassa k&auml;nslan efter dina behov.Les mer om detteNaimakka Talalay-madrassNaimakka-b&auml;ddmadrassen fr&aring;n Sovmer &auml;r gjord av h&aring;llbar, andningsbar Talalay-latex &#8230;<\/p>\n","protected":false},"author":7,"featured_media":0,"parent":0,"menu_order":0,"comment_status":"closed","ping_status":"closed","template":"template-blank-5.php","meta":{"inline_featured_image":false,"footnotes":""},"class_list":["post-4777","page","type-page","status-publish","hentry","no-post-thumbnail"],"yoast_head":"<!-- This site is optimized with the Yoast SEO Premium plugin v24.3 (Yoast SEO v26.5) - https:\/\/yoast.com\/wordpress\/plugins\/seo\/ -->\n<title>Bedre s\u00f8vnhelse med produkter av h\u00f8y kvalitet<\/title>\n<meta name=\"description\" content=\"Sovmer tilbyr produkter av h\u00f8y kvalitet for \u00f8kt velv\u00e6re og bedre s\u00f8vn. 100 % tilfredshet eller pengene tilbake.\" \/>\n<meta name=\"robots\" content=\"index, follow, max-snippet:-1, max-image-preview:large, max-video-preview:-1\" \/>\n<link rel=\"canonical\" href=\"https:\/\/sovmer.se\/no\/lp-madrass\/\" \/>\n<meta property=\"og:locale\" content=\"nb_NO\" \/>\n<meta property=\"og:type\" content=\"article\" \/>\n<meta property=\"og:title\" content=\"Bedre s\u00f8vnhelse med produkter av h\u00f8y kvalitet\" \/>\n<meta property=\"og:description\" content=\"Sovmer tilbyr produkter av h\u00f8y kvalitet for \u00f8kt velv\u00e6re og bedre s\u00f8vn. 100 % tilfredshet eller pengene tilbake.\" \/>\n<meta property=\"og:url\" content=\"https:\/\/sovmer.se\/no\/lp-madrass\/\" \/>\n<meta property=\"og:site_name\" content=\"sovmer.se\" \/>\n<meta property=\"article:publisher\" content=\"https:\/\/www.facebook.com\/sovmer\" \/>\n<meta property=\"article:modified_time\" content=\"2025-02-13T22:36:17+00:00\" \/>\n<meta property=\"og:image\" content=\"https:\/\/sovmer.se\/wp-content\/uploads\/2023\/10\/Sovmer-logo.png\" \/>\n<meta name=\"twitter:card\" content=\"summary_large_image\" \/>\n<meta name=\"twitter:title\" content=\"F\u00e5 bedre s\u00f8vn med en ergonomisk pute i naturlateks\" \/>\n<meta name=\"twitter:description\" content=\"Gi kroppen den hvilen den fortjener med en ergonomisk pute i naturlateks. Sov godt og v\u00e5kn opp uthvilt hver morgen.\" \/>\n<meta name=\"twitter:image\" content=\"https:\/\/sovmer.se\/wp-content\/uploads\/2023\/10\/Sovmer-logo.png\" \/>\n<meta name=\"twitter:label1\" content=\"Ansl. lesetid\" \/>\n\t<meta name=\"twitter:data1\" content=\"8 minutter\" \/>\n<script type=\"application\/ld+json\" class=\"yoast-schema-graph\">{\"@context\":\"https:\/\/schema.org\",\"@graph\":[{\"@type\":\"WebPage\",\"@id\":\"https:\/\/sovmer.se\/no\/lp-madrass\/\",\"url\":\"https:\/\/sovmer.se\/no\/lp-madrass\/\",\"name\":\"Bedre s\u00f8vnhelse med produkter av h\u00f8y kvalitet\",\"isPartOf\":{\"@id\":\"https:\/\/sovmer.se\/no\/#website\"},\"datePublished\":\"2025-02-10T13:44:24+00:00\",\"dateModified\":\"2025-02-13T22:36:17+00:00\",\"description\":\"Sovmer tilbyr produkter av h\u00f8y kvalitet for \u00f8kt velv\u00e6re og bedre s\u00f8vn. 100 % tilfredshet eller pengene tilbake.\",\"breadcrumb\":{\"@id\":\"https:\/\/sovmer.se\/no\/lp-madrass\/#breadcrumb\"},\"inLanguage\":\"nb-NO\",\"potentialAction\":[{\"@type\":\"ReadAction\",\"target\":[\"https:\/\/sovmer.se\/no\/lp-madrass\/\"]}]},{\"@type\":\"BreadcrumbList\",\"@id\":\"https:\/\/sovmer.se\/no\/lp-madrass\/#breadcrumb\",\"itemListElement\":[{\"@type\":\"ListItem\",\"position\":1,\"name\":\"Home\",\"item\":\"https:\/\/sovmer.se\/no\/start-kopier-2\/\"},{\"@type\":\"ListItem\",\"position\":2,\"name\":\"lp-madrass\"}]},{\"@type\":\"WebSite\",\"@id\":\"https:\/\/sovmer.se\/no\/#website\",\"url\":\"https:\/\/sovmer.se\/no\/\",\"name\":\"sovmer.se\",\"description\":\"Sov mer s\u00e5 att du kan leva mer\",\"publisher\":{\"@id\":\"https:\/\/sovmer.se\/no\/#organization\"},\"potentialAction\":[{\"@type\":\"SearchAction\",\"target\":{\"@type\":\"EntryPoint\",\"urlTemplate\":\"https:\/\/sovmer.se\/no\/?s={search_term_string}\"},\"query-input\":{\"@type\":\"PropertyValueSpecification\",\"valueRequired\":true,\"valueName\":\"search_term_string\"}}],\"inLanguage\":\"nb-NO\"},{\"@type\":\"Organization\",\"@id\":\"https:\/\/sovmer.se\/no\/#organization\",\"name\":\"sovmer\",\"url\":\"https:\/\/sovmer.se\/no\/\",\"logo\":{\"@type\":\"ImageObject\",\"inLanguage\":\"nb-NO\",\"@id\":\"https:\/\/sovmer.se\/no\/#\/schema\/logo\/image\/\",\"url\":\"https:\/\/sovmer.se\/wp-content\/uploads\/2023\/10\/Sovmer-logo.png\",\"contentUrl\":\"https:\/\/sovmer.se\/wp-content\/uploads\/2023\/10\/Sovmer-logo.png\",\"width\":582,\"height\":290,\"caption\":\"sovmer\"},\"image\":{\"@id\":\"https:\/\/sovmer.se\/no\/#\/schema\/logo\/image\/\"},\"sameAs\":[\"https:\/\/www.facebook.com\/sovmer\",\"https:\/\/www.instagram.com\/sovmer.se\"]}]}<\/script>\n<!-- \/ Yoast SEO Premium plugin. -->","yoast_head_json":{"title":"Bedre s\u00f8vnhelse med produkter av h\u00f8y kvalitet","description":"Sovmer tilbyr produkter av h\u00f8y kvalitet for \u00f8kt velv\u00e6re og bedre s\u00f8vn. 100 % tilfredshet eller pengene tilbake.","robots":{"index":"index","follow":"follow","max-snippet":"max-snippet:-1","max-image-preview":"max-image-preview:large","max-video-preview":"max-video-preview:-1"},"canonical":"https:\/\/sovmer.se\/no\/lp-madrass\/","og_locale":"nb_NO","og_type":"article","og_title":"Bedre s\u00f8vnhelse med produkter av h\u00f8y kvalitet","og_description":"Sovmer tilbyr produkter av h\u00f8y kvalitet for \u00f8kt velv\u00e6re og bedre s\u00f8vn. 100 % tilfredshet eller pengene tilbake.","og_url":"https:\/\/sovmer.se\/no\/lp-madrass\/","og_site_name":"sovmer.se","article_publisher":"https:\/\/www.facebook.com\/sovmer","article_modified_time":"2025-02-13T22:36:17+00:00","og_image":[{"url":"https:\/\/sovmer.se\/wp-content\/uploads\/2023\/10\/Sovmer-logo.png","type":"","width":"","height":""}],"twitter_card":"summary_large_image","twitter_title":"F\u00e5 bedre s\u00f8vn med en ergonomisk pute i naturlateks","twitter_description":"Gi kroppen den hvilen den fortjener med en ergonomisk pute i naturlateks. Sov godt og v\u00e5kn opp uthvilt hver morgen.","twitter_image":"https:\/\/sovmer.se\/wp-content\/uploads\/2023\/10\/Sovmer-logo.png","twitter_misc":{"Ansl. lesetid":"8 minutter"},"schema":{"@context":"https:\/\/schema.org","@graph":[{"@type":"WebPage","@id":"https:\/\/sovmer.se\/no\/lp-madrass\/","url":"https:\/\/sovmer.se\/no\/lp-madrass\/","name":"Bedre s\u00f8vnhelse med produkter av h\u00f8y kvalitet","isPartOf":{"@id":"https:\/\/sovmer.se\/no\/#website"},"datePublished":"2025-02-10T13:44:24+00:00","dateModified":"2025-02-13T22:36:17+00:00","description":"Sovmer tilbyr produkter av h\u00f8y kvalitet for \u00f8kt velv\u00e6re og bedre s\u00f8vn. 100 % tilfredshet eller pengene tilbake.","breadcrumb":{"@id":"https:\/\/sovmer.se\/no\/lp-madrass\/#breadcrumb"},"inLanguage":"nb-NO","potentialAction":[{"@type":"ReadAction","target":["https:\/\/sovmer.se\/no\/lp-madrass\/"]}]},{"@type":"BreadcrumbList","@id":"https:\/\/sovmer.se\/no\/lp-madrass\/#breadcrumb","itemListElement":[{"@type":"ListItem","position":1,"name":"Home","item":"https:\/\/sovmer.se\/no\/start-kopier-2\/"},{"@type":"ListItem","position":2,"name":"lp-madrass"}]},{"@type":"WebSite","@id":"https:\/\/sovmer.se\/no\/#website","url":"https:\/\/sovmer.se\/no\/","name":"sovmer.se","description":"Sov mer s\u00e5 att du kan leva mer","publisher":{"@id":"https:\/\/sovmer.se\/no\/#organization"},"potentialAction":[{"@type":"SearchAction","target":{"@type":"EntryPoint","urlTemplate":"https:\/\/sovmer.se\/no\/?s={search_term_string}"},"query-input":{"@type":"PropertyValueSpecification","valueRequired":true,"valueName":"search_term_string"}}],"inLanguage":"nb-NO"},{"@type":"Organization","@id":"https:\/\/sovmer.se\/no\/#organization","name":"sovmer","url":"https:\/\/sovmer.se\/no\/","logo":{"@type":"ImageObject","inLanguage":"nb-NO","@id":"https:\/\/sovmer.se\/no\/#\/schema\/logo\/image\/","url":"https:\/\/sovmer.se\/wp-content\/uploads\/2023\/10\/Sovmer-logo.png","contentUrl":"https:\/\/sovmer.se\/wp-content\/uploads\/2023\/10\/Sovmer-logo.png","width":582,"height":290,"caption":"sovmer"},"image":{"@id":"https:\/\/sovmer.se\/no\/#\/schema\/logo\/image\/"},"sameAs":["https:\/\/www.facebook.com\/sovmer","https:\/\/www.instagram.com\/sovmer.se"]}]}},"jetpack_sharing_enabled":true,"_links":{"self":[{"href":"https:\/\/sovmer.se\/no\/wp-json\/wp\/v2\/pages\/4777","targetHints":{"allow":["GET"]}}],"collection":[{"href":"https:\/\/sovmer.se\/no\/wp-json\/wp\/v2\/pages"}],"about":[{"href":"https:\/\/sovmer.se\/no\/wp-json\/wp\/v2\/types\/page"}],"author":[{"embeddable":true,"href":"https:\/\/sovmer.se\/no\/wp-json\/wp\/v2\/users\/7"}],"replies":[{"embeddable":true,"href":"https:\/\/sovmer.se\/no\/wp-json\/wp\/v2\/comments?post=4777"}],"version-history":[{"count":1,"href":"https:\/\/sovmer.se\/no\/wp-json\/wp\/v2\/pages\/4777\/revisions"}],"predecessor-version":[{"id":4779,"href":"https:\/\/sovmer.se\/no\/wp-json\/wp\/v2\/pages\/4777\/revisions\/4779"}],"wp:attachment":[{"href":"https:\/\/sovmer.se\/no\/wp-json\/wp\/v2\/media?parent=4777"}],"curies":[{"name":"wp","href":"https:\/\/api.w.org\/{rel}","templated":true}]}}