{"id":5654,"date":"2025-12-30T12:50:49","date_gmt":"2025-12-30T11:50:49","guid":{"rendered":"https:\/\/sovmer.se\/start-kopier-2\/"},"modified":"2026-02-03T13:05:08","modified_gmt":"2026-02-03T12:05:08","slug":"start-kopier-2","status":"publish","type":"page","link":"https:\/\/sovmer.se\/no\/","title":{"rendered":"Start (Kopier)"},"content":{"rendered":"<div id=\"cs-content\" class=\"cs-content\"><\/div>\n","protected":false},"excerpt":{"rendered":"<p>&nbsp;Stenmarks julegavetipsGe bort vila som verkligen g&ouml;r skillnad.Str&ouml;msund &auml;r v&aring;r ergonomiska premiumkudde i naturlig Talalay-latex &ndash; avlastning, komfort och h&aring;llbar kvalitet som m&aring;nga uppskattar. En omt&auml;nksam julklapp till dig sj&auml;lv eller n&aring;gon du bryr dig om.Nu: 1 f&ouml;r 995 kr eller 2 f&ouml;r 1499 kr. Kj\u00f8p Str\u00f6msund premium pute&nbsp;Stenmark anbefaler Str\u00f6msundPrioritera din s&ouml;mnh&auml;lsa. Str&ouml;msund &auml;r v&aring;r ergonomiska kudde i 100 &#8230;<\/p>\n","protected":false},"author":14,"featured_media":0,"parent":0,"menu_order":0,"comment_status":"closed","ping_status":"closed","template":"template-blank-4.php","meta":{"inline_featured_image":false,"footnotes":""},"class_list":["post-5654","page","type-page","status-publish","hentry","no-post-thumbnail"],"yoast_head":"<!-- This site is optimized with the Yoast SEO Premium plugin v24.3 (Yoast SEO v26.5) - https:\/\/yoast.com\/wordpress\/plugins\/seo\/ -->\n<title>Start (Kopier) - sovmer.se<\/title>\n<meta name=\"robots\" content=\"index, follow, max-snippet:-1, max-image-preview:large, max-video-preview:-1\" \/>\n<link rel=\"canonical\" href=\"https:\/\/sovmer.se\/no\/\" \/>\n<meta property=\"og:locale\" content=\"nb_NO\" \/>\n<meta property=\"og:type\" content=\"article\" \/>\n<meta property=\"og:title\" content=\"Start (Kopier)\" \/>\n<meta property=\"og:description\" content=\"&nbsp;Stenmarks julegavetipsGe bort vila som verkligen g&ouml;r skillnad.Str&ouml;msund &auml;r v&aring;r ergonomiska premiumkudde i naturlig Talalay-latex &ndash; avlastning, komfort och h&aring;llbar kvalitet som m&aring;nga uppskattar. En omt&auml;nksam julklapp till dig sj&auml;lv eller n&aring;gon du bryr dig om.Nu: 1 f&ouml;r 995 kr eller 2 f&ouml;r 1499 kr. Kj\u00f8p Str\u00f6msund premium pute&nbsp;Stenmark anbefaler Str\u00f6msundPrioritera din s&ouml;mnh&auml;lsa. Str&ouml;msund &auml;r v&aring;r ergonomiska kudde i 100 ...\" \/>\n<meta property=\"og:url\" content=\"https:\/\/sovmer.se\/no\/\" \/>\n<meta property=\"og:site_name\" content=\"sovmer.se\" \/>\n<meta property=\"article:publisher\" content=\"https:\/\/www.facebook.com\/sovmer\" \/>\n<meta property=\"article:modified_time\" content=\"2026-02-03T12:05:08+00:00\" \/>\n<meta name=\"twitter:card\" content=\"summary_large_image\" \/>\n<meta name=\"twitter:label1\" content=\"Ansl. lesetid\" \/>\n\t<meta name=\"twitter:data1\" content=\"19 minutter\" \/>\n<script type=\"application\/ld+json\" class=\"yoast-schema-graph\">{\"@context\":\"https:\/\/schema.org\",\"@graph\":[{\"@type\":\"WebPage\",\"@id\":\"https:\/\/sovmer.se\/no\/\",\"url\":\"https:\/\/sovmer.se\/no\/\",\"name\":\"Start (Kopier) - sovmer.se\",\"isPartOf\":{\"@id\":\"https:\/\/sovmer.se\/no\/#website\"},\"datePublished\":\"2025-12-30T11:50:49+00:00\",\"dateModified\":\"2026-02-03T12:05:08+00:00\",\"breadcrumb\":{\"@id\":\"https:\/\/sovmer.se\/no\/#breadcrumb\"},\"inLanguage\":\"nb-NO\",\"potentialAction\":[{\"@type\":\"ReadAction\",\"target\":[\"https:\/\/sovmer.se\/no\/\"]}]},{\"@type\":\"BreadcrumbList\",\"@id\":\"https:\/\/sovmer.se\/no\/#breadcrumb\",\"itemListElement\":[{\"@type\":\"ListItem\",\"position\":1,\"name\":\"Home\",\"item\":\"https:\/\/sovmer.se\/no\/start-kopier-2\/\"},{\"@type\":\"ListItem\",\"position\":2,\"name\":\"Start (Kopier)\"}]},{\"@type\":\"WebSite\",\"@id\":\"https:\/\/sovmer.se\/no\/#website\",\"url\":\"https:\/\/sovmer.se\/no\/\",\"name\":\"sovmer.se\",\"description\":\"Sov mer s\u00e5 att du kan leva mer\",\"publisher\":{\"@id\":\"https:\/\/sovmer.se\/no\/#organization\"},\"potentialAction\":[{\"@type\":\"SearchAction\",\"target\":{\"@type\":\"EntryPoint\",\"urlTemplate\":\"https:\/\/sovmer.se\/no\/?s={search_term_string}\"},\"query-input\":{\"@type\":\"PropertyValueSpecification\",\"valueRequired\":true,\"valueName\":\"search_term_string\"}}],\"inLanguage\":\"nb-NO\"},{\"@type\":\"Organization\",\"@id\":\"https:\/\/sovmer.se\/no\/#organization\",\"name\":\"sovmer\",\"url\":\"https:\/\/sovmer.se\/no\/\",\"logo\":{\"@type\":\"ImageObject\",\"inLanguage\":\"nb-NO\",\"@id\":\"https:\/\/sovmer.se\/no\/#\/schema\/logo\/image\/\",\"url\":\"https:\/\/sovmer.se\/wp-content\/uploads\/2023\/10\/Sovmer-logo.png\",\"contentUrl\":\"https:\/\/sovmer.se\/wp-content\/uploads\/2023\/10\/Sovmer-logo.png\",\"width\":582,\"height\":290,\"caption\":\"sovmer\"},\"image\":{\"@id\":\"https:\/\/sovmer.se\/no\/#\/schema\/logo\/image\/\"},\"sameAs\":[\"https:\/\/www.facebook.com\/sovmer\",\"https:\/\/www.instagram.com\/sovmer.se\"]}]}<\/script>\n<!-- \/ Yoast SEO Premium plugin. -->","yoast_head_json":{"title":"Start (Kopier) - sovmer.se","robots":{"index":"index","follow":"follow","max-snippet":"max-snippet:-1","max-image-preview":"max-image-preview:large","max-video-preview":"max-video-preview:-1"},"canonical":"https:\/\/sovmer.se\/no\/","og_locale":"nb_NO","og_type":"article","og_title":"Start (Kopier)","og_description":"&nbsp;Stenmarks julegavetipsGe bort vila som verkligen g&ouml;r skillnad.Str&ouml;msund &auml;r v&aring;r ergonomiska premiumkudde i naturlig Talalay-latex &ndash; avlastning, komfort och h&aring;llbar kvalitet som m&aring;nga uppskattar. En omt&auml;nksam julklapp till dig sj&auml;lv eller n&aring;gon du bryr dig om.Nu: 1 f&ouml;r 995 kr eller 2 f&ouml;r 1499 kr. Kj\u00f8p Str\u00f6msund premium pute&nbsp;Stenmark anbefaler Str\u00f6msundPrioritera din s&ouml;mnh&auml;lsa. Str&ouml;msund &auml;r v&aring;r ergonomiska kudde i 100 ...","og_url":"https:\/\/sovmer.se\/no\/","og_site_name":"sovmer.se","article_publisher":"https:\/\/www.facebook.com\/sovmer","article_modified_time":"2026-02-03T12:05:08+00:00","twitter_card":"summary_large_image","twitter_misc":{"Ansl. lesetid":"19 minutter"},"schema":{"@context":"https:\/\/schema.org","@graph":[{"@type":"WebPage","@id":"https:\/\/sovmer.se\/no\/","url":"https:\/\/sovmer.se\/no\/","name":"Start (Kopier) - sovmer.se","isPartOf":{"@id":"https:\/\/sovmer.se\/no\/#website"},"datePublished":"2025-12-30T11:50:49+00:00","dateModified":"2026-02-03T12:05:08+00:00","breadcrumb":{"@id":"https:\/\/sovmer.se\/no\/#breadcrumb"},"inLanguage":"nb-NO","potentialAction":[{"@type":"ReadAction","target":["https:\/\/sovmer.se\/no\/"]}]},{"@type":"BreadcrumbList","@id":"https:\/\/sovmer.se\/no\/#breadcrumb","itemListElement":[{"@type":"ListItem","position":1,"name":"Home","item":"https:\/\/sovmer.se\/no\/start-kopier-2\/"},{"@type":"ListItem","position":2,"name":"Start (Kopier)"}]},{"@type":"WebSite","@id":"https:\/\/sovmer.se\/no\/#website","url":"https:\/\/sovmer.se\/no\/","name":"sovmer.se","description":"Sov mer s\u00e5 att du kan leva mer","publisher":{"@id":"https:\/\/sovmer.se\/no\/#organization"},"potentialAction":[{"@type":"SearchAction","target":{"@type":"EntryPoint","urlTemplate":"https:\/\/sovmer.se\/no\/?s={search_term_string}"},"query-input":{"@type":"PropertyValueSpecification","valueRequired":true,"valueName":"search_term_string"}}],"inLanguage":"nb-NO"},{"@type":"Organization","@id":"https:\/\/sovmer.se\/no\/#organization","name":"sovmer","url":"https:\/\/sovmer.se\/no\/","logo":{"@type":"ImageObject","inLanguage":"nb-NO","@id":"https:\/\/sovmer.se\/no\/#\/schema\/logo\/image\/","url":"https:\/\/sovmer.se\/wp-content\/uploads\/2023\/10\/Sovmer-logo.png","contentUrl":"https:\/\/sovmer.se\/wp-content\/uploads\/2023\/10\/Sovmer-logo.png","width":582,"height":290,"caption":"sovmer"},"image":{"@id":"https:\/\/sovmer.se\/no\/#\/schema\/logo\/image\/"},"sameAs":["https:\/\/www.facebook.com\/sovmer","https:\/\/www.instagram.com\/sovmer.se"]}]}},"jetpack_sharing_enabled":true,"_links":{"self":[{"href":"https:\/\/sovmer.se\/no\/wp-json\/wp\/v2\/pages\/5654","targetHints":{"allow":["GET"]}}],"collection":[{"href":"https:\/\/sovmer.se\/no\/wp-json\/wp\/v2\/pages"}],"about":[{"href":"https:\/\/sovmer.se\/no\/wp-json\/wp\/v2\/types\/page"}],"author":[{"embeddable":true,"href":"https:\/\/sovmer.se\/no\/wp-json\/wp\/v2\/users\/14"}],"replies":[{"embeddable":true,"href":"https:\/\/sovmer.se\/no\/wp-json\/wp\/v2\/comments?post=5654"}],"version-history":[{"count":12,"href":"https:\/\/sovmer.se\/no\/wp-json\/wp\/v2\/pages\/5654\/revisions"}],"predecessor-version":[{"id":5864,"href":"https:\/\/sovmer.se\/no\/wp-json\/wp\/v2\/pages\/5654\/revisions\/5864"}],"wp:attachment":[{"href":"https:\/\/sovmer.se\/no\/wp-json\/wp\/v2\/media?parent=5654"}],"curies":[{"name":"wp","href":"https:\/\/api.w.org\/{rel}","templated":true}]}}