{"id":2343,"date":"2023-11-26T19:54:58","date_gmt":"2023-11-26T18:54:58","guid":{"rendered":"https:\/\/sovmer.se\/product\/seng-med-ankerspill\/"},"modified":"2024-11-26T10:17:39","modified_gmt":"2024-11-26T09:17:39","slug":"seng-med-ankerspill","status":"publish","type":"product","link":"https:\/\/sovmer.se\/no\/produkt\/seng-med-ankerspill\/","title":{"rendered":"Vindeln justerbar seng"},"content":{"rendered":"<p class=\"p1\"><span class=\"s1\">S\u00f8vnen er din tid for naturlig restitusjon og naturlig helbredelse. Vi vet at ingen dager er like, og at kroppen din, i likhet med resten av deg, kan m\u00f8te ulike utfordringer hver dag. Sovmer Vindeln er derfor justerbar, slik at den kan tilpasses dine spesifikke behov for natten og alltid gir deg forutsetninger for en god natts s\u00f8vn og optimal restitusjon.<span class=\"Apple-converted-space\"> <\/span><\/span><\/p>\n<p class=\"p1\"><span class=\"s1\">Enten du trenger \u00e5 avlaste ryggen, lette pusten ved luftveisinfeksjon eller bare vil ha f\u00f8ttene opp, er Vindeln-sengen klar til \u00e5 bli tilpasset deg og dine spesifikke behov. Len deg tilbake i en avslappet og avlastet stilling for \u00e5 nyte en uforstyrret s\u00f8vn som gir deg energi til neste dag.<\/span><\/p>\n<h4 class=\"p1\"><span class=\"s1\"><b>Laget spesielt for deg<\/b><\/span><\/h4>\n<p class=\"p2\"><span class=\"s1\">V\u00e5re senger produseres p\u00e5 bestilling, og du kan f\u00e5 sengen i den st\u00f8rrelsen du \u00f8nsker, dobbel eller enkel, med eller uten sengegavl, og vi har flere modeller av sengebenker \u00e5 velge mellom. Prisen p\u00e5 sengen inkluderer en elastisk madrass, en komfortmadrass ( <em>overmadrass)<\/em>, valgfrie sengeben og valgfritt stoff.<\/span><\/p>\n<h4 class=\"p1\"><span class=\"s1\"><b>H\u00f8yeste standarder for kvalitet og komfort<\/b><\/span><\/h4>\n<p class=\"p2\"><span class=\"s1\">Hos Sovmer er vi kompromissl\u00f8se n\u00e5r det gjelder kvalitet. Derfor kan du stole p\u00e5 at Vindelforsarna vil fortsette \u00e5 levere, akkurat som du kan stole p\u00e5 at din nye Vindeln-seng vil gi deg og kroppen din det du trenger natt etter natt, \u00e5r etter \u00e5r.<span class=\"Apple-converted-space\"> <\/span><\/span><span class=\"s1\">Med denne kompromissl\u00f8se kvaliteten og overbevisningen om \u00e5 etterstrebe perfeksjon, v\u00e5ger vi \u00e5 st\u00e5 for en av sengebransjens mest gener\u00f8se garantier p\u00e5 30 \u00e5r.<\/span><\/p>\n<p class=\"p2\"><span class=\"s1\"><b>Velg den overmadrassen<span class=\"Apple-converted-space\"> <\/span><\/b><\/span><span class=\"s1\"><b>som passer deg!<\/b><\/span><\/p>\n<p class=\"p1\"><span class=\"s1\">Komfortmadrassen <i>(ofte kalt sengemadrass)<\/i> er den madrassen som er i direkte kontakt med kroppen, med kun et laken mellom. Derfor mener vi det er av st\u00f8rste viktighet at ogs\u00e5 denne madrassen er n\u00f8ye testet.<span class=\"Apple-converted-space\"> <\/span><\/span><span class=\"s1\">Riktig valg av komfortmadrass gir en ergonomisk tilpasning til kroppens anatomi.  <strong>Sovmer tilbyr tre varianter av komfortmadrasser, nemlig:<\/strong><\/span><\/p>\n<ul>\n<li class=\"p1\"><span class=\"s1\"><b>Ultra<\/b> &#8211; <i>veldig popul\u00e6r, god balanse mellom komfort,<span class=\"Apple-converted-space\"> <\/span><\/i><\/span><span class=\"s1\"><i>st\u00f8tte og avlastning,<span class=\"Apple-converted-space\"> <\/span><\/i><\/span><span class=\"s1\"><i>laget av mykt<span class=\"Apple-converted-space\"> <\/span><\/i><\/span><span class=\"s1\"><i>polyeterskum, <\/i><\/span><span class=\"s1\"><i>8 cm h\u00f8y.<\/i><\/span><\/li>\n<li class=\"p1\"><span class=\"s1\"><b>Zone<\/b> &#8211; <i>best\u00e5r av<span class=\"Apple-converted-space\"> <\/span><\/i><\/span><span class=\"s1\"><i>2\/3 mykt polyesterskum, men med den \u00f8verste 1\/3 delen<span class=\"Apple-converted-space\"> <\/span><\/i><\/span><span class=\"s1\"><i>av ekstra mykt<span class=\"Apple-converted-space\"> <\/span><\/i><\/span><span class=\"s1\"><i>polyetylenskum,<span class=\"Apple-converted-space\"> <\/span><\/i><\/span><span class=\"s1\"><i>8 cm h\u00f8y.<\/i><\/span><\/li>\n<li class=\"p1\"><span class=\"s1\"><b>Pocketspring<\/b> &#8211; en fantastisk komfortabel madrass<span class=\"Apple-converted-space\"> <\/span><\/span><span class=\"s1\"><i>Fantastisk komfortabel madrass med en kjerne av pocketfj\u00e6rer og mykt polyeterskum,<span class=\"Apple-converted-space\"> <\/span><\/i><\/span><span class=\"s1\"><i>12 cm h\u00f8y.<\/i><\/span><\/li>\n<\/ul>\n","protected":false},"excerpt":{"rendered":"<p>En investering i s\u00f8vnhelsen din<\/p>\n","protected":false},"featured_media":4201,"template":"","meta":{"inline_featured_image":false},"product_brand":[],"product_cat":[51],"product_tag":[52],"class_list":{"0":"post-2343","1":"product","2":"type-product","3":"status-publish","4":"has-post-thumbnail","6":"product_cat-justerbare-senger","7":"product_tag-seng","10":"first","11":"outofstock","12":"taxable","13":"shipping-taxable","14":"purchasable","15":"product-type-variable","16":"has-default-attributes"},"yoast_head":"<!-- This site is optimized with the Yoast SEO Premium plugin v24.3 (Yoast SEO v26.5) - https:\/\/yoast.com\/wordpress\/plugins\/seo\/ -->\n<title>Vindeln regulerbar seng - Skreddersydd og skreddersydd | Sovmer<\/title>\n<meta name=\"description\" content=\"Bestill en spesialtilpasset regulerbar seng. Vindeln er en svenskprodusert seng med 30 \u00e5rs garanti. Velg \u2713M\u00e5l \u2713Bein \u2713Gavl \u2713Gavl \u2713Komfortmadrass \u2713Trekk.\" \/>\n<meta name=\"robots\" content=\"index, follow, max-snippet:-1, max-image-preview:large, max-video-preview:-1\" \/>\n<link rel=\"canonical\" href=\"https:\/\/sovmer.se\/no\/produkt\/seng-med-ankerspill\/\" \/>\n<meta property=\"og:locale\" content=\"nb_NO\" \/>\n<meta property=\"og:type\" content=\"article\" \/>\n<meta property=\"og:title\" content=\"Vindeln justerbar seng\" \/>\n<meta property=\"og:description\" content=\"Bestill en spesialtilpasset regulerbar seng. Vindeln er en svenskprodusert seng med 30 \u00e5rs garanti. Velg \u2713M\u00e5l \u2713Bein \u2713Gavl \u2713Gavl \u2713Komfortmadrass \u2713Trekk.\" \/>\n<meta property=\"og:url\" content=\"https:\/\/sovmer.se\/no\/produkt\/seng-med-ankerspill\/\" \/>\n<meta property=\"og:site_name\" content=\"sovmer.se\" \/>\n<meta property=\"article:publisher\" content=\"https:\/\/www.facebook.com\/sovmer\" \/>\n<meta property=\"article:modified_time\" content=\"2024-11-26T09:17:39+00:00\" \/>\n<meta property=\"og:image\" content=\"https:\/\/sovmer.se\/wp-content\/uploads\/2023\/11\/vindeln-1.jpg\" \/>\n\t<meta property=\"og:image:width\" content=\"543\" \/>\n\t<meta property=\"og:image:height\" content=\"543\" \/>\n\t<meta property=\"og:image:type\" content=\"image\/jpeg\" \/>\n<meta name=\"twitter:card\" content=\"summary_large_image\" \/>\n<meta name=\"twitter:label1\" content=\"Tilgjengelighet\" \/>\n\t<meta name=\"twitter:data1\" content=\"Tomt p\u00e5 lager\" \/>\n<script type=\"application\/ld+json\" class=\"yoast-schema-graph\">{\"@context\":\"https:\/\/schema.org\",\"@graph\":[{\"@type\":\"WebPage\",\"@id\":\"https:\/\/sovmer.se\/no\/produkt\/seng-med-ankerspill\/\",\"url\":\"https:\/\/sovmer.se\/no\/produkt\/seng-med-ankerspill\/\",\"name\":\"Vindeln regulerbar seng - Skreddersydd og skreddersydd | Sovmer\",\"isPartOf\":{\"@id\":\"https:\/\/sovmer.se\/no\/#website\"},\"primaryImageOfPage\":{\"@id\":\"https:\/\/sovmer.se\/no\/produkt\/seng-med-ankerspill\/#primaryimage\"},\"image\":{\"@id\":\"https:\/\/sovmer.se\/no\/produkt\/seng-med-ankerspill\/#primaryimage\"},\"thumbnailUrl\":\"https:\/\/sovmer.se\/wp-content\/uploads\/2023\/11\/vindeln-1.jpg\",\"datePublished\":\"2023-11-26T18:54:58+00:00\",\"dateModified\":\"2024-11-26T09:17:39+00:00\",\"description\":\"Bestill en spesialtilpasset regulerbar seng. Vindeln er en svenskprodusert seng med 30 \u00e5rs garanti. Velg \u2713M\u00e5l \u2713Bein \u2713Gavl \u2713Gavl \u2713Komfortmadrass \u2713Trekk.\",\"breadcrumb\":{\"@id\":\"https:\/\/sovmer.se\/no\/produkt\/seng-med-ankerspill\/#breadcrumb\"},\"inLanguage\":\"nb-NO\",\"potentialAction\":[{\"@type\":\"ReadAction\",\"target\":[\"https:\/\/sovmer.se\/no\/produkt\/seng-med-ankerspill\/\"]}]},{\"@type\":\"ImageObject\",\"inLanguage\":\"nb-NO\",\"@id\":\"https:\/\/sovmer.se\/no\/produkt\/seng-med-ankerspill\/#primaryimage\",\"url\":\"https:\/\/sovmer.se\/wp-content\/uploads\/2023\/11\/vindeln-1.jpg\",\"contentUrl\":\"https:\/\/sovmer.se\/wp-content\/uploads\/2023\/11\/vindeln-1.jpg\",\"width\":543,\"height\":543},{\"@type\":\"BreadcrumbList\",\"@id\":\"https:\/\/sovmer.se\/no\/produkt\/seng-med-ankerspill\/#breadcrumb\",\"itemListElement\":[{\"@type\":\"ListItem\",\"position\":1,\"name\":\"Home\",\"item\":\"https:\/\/sovmer.se\/no\/start-kopier-2\/\"},{\"@type\":\"ListItem\",\"position\":2,\"name\":\"Shop\",\"item\":\"https:\/\/sovmer.se\/shop\/\"},{\"@type\":\"ListItem\",\"position\":3,\"name\":\"Vindeln justerbar seng\"}]},{\"@type\":\"WebSite\",\"@id\":\"https:\/\/sovmer.se\/no\/#website\",\"url\":\"https:\/\/sovmer.se\/no\/\",\"name\":\"sovmer.se\",\"description\":\"Sov mer s\u00e5 att du kan leva mer\",\"publisher\":{\"@id\":\"https:\/\/sovmer.se\/no\/#organization\"},\"potentialAction\":[{\"@type\":\"SearchAction\",\"target\":{\"@type\":\"EntryPoint\",\"urlTemplate\":\"https:\/\/sovmer.se\/no\/?s={search_term_string}\"},\"query-input\":{\"@type\":\"PropertyValueSpecification\",\"valueRequired\":true,\"valueName\":\"search_term_string\"}}],\"inLanguage\":\"nb-NO\"},{\"@type\":\"Organization\",\"@id\":\"https:\/\/sovmer.se\/no\/#organization\",\"name\":\"sovmer\",\"url\":\"https:\/\/sovmer.se\/no\/\",\"logo\":{\"@type\":\"ImageObject\",\"inLanguage\":\"nb-NO\",\"@id\":\"https:\/\/sovmer.se\/no\/#\/schema\/logo\/image\/\",\"url\":\"https:\/\/sovmer.se\/wp-content\/uploads\/2023\/10\/Sovmer-logo.png\",\"contentUrl\":\"https:\/\/sovmer.se\/wp-content\/uploads\/2023\/10\/Sovmer-logo.png\",\"width\":582,\"height\":290,\"caption\":\"sovmer\"},\"image\":{\"@id\":\"https:\/\/sovmer.se\/no\/#\/schema\/logo\/image\/\"},\"sameAs\":[\"https:\/\/www.facebook.com\/sovmer\",\"https:\/\/www.instagram.com\/sovmer.se\"]}]}<\/script>\n<meta property=\"og:availability\" content=\"out of stock\" \/>\n<meta property=\"product:availability\" content=\"out of stock\" \/>\n<meta property=\"product:retailer_item_id\" content=\"sov-b-v-001\" \/>\n<meta property=\"product:condition\" content=\"new\" \/>\n<!-- \/ Yoast SEO Premium plugin. -->","yoast_head_json":{"title":"Vindeln regulerbar seng - Skreddersydd og skreddersydd | Sovmer","description":"Bestill en spesialtilpasset regulerbar seng. Vindeln er en svenskprodusert seng med 30 \u00e5rs garanti. Velg \u2713M\u00e5l \u2713Bein \u2713Gavl \u2713Gavl \u2713Komfortmadrass \u2713Trekk.","robots":{"index":"index","follow":"follow","max-snippet":"max-snippet:-1","max-image-preview":"max-image-preview:large","max-video-preview":"max-video-preview:-1"},"canonical":"https:\/\/sovmer.se\/no\/produkt\/seng-med-ankerspill\/","og_locale":"nb_NO","og_type":"article","og_title":"Vindeln justerbar seng","og_description":"Bestill en spesialtilpasset regulerbar seng. Vindeln er en svenskprodusert seng med 30 \u00e5rs garanti. Velg \u2713M\u00e5l \u2713Bein \u2713Gavl \u2713Gavl \u2713Komfortmadrass \u2713Trekk.","og_url":"https:\/\/sovmer.se\/no\/produkt\/seng-med-ankerspill\/","og_site_name":"sovmer.se","article_publisher":"https:\/\/www.facebook.com\/sovmer","article_modified_time":"2024-11-26T09:17:39+00:00","og_image":[{"width":543,"height":543,"url":"https:\/\/sovmer.se\/wp-content\/uploads\/2023\/11\/vindeln-1.jpg","type":"image\/jpeg"}],"twitter_card":"summary_large_image","twitter_misc":{"Tilgjengelighet":"Tomt p\u00e5 lager"},"schema":{"@context":"https:\/\/schema.org","@graph":[{"@type":"WebPage","@id":"https:\/\/sovmer.se\/no\/produkt\/seng-med-ankerspill\/","url":"https:\/\/sovmer.se\/no\/produkt\/seng-med-ankerspill\/","name":"Vindeln regulerbar seng - Skreddersydd og skreddersydd | Sovmer","isPartOf":{"@id":"https:\/\/sovmer.se\/no\/#website"},"primaryImageOfPage":{"@id":"https:\/\/sovmer.se\/no\/produkt\/seng-med-ankerspill\/#primaryimage"},"image":{"@id":"https:\/\/sovmer.se\/no\/produkt\/seng-med-ankerspill\/#primaryimage"},"thumbnailUrl":"https:\/\/sovmer.se\/wp-content\/uploads\/2023\/11\/vindeln-1.jpg","datePublished":"2023-11-26T18:54:58+00:00","dateModified":"2024-11-26T09:17:39+00:00","description":"Bestill en spesialtilpasset regulerbar seng. Vindeln er en svenskprodusert seng med 30 \u00e5rs garanti. Velg \u2713M\u00e5l \u2713Bein \u2713Gavl \u2713Gavl \u2713Komfortmadrass \u2713Trekk.","breadcrumb":{"@id":"https:\/\/sovmer.se\/no\/produkt\/seng-med-ankerspill\/#breadcrumb"},"inLanguage":"nb-NO","potentialAction":[{"@type":"ReadAction","target":["https:\/\/sovmer.se\/no\/produkt\/seng-med-ankerspill\/"]}]},{"@type":"ImageObject","inLanguage":"nb-NO","@id":"https:\/\/sovmer.se\/no\/produkt\/seng-med-ankerspill\/#primaryimage","url":"https:\/\/sovmer.se\/wp-content\/uploads\/2023\/11\/vindeln-1.jpg","contentUrl":"https:\/\/sovmer.se\/wp-content\/uploads\/2023\/11\/vindeln-1.jpg","width":543,"height":543},{"@type":"BreadcrumbList","@id":"https:\/\/sovmer.se\/no\/produkt\/seng-med-ankerspill\/#breadcrumb","itemListElement":[{"@type":"ListItem","position":1,"name":"Home","item":"https:\/\/sovmer.se\/no\/start-kopier-2\/"},{"@type":"ListItem","position":2,"name":"Shop","item":"https:\/\/sovmer.se\/shop\/"},{"@type":"ListItem","position":3,"name":"Vindeln justerbar seng"}]},{"@type":"WebSite","@id":"https:\/\/sovmer.se\/no\/#website","url":"https:\/\/sovmer.se\/no\/","name":"sovmer.se","description":"Sov mer s\u00e5 att du kan leva mer","publisher":{"@id":"https:\/\/sovmer.se\/no\/#organization"},"potentialAction":[{"@type":"SearchAction","target":{"@type":"EntryPoint","urlTemplate":"https:\/\/sovmer.se\/no\/?s={search_term_string}"},"query-input":{"@type":"PropertyValueSpecification","valueRequired":true,"valueName":"search_term_string"}}],"inLanguage":"nb-NO"},{"@type":"Organization","@id":"https:\/\/sovmer.se\/no\/#organization","name":"sovmer","url":"https:\/\/sovmer.se\/no\/","logo":{"@type":"ImageObject","inLanguage":"nb-NO","@id":"https:\/\/sovmer.se\/no\/#\/schema\/logo\/image\/","url":"https:\/\/sovmer.se\/wp-content\/uploads\/2023\/10\/Sovmer-logo.png","contentUrl":"https:\/\/sovmer.se\/wp-content\/uploads\/2023\/10\/Sovmer-logo.png","width":582,"height":290,"caption":"sovmer"},"image":{"@id":"https:\/\/sovmer.se\/no\/#\/schema\/logo\/image\/"},"sameAs":["https:\/\/www.facebook.com\/sovmer","https:\/\/www.instagram.com\/sovmer.se"]}]},"og_availability":"out of stock","product_availability":"out of stock","product_retailer_item_id":"sov-b-v-001","product_condition":"new"},"jetpack_sharing_enabled":true,"_links":{"self":[{"href":"https:\/\/sovmer.se\/no\/wp-json\/wp\/v2\/product\/2343","targetHints":{"allow":["GET"]}}],"collection":[{"href":"https:\/\/sovmer.se\/no\/wp-json\/wp\/v2\/product"}],"about":[{"href":"https:\/\/sovmer.se\/no\/wp-json\/wp\/v2\/types\/product"}],"wp:featuredmedia":[{"embeddable":true,"href":"https:\/\/sovmer.se\/no\/wp-json\/wp\/v2\/media\/4201"}],"wp:attachment":[{"href":"https:\/\/sovmer.se\/no\/wp-json\/wp\/v2\/media?parent=2343"}],"wp:term":[{"taxonomy":"product_brand","embeddable":true,"href":"https:\/\/sovmer.se\/no\/wp-json\/wp\/v2\/product_brand?post=2343"},{"taxonomy":"product_cat","embeddable":true,"href":"https:\/\/sovmer.se\/no\/wp-json\/wp\/v2\/product_cat?post=2343"},{"taxonomy":"product_tag","embeddable":true,"href":"https:\/\/sovmer.se\/no\/wp-json\/wp\/v2\/product_tag?post=2343"}],"curies":[{"name":"wp","href":"https:\/\/api.w.org\/{rel}","templated":true}]}}