{"id":2352,"date":"2023-11-26T19:54:52","date_gmt":"2023-11-26T18:54:52","guid":{"rendered":"https:\/\/sovmer.se\/product\/wilhelmina-tyngdeteppe\/"},"modified":"2024-12-03T23:00:40","modified_gmt":"2024-12-03T22:00:40","slug":"wilhelmina-tyngdeteppe","status":"publish","type":"product","link":"https:\/\/sovmer.se\/no\/produkt\/wilhelmina-tyngdeteppe\/","title":{"rendered":"Wilhelmina tyngdeteppe"},"content":{"rendered":"<p>V\u00e5r Wilhelmina vektdyne kombinerer en god natts s\u00f8vn med en helbredende og terapeutisk opplevelse. Vekten av teppet fordeles jevnt over kroppen og simulerer en omfavnelse, noe som \u00f8ker produksjonen av <em>serotonin og melatonin<\/em> &#8211; de naturlige lykke- og s\u00f8vnhormonene. Effekten kalles Deep Pressure Tissue Stimulation (DPST). Dette gir en dypere og mer restituerende s\u00f8vn, samtidig som det kan redusere s\u00f8vnforstyrrelser og bidra til at du v\u00e5kner opp uthvilt og full av energi. Trykket kan ogs\u00e5 bidra til \u00e5 fremme en f\u00f8lelse av avslapping og redusere angstniv\u00e5et. Wilhelmina er laget av h\u00f8yeste kvalitet og kan definitivt betraktes som et f\u00f8rsteklasses valg innen tyngdetepper.<\/p>\n<h4>Velge vekt p\u00e5 dynen<\/h4>\n<p><span class=\"TextRun SCXW106480126 BCX4\" lang=\"SV-SE\" data-contrast=\"none\"><span class=\"NormalTextRun SCXW106480126 BCX4\">Vektfordelingen <\/span><\/span><span class=\"TextRun SCXW106480126 BCX4\" lang=\"SV-SE\" data-contrast=\"none\"><span class=\"NormalTextRun SCXW106480126 BCX4\">er jevn kilo, dvs. 6, 8,<\/span><\/span> <span class=\"TextRun SCXW106480126 BCX4\" lang=\"SV-SE\" data-contrast=\"none\"><span class=\"NormalTextRun SCXW106480126 BCX4\">10, 12<\/span><\/span><span class=\"TextRun SCXW106480126 BCX4\" lang=\"SV-SE\" data-contrast=\"none\"><span class=\"NormalTextRun SCXW106480126 BCX4\">, 14<\/span><\/span><span class=\"TextRun SCXW106480126 BCX4\" lang=\"SV-SE\" xml:lang=\"SV-SE\" data-contrast=\"none\"><span class=\"NormalTextRun SCXW106480126 BCX4\"> kg, og anbefalingen for best mulig bruk og effekt er mellom 10-15 % av kroppsvekten, der studier viser terapeutisk effekt. P\u00e5 denne m\u00e5ten omslutter dynen kroppen og virker som en ber\u00f8ring som senker niv\u00e5et av stresshormonet kortisol, mens velv\u00e6rehormonet oksytocin og s\u00f8vnhormonet melatonin ser ut til \u00e5 \u00f8ke.<\/span><\/span><\/p>\n<p><a href=\"https:\/\/dev.sovmer.se\/tyngdtacket\/\">Les mer om tyngdeteppet v\u00e5rt her.<\/a><\/p>\n","protected":false},"excerpt":{"rendered":"<p>En investering i s\u00f8vnhelsen din<\/p>\n<hr \/>\n[sovmer_list items=\"https:\/\/sovmer.se\/wp-content\/uploads\/2024\/11\/wagen.svg|Levering innen 2-4 dager;https:\/\/sovmer.se\/wp-content\/uploads\/2024\/11\/klarna-1.svg|Delbetaling via Klarna\"]\n","protected":false},"featured_media":4060,"template":"","meta":{"inline_featured_image":false},"product_brand":[],"product_cat":[75],"product_tag":[58],"class_list":{"0":"post-2352","1":"product","2":"type-product","3":"status-publish","4":"has-post-thumbnail","6":"product_cat-vektdyne","7":"product_tag-vektet-dyne","10":"first","11":"outofstock","12":"taxable","13":"shipping-taxable","14":"product-type-variable","15":"has-default-attributes"},"yoast_head":"<!-- This site is optimized with the Yoast SEO Premium plugin v24.3 (Yoast SEO v26.5) - https:\/\/yoast.com\/wordpress\/plugins\/seo\/ -->\n<title>Wilhelmina tyngdeteppe - sovmer.se<\/title>\n<meta name=\"robots\" content=\"index, follow, max-snippet:-1, max-image-preview:large, max-video-preview:-1\" \/>\n<link rel=\"canonical\" href=\"https:\/\/sovmer.se\/no\/produkt\/wilhelmina-tyngdeteppe\/\" \/>\n<meta property=\"og:locale\" content=\"nb_NO\" \/>\n<meta property=\"og:type\" content=\"article\" \/>\n<meta property=\"og:title\" content=\"Wilhelmina tyngdeteppe\" \/>\n<meta property=\"og:description\" content=\"En investering i s\u00f8vnhelsen din\" \/>\n<meta property=\"og:url\" content=\"https:\/\/sovmer.se\/no\/produkt\/wilhelmina-tyngdeteppe\/\" \/>\n<meta property=\"og:site_name\" content=\"sovmer.se\" \/>\n<meta property=\"article:publisher\" content=\"https:\/\/www.facebook.com\/sovmer\" \/>\n<meta property=\"article:modified_time\" content=\"2024-12-03T22:00:40+00:00\" \/>\n<meta property=\"og:image\" content=\"https:\/\/sovmer.se\/wp-content\/uploads\/2024\/11\/tyngdtacke-1-1.jpg\" \/>\n\t<meta property=\"og:image:width\" content=\"815\" \/>\n\t<meta property=\"og:image:height\" content=\"815\" \/>\n\t<meta property=\"og:image:type\" content=\"image\/jpeg\" \/>\n<meta name=\"twitter:card\" content=\"summary_large_image\" \/>\n<meta name=\"twitter:label1\" content=\"Tilgjengelighet\" \/>\n\t<meta name=\"twitter:data1\" content=\"Tomt p\u00e5 lager\" \/>\n<script type=\"application\/ld+json\" class=\"yoast-schema-graph\">{\"@context\":\"https:\/\/schema.org\",\"@graph\":[{\"@type\":\"WebPage\",\"@id\":\"https:\/\/sovmer.se\/no\/produkt\/wilhelmina-tyngdeteppe\/\",\"url\":\"https:\/\/sovmer.se\/no\/produkt\/wilhelmina-tyngdeteppe\/\",\"name\":\"Wilhelmina tyngdeteppe - sovmer.se\",\"isPartOf\":{\"@id\":\"https:\/\/sovmer.se\/no\/#website\"},\"primaryImageOfPage\":{\"@id\":\"https:\/\/sovmer.se\/no\/produkt\/wilhelmina-tyngdeteppe\/#primaryimage\"},\"image\":{\"@id\":\"https:\/\/sovmer.se\/no\/produkt\/wilhelmina-tyngdeteppe\/#primaryimage\"},\"thumbnailUrl\":\"https:\/\/sovmer.se\/wp-content\/uploads\/2024\/11\/tyngdtacke-1-1.jpg\",\"datePublished\":\"2023-11-26T18:54:52+00:00\",\"dateModified\":\"2024-12-03T22:00:40+00:00\",\"breadcrumb\":{\"@id\":\"https:\/\/sovmer.se\/no\/produkt\/wilhelmina-tyngdeteppe\/#breadcrumb\"},\"inLanguage\":\"nb-NO\",\"potentialAction\":[{\"@type\":\"ReadAction\",\"target\":[\"https:\/\/sovmer.se\/no\/produkt\/wilhelmina-tyngdeteppe\/\"]}]},{\"@type\":\"ImageObject\",\"inLanguage\":\"nb-NO\",\"@id\":\"https:\/\/sovmer.se\/no\/produkt\/wilhelmina-tyngdeteppe\/#primaryimage\",\"url\":\"https:\/\/sovmer.se\/wp-content\/uploads\/2024\/11\/tyngdtacke-1-1.jpg\",\"contentUrl\":\"https:\/\/sovmer.se\/wp-content\/uploads\/2024\/11\/tyngdtacke-1-1.jpg\",\"width\":815,\"height\":815},{\"@type\":\"BreadcrumbList\",\"@id\":\"https:\/\/sovmer.se\/no\/produkt\/wilhelmina-tyngdeteppe\/#breadcrumb\",\"itemListElement\":[{\"@type\":\"ListItem\",\"position\":1,\"name\":\"Home\",\"item\":\"https:\/\/sovmer.se\/no\/start-kopier-2\/\"},{\"@type\":\"ListItem\",\"position\":2,\"name\":\"Shop\",\"item\":\"https:\/\/sovmer.se\/shop\/\"},{\"@type\":\"ListItem\",\"position\":3,\"name\":\"Wilhelmina tyngdeteppe\"}]},{\"@type\":\"WebSite\",\"@id\":\"https:\/\/sovmer.se\/no\/#website\",\"url\":\"https:\/\/sovmer.se\/no\/\",\"name\":\"sovmer.se\",\"description\":\"Sov mer s\u00e5 att du kan leva mer\",\"publisher\":{\"@id\":\"https:\/\/sovmer.se\/no\/#organization\"},\"potentialAction\":[{\"@type\":\"SearchAction\",\"target\":{\"@type\":\"EntryPoint\",\"urlTemplate\":\"https:\/\/sovmer.se\/no\/?s={search_term_string}\"},\"query-input\":{\"@type\":\"PropertyValueSpecification\",\"valueRequired\":true,\"valueName\":\"search_term_string\"}}],\"inLanguage\":\"nb-NO\"},{\"@type\":\"Organization\",\"@id\":\"https:\/\/sovmer.se\/no\/#organization\",\"name\":\"sovmer\",\"url\":\"https:\/\/sovmer.se\/no\/\",\"logo\":{\"@type\":\"ImageObject\",\"inLanguage\":\"nb-NO\",\"@id\":\"https:\/\/sovmer.se\/no\/#\/schema\/logo\/image\/\",\"url\":\"https:\/\/sovmer.se\/wp-content\/uploads\/2023\/10\/Sovmer-logo.png\",\"contentUrl\":\"https:\/\/sovmer.se\/wp-content\/uploads\/2023\/10\/Sovmer-logo.png\",\"width\":582,\"height\":290,\"caption\":\"sovmer\"},\"image\":{\"@id\":\"https:\/\/sovmer.se\/no\/#\/schema\/logo\/image\/\"},\"sameAs\":[\"https:\/\/www.facebook.com\/sovmer\",\"https:\/\/www.instagram.com\/sovmer.se\"]}]}<\/script>\n<meta property=\"og:availability\" content=\"out of stock\" \/>\n<meta property=\"product:availability\" content=\"out of stock\" \/>\n<meta property=\"product:retailer_item_id\" content=\"sov-wd\" \/>\n<meta property=\"product:condition\" content=\"new\" \/>\n<!-- \/ Yoast SEO Premium plugin. -->","yoast_head_json":{"title":"Wilhelmina tyngdeteppe - sovmer.se","robots":{"index":"index","follow":"follow","max-snippet":"max-snippet:-1","max-image-preview":"max-image-preview:large","max-video-preview":"max-video-preview:-1"},"canonical":"https:\/\/sovmer.se\/no\/produkt\/wilhelmina-tyngdeteppe\/","og_locale":"nb_NO","og_type":"article","og_title":"Wilhelmina tyngdeteppe","og_description":"En investering i s\u00f8vnhelsen din","og_url":"https:\/\/sovmer.se\/no\/produkt\/wilhelmina-tyngdeteppe\/","og_site_name":"sovmer.se","article_publisher":"https:\/\/www.facebook.com\/sovmer","article_modified_time":"2024-12-03T22:00:40+00:00","og_image":[{"width":815,"height":815,"url":"https:\/\/sovmer.se\/wp-content\/uploads\/2024\/11\/tyngdtacke-1-1.jpg","type":"image\/jpeg"}],"twitter_card":"summary_large_image","twitter_misc":{"Tilgjengelighet":"Tomt p\u00e5 lager"},"schema":{"@context":"https:\/\/schema.org","@graph":[{"@type":"WebPage","@id":"https:\/\/sovmer.se\/no\/produkt\/wilhelmina-tyngdeteppe\/","url":"https:\/\/sovmer.se\/no\/produkt\/wilhelmina-tyngdeteppe\/","name":"Wilhelmina tyngdeteppe - sovmer.se","isPartOf":{"@id":"https:\/\/sovmer.se\/no\/#website"},"primaryImageOfPage":{"@id":"https:\/\/sovmer.se\/no\/produkt\/wilhelmina-tyngdeteppe\/#primaryimage"},"image":{"@id":"https:\/\/sovmer.se\/no\/produkt\/wilhelmina-tyngdeteppe\/#primaryimage"},"thumbnailUrl":"https:\/\/sovmer.se\/wp-content\/uploads\/2024\/11\/tyngdtacke-1-1.jpg","datePublished":"2023-11-26T18:54:52+00:00","dateModified":"2024-12-03T22:00:40+00:00","breadcrumb":{"@id":"https:\/\/sovmer.se\/no\/produkt\/wilhelmina-tyngdeteppe\/#breadcrumb"},"inLanguage":"nb-NO","potentialAction":[{"@type":"ReadAction","target":["https:\/\/sovmer.se\/no\/produkt\/wilhelmina-tyngdeteppe\/"]}]},{"@type":"ImageObject","inLanguage":"nb-NO","@id":"https:\/\/sovmer.se\/no\/produkt\/wilhelmina-tyngdeteppe\/#primaryimage","url":"https:\/\/sovmer.se\/wp-content\/uploads\/2024\/11\/tyngdtacke-1-1.jpg","contentUrl":"https:\/\/sovmer.se\/wp-content\/uploads\/2024\/11\/tyngdtacke-1-1.jpg","width":815,"height":815},{"@type":"BreadcrumbList","@id":"https:\/\/sovmer.se\/no\/produkt\/wilhelmina-tyngdeteppe\/#breadcrumb","itemListElement":[{"@type":"ListItem","position":1,"name":"Home","item":"https:\/\/sovmer.se\/no\/start-kopier-2\/"},{"@type":"ListItem","position":2,"name":"Shop","item":"https:\/\/sovmer.se\/shop\/"},{"@type":"ListItem","position":3,"name":"Wilhelmina tyngdeteppe"}]},{"@type":"WebSite","@id":"https:\/\/sovmer.se\/no\/#website","url":"https:\/\/sovmer.se\/no\/","name":"sovmer.se","description":"Sov mer s\u00e5 att du kan leva mer","publisher":{"@id":"https:\/\/sovmer.se\/no\/#organization"},"potentialAction":[{"@type":"SearchAction","target":{"@type":"EntryPoint","urlTemplate":"https:\/\/sovmer.se\/no\/?s={search_term_string}"},"query-input":{"@type":"PropertyValueSpecification","valueRequired":true,"valueName":"search_term_string"}}],"inLanguage":"nb-NO"},{"@type":"Organization","@id":"https:\/\/sovmer.se\/no\/#organization","name":"sovmer","url":"https:\/\/sovmer.se\/no\/","logo":{"@type":"ImageObject","inLanguage":"nb-NO","@id":"https:\/\/sovmer.se\/no\/#\/schema\/logo\/image\/","url":"https:\/\/sovmer.se\/wp-content\/uploads\/2023\/10\/Sovmer-logo.png","contentUrl":"https:\/\/sovmer.se\/wp-content\/uploads\/2023\/10\/Sovmer-logo.png","width":582,"height":290,"caption":"sovmer"},"image":{"@id":"https:\/\/sovmer.se\/no\/#\/schema\/logo\/image\/"},"sameAs":["https:\/\/www.facebook.com\/sovmer","https:\/\/www.instagram.com\/sovmer.se"]}]},"og_availability":"out of stock","product_availability":"out of stock","product_retailer_item_id":"sov-wd","product_condition":"new"},"jetpack_sharing_enabled":true,"_links":{"self":[{"href":"https:\/\/sovmer.se\/no\/wp-json\/wp\/v2\/product\/2352","targetHints":{"allow":["GET"]}}],"collection":[{"href":"https:\/\/sovmer.se\/no\/wp-json\/wp\/v2\/product"}],"about":[{"href":"https:\/\/sovmer.se\/no\/wp-json\/wp\/v2\/types\/product"}],"wp:featuredmedia":[{"embeddable":true,"href":"https:\/\/sovmer.se\/no\/wp-json\/wp\/v2\/media\/4060"}],"wp:attachment":[{"href":"https:\/\/sovmer.se\/no\/wp-json\/wp\/v2\/media?parent=2352"}],"wp:term":[{"taxonomy":"product_brand","embeddable":true,"href":"https:\/\/sovmer.se\/no\/wp-json\/wp\/v2\/product_brand?post=2352"},{"taxonomy":"product_cat","embeddable":true,"href":"https:\/\/sovmer.se\/no\/wp-json\/wp\/v2\/product_cat?post=2352"},{"taxonomy":"product_tag","embeddable":true,"href":"https:\/\/sovmer.se\/no\/wp-json\/wp\/v2\/product_tag?post=2352"}],"curies":[{"name":"wp","href":"https:\/\/api.w.org\/{rel}","templated":true}]}}