{"id":3516,"date":"2024-10-13T10:17:20","date_gmt":"2024-10-13T08:17:20","guid":{"rendered":"https:\/\/sovmer.se\/product\/calmelin\/"},"modified":"2024-11-20T09:08:46","modified_gmt":"2024-11-20T08:08:46","slug":"calmelin","status":"publish","type":"product","link":"https:\/\/sovmer.se\/no\/produkt\/calmelin\/","title":{"rendered":"Calmelin"},"content":{"rendered":"<p><strong>Hvorfor L-theanin?<\/strong><\/p>\n<ul>\n<li class=\"p1\">Stressreduksjon og avspenning<\/li>\n<li>Forbedret s\u00f8vnkvalitet<\/li>\n<li>Forbedret mental skarphet og fokus<\/li>\n<li>Antioksidantegenskaper<\/li>\n<li>St\u00f8tter immunforsvaret<\/li>\n<\/ul>\n<p>L-Theanin kan v\u00e6re et nyttig kosttilskudd for de som \u00f8nsker \u00e5 h\u00e5ndtere stress, forbedre fokus og s\u00f8vn, og styrke den generelle helsen.<br \/>\nC <strong>almelin Original <\/strong> Calmelin inneholder L-Theanine, en aminosyre som utvinnes fra tebusken Camellia sinensis. L-Theanin har mange ulike egenskaper og er dermed en sv\u00e6rt spennende aminosyre. Den har en beroligende effekt p\u00e5 kropp og sinn uten at du f\u00f8ler deg d\u00f8sig. Tvert imot skjerper den de kognitive evnene, slik at vi kan konsentrere oss lenger, \u00f8ke skarpheten, innl\u00e6ringen og hukommelsen. Det senker ogs\u00e5 stressniv\u00e5et i kroppen, og reduserer bekymring og angst. L-teanin kan ogs\u00e5 forbedre s\u00f8vnen ved milde s\u00f8vnforstyrrelser. L-Theanine utl\u00f8ser alfab\u00f8lgene i hjernen og gir disse synergieffektene. Calmelin Original gir en indre f\u00f8lelse av velv\u00e6re og mental velv\u00e6re. Jo st\u00f8rre svingningene i b\u00f8lgene i hjernen er, desto st\u00f8rre psykisk velv\u00e6re f\u00f8ler vi.<\/p>\n<table cellspacing=\"0\" cellpadding=\"0\">\n<tbody>\n<tr>\n<td valign=\"top\"><span style=\"color: #000000; font-family: Helvetica Neue; font-size: small;\"><b>Innhold<\/b><b><\/b><\/span><\/td>\n<td valign=\"top\"><span style=\"color: #000000; font-family: Helvetica Neue; font-size: small;\"><b>Per daglig dose, 2 kapsler<\/b><b><\/b><\/span><\/td>\n<td valign=\"top\">\n<p style=\"text-align: center;\" align=\"right\"><span style=\"color: #000000; font-family: Helvetica Neue; font-size: small;\"><b>DRI*<\/b><b><\/b><\/span><\/p>\n<\/td>\n<\/tr>\n<tr>\n<td valign=\"top\"><span style=\"color: #000000; font-family: Helvetica Neue; font-size: small;\">Magnesium<\/span><\/td>\n<td valign=\"top\"><span style=\"color: #000000; font-family: Helvetica Neue; font-size: small;\">100 mg magnesium<\/span><\/td>\n<td style=\"text-align: center;\" valign=\"top\"><span style=\"color: #000000; font-family: Helvetica Neue; font-size: small;\">27 %<\/span><\/td>\n<\/tr>\n<tr>\n<td valign=\"top\"><span style=\"color: #000000; font-family: Helvetica Neue; font-size: small;\">L-teanin<\/span><\/td>\n<td valign=\"top\"><span style=\"color: #000000; font-family: Helvetica Neue; font-size: small;\">400 mg<\/span><\/td>\n<td valign=\"top\">\n<p style=\"text-align: center;\" align=\"right\"><span style=\"color: #000000; font-family: Helvetica Neue; font-size: small;\">**<\/span><\/p>\n<\/td>\n<\/tr>\n<tr>\n<td valign=\"top\"><span style=\"color: #000000; font-family: Helvetica Neue; font-size: small;\">Niacin<\/span><\/td>\n<td valign=\"top\"><span style=\"color: #000000; font-family: Helvetica Neue; font-size: small;\">32 mg niacin<\/span><\/td>\n<td style=\"text-align: center;\" valign=\"top\"><span style=\"color: #000000; font-family: Helvetica Neue; font-size: small;\">200 %<\/span><\/td>\n<\/tr>\n<tr>\n<td valign=\"top\"><span style=\"color: #000000; font-family: Helvetica Neue; font-size: small;\">Vitamin B12<\/span><\/td>\n<td valign=\"top\"><span style=\"color: #000000; font-family: Helvetica Neue; font-size: small;\">5 \u00b5g<\/span><\/td>\n<td style=\"text-align: center;\" valign=\"top\"><span style=\"color: #000000; font-family: Helvetica Neue; font-size: small;\">200 %<\/span><\/td>\n<\/tr>\n<tr>\n<td valign=\"top\"><span style=\"color: #000000; font-family: Helvetica Neue; font-size: small;\">Vitamin B6<\/span><\/td>\n<td valign=\"top\"><span style=\"color: #000000; font-family: Helvetica Neue; font-size: small;\">2,8 mg<\/span><\/td>\n<td style=\"text-align: center;\" valign=\"top\"><span style=\"color: #000000; font-family: Helvetica Neue; font-size: small;\">200 %<\/span><\/td>\n<\/tr>\n<tr>\n<td valign=\"top\"><span style=\"color: #000000; font-family: Helvetica Neue; font-size: small;\">tiamin<\/span><\/td>\n<td valign=\"top\"><span style=\"color: #000000; font-family: Helvetica Neue; font-size: small;\">2,2 mg av<\/span><\/td>\n<td style=\"text-align: center;\" valign=\"top\"><span style=\"color: #000000; font-family: Helvetica Neue; font-size: small;\">200 %<\/span><\/td>\n<\/tr>\n<tr>\n<td valign=\"top\"><span style=\"color: #000000; font-family: Helvetica Neue; font-size: small;\">Folsyre<\/span><\/td>\n<td valign=\"top\"><span style=\"color: #000000; font-family: Helvetica Neue; font-size: small;\">400 \u00b5g<\/span><\/td>\n<td style=\"text-align: center;\" valign=\"top\"><span style=\"color: #000000; font-family: Helvetica Neue; font-size: small;\">200 %<\/span><\/td>\n<\/tr>\n<\/tbody>\n<\/table>\n<p>Magnesiumcitrat, L-Theanin, Hydroksypropylmetylcellulose (vegetabilsk kapsel), Mikrokrystallinsk cellulose (fyllstoff), Nikotinamid, Magnesiumstearat (antiklumpemiddel), Cyanokobalamin, Tiaminmononitrat, Pteroylmonoglutaminsyre.<br \/>\n* Anbefalt daglig inntak (DRI) ** DRI ikke fastsatt Calmelin <strong>Pure<\/strong> Som navnet antyder, inneholder Calmelin Pure kun L-Theanine.<br \/>\nCalmelin <strong>Duo<\/strong> inneholder \u00e9n pakke Calmelin Original og \u00e9n pakke Calmelin Pure.<\/p>\n","protected":false},"excerpt":{"rendered":"<p>Gj\u00f8r en investering i s\u00f8vnhelsen din.<\/p>\n<hr \/>\n[sovmer_list items=\"https:\/\/sovmer.se\/wp-content\/uploads\/2024\/11\/leverans.svg|Levering innen 2-4 dager;https:\/\/sovmer.se\/wp-content\/uploads\/2024\/11\/klarna.svg|Delbetaling via Klarna\"]\n<p>&nbsp;<\/p>\n<p>&nbsp;<\/p>\n","protected":false},"featured_media":4219,"template":"","meta":{"inline_featured_image":false},"product_brand":[],"product_cat":[73],"product_tag":[],"class_list":{"0":"post-3516","1":"product","2":"type-product","3":"status-publish","4":"has-post-thumbnail","6":"product_cat-kosttilskudd","9":"first","10":"outofstock","11":"taxable","12":"shipping-taxable","13":"purchasable","14":"product-type-variable","15":"has-default-attributes"},"yoast_head":"<!-- This site is optimized with the Yoast SEO Premium plugin v24.3 (Yoast SEO v26.5) - https:\/\/yoast.com\/wordpress\/plugins\/seo\/ -->\n<title>Calmelin - sovmer.se<\/title>\n<meta name=\"robots\" content=\"index, follow, max-snippet:-1, max-image-preview:large, max-video-preview:-1\" \/>\n<link rel=\"canonical\" href=\"https:\/\/sovmer.se\/no\/produkt\/calmelin\/\" \/>\n<meta property=\"og:locale\" content=\"nb_NO\" \/>\n<meta property=\"og:type\" content=\"article\" \/>\n<meta property=\"og:title\" content=\"Calmelin\" \/>\n<meta property=\"og:description\" content=\"Gj\u00f8r en investering i s\u00f8vnhelsen din.      &nbsp;  &nbsp;\" \/>\n<meta property=\"og:url\" content=\"https:\/\/sovmer.se\/no\/produkt\/calmelin\/\" \/>\n<meta property=\"og:site_name\" content=\"sovmer.se\" \/>\n<meta property=\"article:publisher\" content=\"https:\/\/www.facebook.com\/sovmer\" \/>\n<meta property=\"article:modified_time\" content=\"2024-11-20T08:08:46+00:00\" \/>\n<meta property=\"og:image\" content=\"https:\/\/sovmer.se\/wp-content\/uploads\/2024\/10\/duo.jpg\" \/>\n\t<meta property=\"og:image:width\" content=\"815\" \/>\n\t<meta property=\"og:image:height\" content=\"815\" \/>\n\t<meta property=\"og:image:type\" content=\"image\/jpeg\" \/>\n<meta name=\"twitter:card\" content=\"summary_large_image\" \/>\n<meta name=\"twitter:label1\" content=\"Tilgjengelighet\" \/>\n\t<meta name=\"twitter:data1\" content=\"Tomt p\u00e5 lager\" \/>\n<script type=\"application\/ld+json\" class=\"yoast-schema-graph\">{\"@context\":\"https:\/\/schema.org\",\"@graph\":[{\"@type\":\"WebPage\",\"@id\":\"https:\/\/sovmer.se\/no\/produkt\/calmelin\/\",\"url\":\"https:\/\/sovmer.se\/no\/produkt\/calmelin\/\",\"name\":\"Calmelin - sovmer.se\",\"isPartOf\":{\"@id\":\"https:\/\/sovmer.se\/no\/#website\"},\"primaryImageOfPage\":{\"@id\":\"https:\/\/sovmer.se\/no\/produkt\/calmelin\/#primaryimage\"},\"image\":{\"@id\":\"https:\/\/sovmer.se\/no\/produkt\/calmelin\/#primaryimage\"},\"thumbnailUrl\":\"https:\/\/sovmer.se\/wp-content\/uploads\/2024\/10\/duo.jpg\",\"datePublished\":\"2024-10-13T08:17:20+00:00\",\"dateModified\":\"2024-11-20T08:08:46+00:00\",\"breadcrumb\":{\"@id\":\"https:\/\/sovmer.se\/no\/produkt\/calmelin\/#breadcrumb\"},\"inLanguage\":\"nb-NO\",\"potentialAction\":[{\"@type\":\"ReadAction\",\"target\":[\"https:\/\/sovmer.se\/no\/produkt\/calmelin\/\"]}]},{\"@type\":\"ImageObject\",\"inLanguage\":\"nb-NO\",\"@id\":\"https:\/\/sovmer.se\/no\/produkt\/calmelin\/#primaryimage\",\"url\":\"https:\/\/sovmer.se\/wp-content\/uploads\/2024\/10\/duo.jpg\",\"contentUrl\":\"https:\/\/sovmer.se\/wp-content\/uploads\/2024\/10\/duo.jpg\",\"width\":815,\"height\":815},{\"@type\":\"BreadcrumbList\",\"@id\":\"https:\/\/sovmer.se\/no\/produkt\/calmelin\/#breadcrumb\",\"itemListElement\":[{\"@type\":\"ListItem\",\"position\":1,\"name\":\"Home\",\"item\":\"https:\/\/sovmer.se\/no\/start-kopier-2\/\"},{\"@type\":\"ListItem\",\"position\":2,\"name\":\"Shop\",\"item\":\"https:\/\/sovmer.se\/shop\/\"},{\"@type\":\"ListItem\",\"position\":3,\"name\":\"Calmelin\"}]},{\"@type\":\"WebSite\",\"@id\":\"https:\/\/sovmer.se\/no\/#website\",\"url\":\"https:\/\/sovmer.se\/no\/\",\"name\":\"sovmer.se\",\"description\":\"Sov mer s\u00e5 att du kan leva mer\",\"publisher\":{\"@id\":\"https:\/\/sovmer.se\/no\/#organization\"},\"potentialAction\":[{\"@type\":\"SearchAction\",\"target\":{\"@type\":\"EntryPoint\",\"urlTemplate\":\"https:\/\/sovmer.se\/no\/?s={search_term_string}\"},\"query-input\":{\"@type\":\"PropertyValueSpecification\",\"valueRequired\":true,\"valueName\":\"search_term_string\"}}],\"inLanguage\":\"nb-NO\"},{\"@type\":\"Organization\",\"@id\":\"https:\/\/sovmer.se\/no\/#organization\",\"name\":\"sovmer\",\"url\":\"https:\/\/sovmer.se\/no\/\",\"logo\":{\"@type\":\"ImageObject\",\"inLanguage\":\"nb-NO\",\"@id\":\"https:\/\/sovmer.se\/no\/#\/schema\/logo\/image\/\",\"url\":\"https:\/\/sovmer.se\/wp-content\/uploads\/2023\/10\/Sovmer-logo.png\",\"contentUrl\":\"https:\/\/sovmer.se\/wp-content\/uploads\/2023\/10\/Sovmer-logo.png\",\"width\":582,\"height\":290,\"caption\":\"sovmer\"},\"image\":{\"@id\":\"https:\/\/sovmer.se\/no\/#\/schema\/logo\/image\/\"},\"sameAs\":[\"https:\/\/www.facebook.com\/sovmer\",\"https:\/\/www.instagram.com\/sovmer.se\"]}]}<\/script>\n<meta property=\"og:availability\" content=\"out of stock\" \/>\n<meta property=\"product:availability\" content=\"out of stock\" \/>\n<meta property=\"product:condition\" content=\"new\" \/>\n<!-- \/ Yoast SEO Premium plugin. -->","yoast_head_json":{"title":"Calmelin - sovmer.se","robots":{"index":"index","follow":"follow","max-snippet":"max-snippet:-1","max-image-preview":"max-image-preview:large","max-video-preview":"max-video-preview:-1"},"canonical":"https:\/\/sovmer.se\/no\/produkt\/calmelin\/","og_locale":"nb_NO","og_type":"article","og_title":"Calmelin","og_description":"Gj\u00f8r en investering i s\u00f8vnhelsen din.      &nbsp;  &nbsp;","og_url":"https:\/\/sovmer.se\/no\/produkt\/calmelin\/","og_site_name":"sovmer.se","article_publisher":"https:\/\/www.facebook.com\/sovmer","article_modified_time":"2024-11-20T08:08:46+00:00","og_image":[{"width":815,"height":815,"url":"https:\/\/sovmer.se\/wp-content\/uploads\/2024\/10\/duo.jpg","type":"image\/jpeg"}],"twitter_card":"summary_large_image","twitter_misc":{"Tilgjengelighet":"Tomt p\u00e5 lager"},"schema":{"@context":"https:\/\/schema.org","@graph":[{"@type":"WebPage","@id":"https:\/\/sovmer.se\/no\/produkt\/calmelin\/","url":"https:\/\/sovmer.se\/no\/produkt\/calmelin\/","name":"Calmelin - sovmer.se","isPartOf":{"@id":"https:\/\/sovmer.se\/no\/#website"},"primaryImageOfPage":{"@id":"https:\/\/sovmer.se\/no\/produkt\/calmelin\/#primaryimage"},"image":{"@id":"https:\/\/sovmer.se\/no\/produkt\/calmelin\/#primaryimage"},"thumbnailUrl":"https:\/\/sovmer.se\/wp-content\/uploads\/2024\/10\/duo.jpg","datePublished":"2024-10-13T08:17:20+00:00","dateModified":"2024-11-20T08:08:46+00:00","breadcrumb":{"@id":"https:\/\/sovmer.se\/no\/produkt\/calmelin\/#breadcrumb"},"inLanguage":"nb-NO","potentialAction":[{"@type":"ReadAction","target":["https:\/\/sovmer.se\/no\/produkt\/calmelin\/"]}]},{"@type":"ImageObject","inLanguage":"nb-NO","@id":"https:\/\/sovmer.se\/no\/produkt\/calmelin\/#primaryimage","url":"https:\/\/sovmer.se\/wp-content\/uploads\/2024\/10\/duo.jpg","contentUrl":"https:\/\/sovmer.se\/wp-content\/uploads\/2024\/10\/duo.jpg","width":815,"height":815},{"@type":"BreadcrumbList","@id":"https:\/\/sovmer.se\/no\/produkt\/calmelin\/#breadcrumb","itemListElement":[{"@type":"ListItem","position":1,"name":"Home","item":"https:\/\/sovmer.se\/no\/start-kopier-2\/"},{"@type":"ListItem","position":2,"name":"Shop","item":"https:\/\/sovmer.se\/shop\/"},{"@type":"ListItem","position":3,"name":"Calmelin"}]},{"@type":"WebSite","@id":"https:\/\/sovmer.se\/no\/#website","url":"https:\/\/sovmer.se\/no\/","name":"sovmer.se","description":"Sov mer s\u00e5 att du kan leva mer","publisher":{"@id":"https:\/\/sovmer.se\/no\/#organization"},"potentialAction":[{"@type":"SearchAction","target":{"@type":"EntryPoint","urlTemplate":"https:\/\/sovmer.se\/no\/?s={search_term_string}"},"query-input":{"@type":"PropertyValueSpecification","valueRequired":true,"valueName":"search_term_string"}}],"inLanguage":"nb-NO"},{"@type":"Organization","@id":"https:\/\/sovmer.se\/no\/#organization","name":"sovmer","url":"https:\/\/sovmer.se\/no\/","logo":{"@type":"ImageObject","inLanguage":"nb-NO","@id":"https:\/\/sovmer.se\/no\/#\/schema\/logo\/image\/","url":"https:\/\/sovmer.se\/wp-content\/uploads\/2023\/10\/Sovmer-logo.png","contentUrl":"https:\/\/sovmer.se\/wp-content\/uploads\/2023\/10\/Sovmer-logo.png","width":582,"height":290,"caption":"sovmer"},"image":{"@id":"https:\/\/sovmer.se\/no\/#\/schema\/logo\/image\/"},"sameAs":["https:\/\/www.facebook.com\/sovmer","https:\/\/www.instagram.com\/sovmer.se"]}]},"og_availability":"out of stock","product_availability":"out of stock","product_condition":"new"},"jetpack_sharing_enabled":true,"_links":{"self":[{"href":"https:\/\/sovmer.se\/no\/wp-json\/wp\/v2\/product\/3516","targetHints":{"allow":["GET"]}}],"collection":[{"href":"https:\/\/sovmer.se\/no\/wp-json\/wp\/v2\/product"}],"about":[{"href":"https:\/\/sovmer.se\/no\/wp-json\/wp\/v2\/types\/product"}],"wp:featuredmedia":[{"embeddable":true,"href":"https:\/\/sovmer.se\/no\/wp-json\/wp\/v2\/media\/4219"}],"wp:attachment":[{"href":"https:\/\/sovmer.se\/no\/wp-json\/wp\/v2\/media?parent=3516"}],"wp:term":[{"taxonomy":"product_brand","embeddable":true,"href":"https:\/\/sovmer.se\/no\/wp-json\/wp\/v2\/product_brand?post=3516"},{"taxonomy":"product_cat","embeddable":true,"href":"https:\/\/sovmer.se\/no\/wp-json\/wp\/v2\/product_cat?post=3516"},{"taxonomy":"product_tag","embeddable":true,"href":"https:\/\/sovmer.se\/no\/wp-json\/wp\/v2\/product_tag?post=3516"}],"curies":[{"name":"wp","href":"https:\/\/api.w.org\/{rel}","templated":true}]}}