{"id":4326,"date":"2024-11-26T13:36:22","date_gmt":"2024-11-26T12:36:22","guid":{"rendered":"https:\/\/sovmer.se\/product\/stromsund-pute-2\/"},"modified":"2025-12-08T23:46:57","modified_gmt":"2025-12-08T22:46:57","slug":"stromsund-kudde","status":"publish","type":"product","link":"https:\/\/sovmer.se\/no\/produkt\/stromsund-kudde\/","title":{"rendered":"Str\u00f6msund kudde"},"content":{"rendered":"","protected":false},"excerpt":{"rendered":"<p>En investering i din s\u00f6mnh\u00e4lsa<\/p>\n<hr \/>\n[sovmer_list items=\"https:\/\/sovmer.se\/wp-content\/uploads\/2024\/11\/leverans.svg|Leverans inom 2-4 dagar;https:\/\/sovmer.se\/wp-content\/uploads\/2024\/11\/frakt.svg|Fast pris: 69 kr frakt inom Sverige;https:\/\/sovmer.se\/wp-content\/uploads\/2024\/11\/klarna.svg|Delbetala via Klarna\"]\n","protected":false},"featured_media":4335,"template":"","meta":{"inline_featured_image":false},"product_brand":[],"product_cat":[79],"product_tag":[],"class_list":{"0":"post-4326","1":"product","2":"type-product","3":"status-publish","4":"has-post-thumbnail","6":"product_cat-ergonomiske-puter","9":"first","10":"instock","11":"sale","12":"taxable","13":"shipping-taxable","14":"purchasable","15":"product-type-variable","16":"has-default-attributes"},"yoast_head":"<!-- This site is optimized with the Yoast SEO Premium plugin v24.3 (Yoast SEO v26.5) - https:\/\/yoast.com\/wordpress\/plugins\/seo\/ -->\n<title>Str\u00f6msund talalay-kudde - Skapa en h\u00e4lsosam s\u00f6mnmilj\u00f6<\/title>\n<meta name=\"description\" content=\"Upplev komfort och st\u00f6d f\u00f6r din nacke och rygg med v\u00e5r h\u00f6gkvalitativa Str\u00f6msund Talalay-kudde. Sk\u00e4m bort dig sj\u00e4lv med en b\u00e4ttre s\u00f6mn!\" \/>\n<meta name=\"robots\" content=\"index, follow, max-snippet:-1, max-image-preview:large, max-video-preview:-1\" \/>\n<link rel=\"canonical\" href=\"https:\/\/sovmer.se\/no\/produkt\/stromsund-kudde\/\" \/>\n<meta property=\"og:locale\" content=\"nb_NO\" \/>\n<meta property=\"og:type\" content=\"article\" \/>\n<meta property=\"og:title\" content=\"Str\u00f6msund kudde\" \/>\n<meta property=\"og:description\" content=\"Upplev komfort och st\u00f6d f\u00f6r din nacke och rygg med v\u00e5r h\u00f6gkvalitativa Str\u00f6msund Talalay-kudde. Sk\u00e4m bort dig sj\u00e4lv med en b\u00e4ttre s\u00f6mn!\" \/>\n<meta property=\"og:url\" content=\"https:\/\/sovmer.se\/no\/produkt\/stromsund-kudde\/\" \/>\n<meta property=\"og:site_name\" content=\"sovmer.se\" \/>\n<meta property=\"article:publisher\" content=\"https:\/\/www.facebook.com\/sovmer\" \/>\n<meta property=\"article:modified_time\" content=\"2025-12-08T22:46:57+00:00\" \/>\n<meta property=\"og:image\" content=\"https:\/\/sovmer.se\/wp-content\/uploads\/2024\/11\/Sovmer-Stromsund-15cm-kudde-1200x1200-2.jpg\" \/>\n\t<meta property=\"og:image:width\" content=\"1200\" \/>\n\t<meta property=\"og:image:height\" content=\"1200\" \/>\n\t<meta property=\"og:image:type\" content=\"image\/jpeg\" \/>\n<meta name=\"twitter:card\" content=\"summary_large_image\" \/>\n<meta name=\"twitter:label1\" content=\"Tilgjengelighet\" \/>\n\t<meta name=\"twitter:data1\" content=\"P\u00e5 lager\" \/>\n<script type=\"application\/ld+json\" class=\"yoast-schema-graph\">{\"@context\":\"https:\/\/schema.org\",\"@graph\":[{\"@type\":\"WebPage\",\"@id\":\"https:\/\/sovmer.se\/no\/produkt\/stromsund-kudde\/\",\"url\":\"https:\/\/sovmer.se\/no\/produkt\/stromsund-kudde\/\",\"name\":\"Str\u00f6msund talalay-kudde - Skapa en h\u00e4lsosam s\u00f6mnmilj\u00f6\",\"isPartOf\":{\"@id\":\"https:\/\/sovmer.se\/no\/#website\"},\"primaryImageOfPage\":{\"@id\":\"https:\/\/sovmer.se\/no\/produkt\/stromsund-kudde\/#primaryimage\"},\"image\":{\"@id\":\"https:\/\/sovmer.se\/no\/produkt\/stromsund-kudde\/#primaryimage\"},\"thumbnailUrl\":\"https:\/\/sovmer.se\/wp-content\/uploads\/2024\/11\/Ingemar-fran-somn-till-seger.jpg\",\"datePublished\":\"2024-11-26T12:36:22+00:00\",\"dateModified\":\"2025-12-08T22:46:57+00:00\",\"description\":\"Upplev komfort och st\u00f6d f\u00f6r din nacke och rygg med v\u00e5r h\u00f6gkvalitativa Str\u00f6msund Talalay-kudde. Sk\u00e4m bort dig sj\u00e4lv med en b\u00e4ttre s\u00f6mn!\",\"breadcrumb\":{\"@id\":\"https:\/\/sovmer.se\/no\/produkt\/stromsund-kudde\/#breadcrumb\"},\"inLanguage\":\"nb-NO\",\"potentialAction\":[{\"@type\":\"ReadAction\",\"target\":[\"https:\/\/sovmer.se\/no\/produkt\/stromsund-kudde\/\"]}]},{\"@type\":\"ImageObject\",\"inLanguage\":\"nb-NO\",\"@id\":\"https:\/\/sovmer.se\/no\/produkt\/stromsund-kudde\/#primaryimage\",\"url\":\"https:\/\/sovmer.se\/wp-content\/uploads\/2024\/11\/Ingemar-fran-somn-till-seger.jpg\",\"contentUrl\":\"https:\/\/sovmer.se\/wp-content\/uploads\/2024\/11\/Ingemar-fran-somn-till-seger.jpg\",\"width\":941,\"height\":941},{\"@type\":\"BreadcrumbList\",\"@id\":\"https:\/\/sovmer.se\/no\/produkt\/stromsund-kudde\/#breadcrumb\",\"itemListElement\":[{\"@type\":\"ListItem\",\"position\":1,\"name\":\"Home\",\"item\":\"https:\/\/sovmer.se\/no\/start-kopier-2\/\"},{\"@type\":\"ListItem\",\"position\":2,\"name\":\"Shop\",\"item\":\"https:\/\/sovmer.se\/shop\/\"},{\"@type\":\"ListItem\",\"position\":3,\"name\":\"Str\u00f6msund kudde\"}]},{\"@type\":\"WebSite\",\"@id\":\"https:\/\/sovmer.se\/no\/#website\",\"url\":\"https:\/\/sovmer.se\/no\/\",\"name\":\"sovmer.se\",\"description\":\"Sov mer s\u00e5 att du kan leva mer\",\"publisher\":{\"@id\":\"https:\/\/sovmer.se\/no\/#organization\"},\"potentialAction\":[{\"@type\":\"SearchAction\",\"target\":{\"@type\":\"EntryPoint\",\"urlTemplate\":\"https:\/\/sovmer.se\/no\/?s={search_term_string}\"},\"query-input\":{\"@type\":\"PropertyValueSpecification\",\"valueRequired\":true,\"valueName\":\"search_term_string\"}}],\"inLanguage\":\"nb-NO\"},{\"@type\":\"Organization\",\"@id\":\"https:\/\/sovmer.se\/no\/#organization\",\"name\":\"sovmer\",\"url\":\"https:\/\/sovmer.se\/no\/\",\"logo\":{\"@type\":\"ImageObject\",\"inLanguage\":\"nb-NO\",\"@id\":\"https:\/\/sovmer.se\/no\/#\/schema\/logo\/image\/\",\"url\":\"https:\/\/sovmer.se\/wp-content\/uploads\/2023\/10\/Sovmer-logo.png\",\"contentUrl\":\"https:\/\/sovmer.se\/wp-content\/uploads\/2023\/10\/Sovmer-logo.png\",\"width\":582,\"height\":290,\"caption\":\"sovmer\"},\"image\":{\"@id\":\"https:\/\/sovmer.se\/no\/#\/schema\/logo\/image\/\"},\"sameAs\":[\"https:\/\/www.facebook.com\/sovmer\",\"https:\/\/www.instagram.com\/sovmer.se\"]}]}<\/script>\n<meta property=\"og:availability\" content=\"instock\" \/>\n<meta property=\"product:availability\" content=\"instock\" \/>\n<meta property=\"product:retailer_item_id\" content=\"sov-p\" \/>\n<meta property=\"product:condition\" content=\"new\" \/>\n<!-- \/ Yoast SEO Premium plugin. -->","yoast_head_json":{"title":"Str\u00f6msund talalay-kudde - Skapa en h\u00e4lsosam s\u00f6mnmilj\u00f6","description":"Upplev komfort och st\u00f6d f\u00f6r din nacke och rygg med v\u00e5r h\u00f6gkvalitativa Str\u00f6msund Talalay-kudde. Sk\u00e4m bort dig sj\u00e4lv med en b\u00e4ttre s\u00f6mn!","robots":{"index":"index","follow":"follow","max-snippet":"max-snippet:-1","max-image-preview":"max-image-preview:large","max-video-preview":"max-video-preview:-1"},"canonical":"https:\/\/sovmer.se\/no\/produkt\/stromsund-kudde\/","og_locale":"nb_NO","og_type":"article","og_title":"Str\u00f6msund kudde","og_description":"Upplev komfort och st\u00f6d f\u00f6r din nacke och rygg med v\u00e5r h\u00f6gkvalitativa Str\u00f6msund Talalay-kudde. Sk\u00e4m bort dig sj\u00e4lv med en b\u00e4ttre s\u00f6mn!","og_url":"https:\/\/sovmer.se\/no\/produkt\/stromsund-kudde\/","og_site_name":"sovmer.se","article_publisher":"https:\/\/www.facebook.com\/sovmer","article_modified_time":"2025-12-08T22:46:57+00:00","og_image":[{"width":1200,"height":1200,"url":"https:\/\/sovmer.se\/wp-content\/uploads\/2024\/11\/Sovmer-Stromsund-15cm-kudde-1200x1200-2.jpg","type":"image\/jpeg"}],"twitter_card":"summary_large_image","twitter_misc":{"Tilgjengelighet":"P\u00e5 lager"},"schema":{"@context":"https:\/\/schema.org","@graph":[{"@type":"WebPage","@id":"https:\/\/sovmer.se\/no\/produkt\/stromsund-kudde\/","url":"https:\/\/sovmer.se\/no\/produkt\/stromsund-kudde\/","name":"Str\u00f6msund talalay-kudde - Skapa en h\u00e4lsosam s\u00f6mnmilj\u00f6","isPartOf":{"@id":"https:\/\/sovmer.se\/no\/#website"},"primaryImageOfPage":{"@id":"https:\/\/sovmer.se\/no\/produkt\/stromsund-kudde\/#primaryimage"},"image":{"@id":"https:\/\/sovmer.se\/no\/produkt\/stromsund-kudde\/#primaryimage"},"thumbnailUrl":"https:\/\/sovmer.se\/wp-content\/uploads\/2024\/11\/Ingemar-fran-somn-till-seger.jpg","datePublished":"2024-11-26T12:36:22+00:00","dateModified":"2025-12-08T22:46:57+00:00","description":"Upplev komfort och st\u00f6d f\u00f6r din nacke och rygg med v\u00e5r h\u00f6gkvalitativa Str\u00f6msund Talalay-kudde. Sk\u00e4m bort dig sj\u00e4lv med en b\u00e4ttre s\u00f6mn!","breadcrumb":{"@id":"https:\/\/sovmer.se\/no\/produkt\/stromsund-kudde\/#breadcrumb"},"inLanguage":"nb-NO","potentialAction":[{"@type":"ReadAction","target":["https:\/\/sovmer.se\/no\/produkt\/stromsund-kudde\/"]}]},{"@type":"ImageObject","inLanguage":"nb-NO","@id":"https:\/\/sovmer.se\/no\/produkt\/stromsund-kudde\/#primaryimage","url":"https:\/\/sovmer.se\/wp-content\/uploads\/2024\/11\/Ingemar-fran-somn-till-seger.jpg","contentUrl":"https:\/\/sovmer.se\/wp-content\/uploads\/2024\/11\/Ingemar-fran-somn-till-seger.jpg","width":941,"height":941},{"@type":"BreadcrumbList","@id":"https:\/\/sovmer.se\/no\/produkt\/stromsund-kudde\/#breadcrumb","itemListElement":[{"@type":"ListItem","position":1,"name":"Home","item":"https:\/\/sovmer.se\/no\/start-kopier-2\/"},{"@type":"ListItem","position":2,"name":"Shop","item":"https:\/\/sovmer.se\/shop\/"},{"@type":"ListItem","position":3,"name":"Str\u00f6msund kudde"}]},{"@type":"WebSite","@id":"https:\/\/sovmer.se\/no\/#website","url":"https:\/\/sovmer.se\/no\/","name":"sovmer.se","description":"Sov mer s\u00e5 att du kan leva mer","publisher":{"@id":"https:\/\/sovmer.se\/no\/#organization"},"potentialAction":[{"@type":"SearchAction","target":{"@type":"EntryPoint","urlTemplate":"https:\/\/sovmer.se\/no\/?s={search_term_string}"},"query-input":{"@type":"PropertyValueSpecification","valueRequired":true,"valueName":"search_term_string"}}],"inLanguage":"nb-NO"},{"@type":"Organization","@id":"https:\/\/sovmer.se\/no\/#organization","name":"sovmer","url":"https:\/\/sovmer.se\/no\/","logo":{"@type":"ImageObject","inLanguage":"nb-NO","@id":"https:\/\/sovmer.se\/no\/#\/schema\/logo\/image\/","url":"https:\/\/sovmer.se\/wp-content\/uploads\/2023\/10\/Sovmer-logo.png","contentUrl":"https:\/\/sovmer.se\/wp-content\/uploads\/2023\/10\/Sovmer-logo.png","width":582,"height":290,"caption":"sovmer"},"image":{"@id":"https:\/\/sovmer.se\/no\/#\/schema\/logo\/image\/"},"sameAs":["https:\/\/www.facebook.com\/sovmer","https:\/\/www.instagram.com\/sovmer.se"]}]},"og_availability":"instock","product_availability":"instock","product_retailer_item_id":"sov-p","product_condition":"new"},"jetpack_sharing_enabled":true,"_links":{"self":[{"href":"https:\/\/sovmer.se\/no\/wp-json\/wp\/v2\/product\/4326","targetHints":{"allow":["GET"]}}],"collection":[{"href":"https:\/\/sovmer.se\/no\/wp-json\/wp\/v2\/product"}],"about":[{"href":"https:\/\/sovmer.se\/no\/wp-json\/wp\/v2\/types\/product"}],"wp:featuredmedia":[{"embeddable":true,"href":"https:\/\/sovmer.se\/no\/wp-json\/wp\/v2\/media\/4335"}],"wp:attachment":[{"href":"https:\/\/sovmer.se\/no\/wp-json\/wp\/v2\/media?parent=4326"}],"wp:term":[{"taxonomy":"product_brand","embeddable":true,"href":"https:\/\/sovmer.se\/no\/wp-json\/wp\/v2\/product_brand?post=4326"},{"taxonomy":"product_cat","embeddable":true,"href":"https:\/\/sovmer.se\/no\/wp-json\/wp\/v2\/product_cat?post=4326"},{"taxonomy":"product_tag","embeddable":true,"href":"https:\/\/sovmer.se\/no\/wp-json\/wp\/v2\/product_tag?post=4326"}],"curies":[{"name":"wp","href":"https:\/\/api.w.org\/{rel}","templated":true}]}}