{"id":5467,"date":"2025-12-11T11:48:41","date_gmt":"2025-12-11T10:48:41","guid":{"rendered":"https:\/\/sovmer.se\/product\/sengekorrigerer\/"},"modified":"2025-12-11T12:46:07","modified_gmt":"2025-12-11T11:46:07","slug":"sengekorrigerer","status":"publish","type":"product","link":"https:\/\/sovmer.se\/no\/produkt\/sengekorrigerer\/","title":{"rendered":"Sengekorrigerer"},"content":{"rendered":"<h3>Bed Corrector &#8211; en enkel l\u00f8sning for en fastere og mer st\u00f8ttende seng<\/h3>\n<p><strong>Bed Corrector<\/strong> er et smart og innovativt produkt som plasseres mellom trebjelkene og sengefj\u00e6ren nederst i sengen. Den stabiliserer problemomr\u00e5det og gjenoppretter st\u00f8tten der sengen tidligere var hul eller f\u00f8ltes for myk. <\/p>\n<h4>Fordeler:<\/h4>\n<ul>\n<li><strong>\u00d8kt st\u00f8tte:<\/strong> Komforten opprettholdes selv n\u00e5r sengen blir myk.<\/li>\n<li><strong>Bedre sovestilling:<\/strong> Gir en jevn og stabil liggeflate.<\/li>\n<li><strong>Kostnadseffektivt:<\/strong> En smart l\u00f8sning uten \u00e5 m\u00e5tte kj\u00f8pe en ny seng.<\/li>\n<\/ul>\n<h4>Enkel installasjon:<\/h4>\n<p>Bed Corrector monteres p\u00e5 rundt <strong>90 sekunder<\/strong> og krever minimal innsats &#8211; en praktisk l\u00f8sning for alle som \u00f8nsker \u00e5 forbedre sengen sin raskt og enkelt.<\/p>\n<p>Perfekt for deg som har en madrass som har blitt for myk, eller som \u00f8nsker \u00e5 forbedre sengen uten \u00e5 m\u00e5tte investere i en helt ny.<\/p>\n","protected":false},"excerpt":{"rendered":"<p>Bed Corrector &#8211; en enkel l\u00f8sning for en fastere og mer st\u00f8ttende seng Bed Corrector er et smart og innovativt produkt som plasseres mellom trebjelkene og sengefj\u00e6ren nederst i sengen. Den stabiliserer problemomr\u00e5det og gjenoppretter st\u00f8tten der sengen tidligere var hul eller f\u00f8ltes for myk. Fordeler: \u00d8kt st\u00f8tte: Komforten opprettholdes selv n\u00e5r sengen blir myk. Bedre sovestilling: Gir en jevn &#8230;<\/p>\n","protected":false},"featured_media":5455,"template":"","meta":{"inline_featured_image":false},"product_brand":[],"product_cat":[85],"product_tag":[],"class_list":{"0":"post-5467","1":"product","2":"type-product","3":"status-publish","4":"has-post-thumbnail","6":"product_cat-sengekorrigerer","9":"first","10":"instock","11":"sale","12":"taxable","13":"shipping-taxable","14":"purchasable","15":"product-type-simple"},"yoast_head":"<!-- This site is optimized with the Yoast SEO Premium plugin v24.3 (Yoast SEO v26.5) - https:\/\/yoast.com\/wordpress\/plugins\/seo\/ -->\n<title>Sengekorrigerer - sovmer.se<\/title>\n<meta name=\"robots\" content=\"index, follow, max-snippet:-1, max-image-preview:large, max-video-preview:-1\" \/>\n<link rel=\"canonical\" href=\"https:\/\/sovmer.se\/no\/produkt\/sengekorrigerer\/\" \/>\n<meta property=\"og:locale\" content=\"nb_NO\" \/>\n<meta property=\"og:type\" content=\"article\" \/>\n<meta property=\"og:title\" content=\"Sengekorrigerer\" \/>\n<meta property=\"og:description\" content=\"Bed Corrector &#8211; en enkel l\u00f8sning for en fastere og mer st\u00f8ttende seng Bed Corrector er et smart og innovativt produkt som plasseres mellom trebjelkene og sengefj\u00e6ren nederst i sengen. Den stabiliserer problemomr\u00e5det og gjenoppretter st\u00f8tten der sengen tidligere var hul eller f\u00f8ltes for myk. Fordeler: \u00d8kt st\u00f8tte: Komforten opprettholdes selv n\u00e5r sengen blir myk. Bedre sovestilling: Gir en jevn ...\" \/>\n<meta property=\"og:url\" content=\"https:\/\/sovmer.se\/no\/produkt\/sengekorrigerer\/\" \/>\n<meta property=\"og:site_name\" content=\"sovmer.se\" \/>\n<meta property=\"article:publisher\" content=\"https:\/\/www.facebook.com\/sovmer\" \/>\n<meta property=\"article:modified_time\" content=\"2025-12-11T11:46:07+00:00\" \/>\n<meta property=\"og:image\" content=\"https:\/\/sovmer.se\/wp-content\/uploads\/2025\/12\/bed-corrector-21.jpg\" \/>\n\t<meta property=\"og:image:width\" content=\"1365\" \/>\n\t<meta property=\"og:image:height\" content=\"2048\" \/>\n\t<meta property=\"og:image:type\" content=\"image\/jpeg\" \/>\n<meta name=\"twitter:card\" content=\"summary_large_image\" \/>\n<meta name=\"twitter:label1\" content=\"Pris\" \/>\n\t<meta name=\"twitter:data1\" content=\"599&nbsp;&#107;&#114;\" \/>\n\t<meta name=\"twitter:label2\" content=\"Tilgjengelighet\" \/>\n\t<meta name=\"twitter:data2\" content=\"P\u00e5 lager\" \/>\n<script type=\"application\/ld+json\" class=\"yoast-schema-graph\">{\"@context\":\"https:\/\/schema.org\",\"@graph\":[{\"@type\":\"WebPage\",\"@id\":\"https:\/\/sovmer.se\/no\/produkt\/sengekorrigerer\/\",\"url\":\"https:\/\/sovmer.se\/no\/produkt\/sengekorrigerer\/\",\"name\":\"Sengekorrigerer - sovmer.se\",\"isPartOf\":{\"@id\":\"https:\/\/sovmer.se\/no\/#website\"},\"primaryImageOfPage\":{\"@id\":\"https:\/\/sovmer.se\/no\/produkt\/sengekorrigerer\/#primaryimage\"},\"image\":{\"@id\":\"https:\/\/sovmer.se\/no\/produkt\/sengekorrigerer\/#primaryimage\"},\"thumbnailUrl\":\"https:\/\/sovmer.se\/wp-content\/uploads\/2025\/12\/bed-corrector-21.jpg\",\"datePublished\":\"2025-12-11T10:48:41+00:00\",\"dateModified\":\"2025-12-11T11:46:07+00:00\",\"breadcrumb\":{\"@id\":\"https:\/\/sovmer.se\/no\/produkt\/sengekorrigerer\/#breadcrumb\"},\"inLanguage\":\"nb-NO\",\"potentialAction\":[{\"@type\":\"ReadAction\",\"target\":[\"https:\/\/sovmer.se\/no\/produkt\/sengekorrigerer\/\"]}]},{\"@type\":\"ImageObject\",\"inLanguage\":\"nb-NO\",\"@id\":\"https:\/\/sovmer.se\/no\/produkt\/sengekorrigerer\/#primaryimage\",\"url\":\"https:\/\/sovmer.se\/wp-content\/uploads\/2025\/12\/bed-corrector-21.jpg\",\"contentUrl\":\"https:\/\/sovmer.se\/wp-content\/uploads\/2025\/12\/bed-corrector-21.jpg\",\"width\":1365,\"height\":2048},{\"@type\":\"BreadcrumbList\",\"@id\":\"https:\/\/sovmer.se\/no\/produkt\/sengekorrigerer\/#breadcrumb\",\"itemListElement\":[{\"@type\":\"ListItem\",\"position\":1,\"name\":\"Home\",\"item\":\"https:\/\/sovmer.se\/no\/start-kopier-2\/\"},{\"@type\":\"ListItem\",\"position\":2,\"name\":\"Shop\",\"item\":\"https:\/\/sovmer.se\/shop\/\"},{\"@type\":\"ListItem\",\"position\":3,\"name\":\"Sengekorrigerer\"}]},{\"@type\":\"WebSite\",\"@id\":\"https:\/\/sovmer.se\/no\/#website\",\"url\":\"https:\/\/sovmer.se\/no\/\",\"name\":\"sovmer.se\",\"description\":\"Sov mer s\u00e5 att du kan leva mer\",\"publisher\":{\"@id\":\"https:\/\/sovmer.se\/no\/#organization\"},\"potentialAction\":[{\"@type\":\"SearchAction\",\"target\":{\"@type\":\"EntryPoint\",\"urlTemplate\":\"https:\/\/sovmer.se\/no\/?s={search_term_string}\"},\"query-input\":{\"@type\":\"PropertyValueSpecification\",\"valueRequired\":true,\"valueName\":\"search_term_string\"}}],\"inLanguage\":\"nb-NO\"},{\"@type\":\"Organization\",\"@id\":\"https:\/\/sovmer.se\/no\/#organization\",\"name\":\"sovmer\",\"url\":\"https:\/\/sovmer.se\/no\/\",\"logo\":{\"@type\":\"ImageObject\",\"inLanguage\":\"nb-NO\",\"@id\":\"https:\/\/sovmer.se\/no\/#\/schema\/logo\/image\/\",\"url\":\"https:\/\/sovmer.se\/wp-content\/uploads\/2023\/10\/Sovmer-logo.png\",\"contentUrl\":\"https:\/\/sovmer.se\/wp-content\/uploads\/2023\/10\/Sovmer-logo.png\",\"width\":582,\"height\":290,\"caption\":\"sovmer\"},\"image\":{\"@id\":\"https:\/\/sovmer.se\/no\/#\/schema\/logo\/image\/\"},\"sameAs\":[\"https:\/\/www.facebook.com\/sovmer\",\"https:\/\/www.instagram.com\/sovmer.se\"]}]}<\/script>\n<meta property=\"product:price:amount\" content=\"599\" \/>\n<meta property=\"product:price:currency\" content=\"SEK\" \/>\n<meta property=\"og:availability\" content=\"instock\" \/>\n<meta property=\"product:availability\" content=\"instock\" \/>\n<meta property=\"product:retailer_item_id\" content=\"Bed-corr\" \/>\n<meta property=\"product:condition\" content=\"new\" \/>\n<!-- \/ Yoast SEO Premium plugin. -->","yoast_head_json":{"title":"Sengekorrigerer - sovmer.se","robots":{"index":"index","follow":"follow","max-snippet":"max-snippet:-1","max-image-preview":"max-image-preview:large","max-video-preview":"max-video-preview:-1"},"canonical":"https:\/\/sovmer.se\/no\/produkt\/sengekorrigerer\/","og_locale":"nb_NO","og_type":"article","og_title":"Sengekorrigerer","og_description":"Bed Corrector &#8211; en enkel l\u00f8sning for en fastere og mer st\u00f8ttende seng Bed Corrector er et smart og innovativt produkt som plasseres mellom trebjelkene og sengefj\u00e6ren nederst i sengen. Den stabiliserer problemomr\u00e5det og gjenoppretter st\u00f8tten der sengen tidligere var hul eller f\u00f8ltes for myk. Fordeler: \u00d8kt st\u00f8tte: Komforten opprettholdes selv n\u00e5r sengen blir myk. Bedre sovestilling: Gir en jevn ...","og_url":"https:\/\/sovmer.se\/no\/produkt\/sengekorrigerer\/","og_site_name":"sovmer.se","article_publisher":"https:\/\/www.facebook.com\/sovmer","article_modified_time":"2025-12-11T11:46:07+00:00","og_image":[{"width":1365,"height":2048,"url":"https:\/\/sovmer.se\/wp-content\/uploads\/2025\/12\/bed-corrector-21.jpg","type":"image\/jpeg"}],"twitter_card":"summary_large_image","twitter_misc":{"Pris":"599&nbsp;&#107;&#114;","Tilgjengelighet":"P\u00e5 lager"},"schema":{"@context":"https:\/\/schema.org","@graph":[{"@type":"WebPage","@id":"https:\/\/sovmer.se\/no\/produkt\/sengekorrigerer\/","url":"https:\/\/sovmer.se\/no\/produkt\/sengekorrigerer\/","name":"Sengekorrigerer - sovmer.se","isPartOf":{"@id":"https:\/\/sovmer.se\/no\/#website"},"primaryImageOfPage":{"@id":"https:\/\/sovmer.se\/no\/produkt\/sengekorrigerer\/#primaryimage"},"image":{"@id":"https:\/\/sovmer.se\/no\/produkt\/sengekorrigerer\/#primaryimage"},"thumbnailUrl":"https:\/\/sovmer.se\/wp-content\/uploads\/2025\/12\/bed-corrector-21.jpg","datePublished":"2025-12-11T10:48:41+00:00","dateModified":"2025-12-11T11:46:07+00:00","breadcrumb":{"@id":"https:\/\/sovmer.se\/no\/produkt\/sengekorrigerer\/#breadcrumb"},"inLanguage":"nb-NO","potentialAction":[{"@type":"ReadAction","target":["https:\/\/sovmer.se\/no\/produkt\/sengekorrigerer\/"]}]},{"@type":"ImageObject","inLanguage":"nb-NO","@id":"https:\/\/sovmer.se\/no\/produkt\/sengekorrigerer\/#primaryimage","url":"https:\/\/sovmer.se\/wp-content\/uploads\/2025\/12\/bed-corrector-21.jpg","contentUrl":"https:\/\/sovmer.se\/wp-content\/uploads\/2025\/12\/bed-corrector-21.jpg","width":1365,"height":2048},{"@type":"BreadcrumbList","@id":"https:\/\/sovmer.se\/no\/produkt\/sengekorrigerer\/#breadcrumb","itemListElement":[{"@type":"ListItem","position":1,"name":"Home","item":"https:\/\/sovmer.se\/no\/start-kopier-2\/"},{"@type":"ListItem","position":2,"name":"Shop","item":"https:\/\/sovmer.se\/shop\/"},{"@type":"ListItem","position":3,"name":"Sengekorrigerer"}]},{"@type":"WebSite","@id":"https:\/\/sovmer.se\/no\/#website","url":"https:\/\/sovmer.se\/no\/","name":"sovmer.se","description":"Sov mer s\u00e5 att du kan leva mer","publisher":{"@id":"https:\/\/sovmer.se\/no\/#organization"},"potentialAction":[{"@type":"SearchAction","target":{"@type":"EntryPoint","urlTemplate":"https:\/\/sovmer.se\/no\/?s={search_term_string}"},"query-input":{"@type":"PropertyValueSpecification","valueRequired":true,"valueName":"search_term_string"}}],"inLanguage":"nb-NO"},{"@type":"Organization","@id":"https:\/\/sovmer.se\/no\/#organization","name":"sovmer","url":"https:\/\/sovmer.se\/no\/","logo":{"@type":"ImageObject","inLanguage":"nb-NO","@id":"https:\/\/sovmer.se\/no\/#\/schema\/logo\/image\/","url":"https:\/\/sovmer.se\/wp-content\/uploads\/2023\/10\/Sovmer-logo.png","contentUrl":"https:\/\/sovmer.se\/wp-content\/uploads\/2023\/10\/Sovmer-logo.png","width":582,"height":290,"caption":"sovmer"},"image":{"@id":"https:\/\/sovmer.se\/no\/#\/schema\/logo\/image\/"},"sameAs":["https:\/\/www.facebook.com\/sovmer","https:\/\/www.instagram.com\/sovmer.se"]}]},"product_price_amount":"599","product_price_currency":"SEK","og_availability":"instock","product_availability":"instock","product_retailer_item_id":"Bed-corr","product_condition":"new"},"jetpack_sharing_enabled":true,"_links":{"self":[{"href":"https:\/\/sovmer.se\/no\/wp-json\/wp\/v2\/product\/5467","targetHints":{"allow":["GET"]}}],"collection":[{"href":"https:\/\/sovmer.se\/no\/wp-json\/wp\/v2\/product"}],"about":[{"href":"https:\/\/sovmer.se\/no\/wp-json\/wp\/v2\/types\/product"}],"wp:featuredmedia":[{"embeddable":true,"href":"https:\/\/sovmer.se\/no\/wp-json\/wp\/v2\/media\/5455"}],"wp:attachment":[{"href":"https:\/\/sovmer.se\/no\/wp-json\/wp\/v2\/media?parent=5467"}],"wp:term":[{"taxonomy":"product_brand","embeddable":true,"href":"https:\/\/sovmer.se\/no\/wp-json\/wp\/v2\/product_brand?post=5467"},{"taxonomy":"product_cat","embeddable":true,"href":"https:\/\/sovmer.se\/no\/wp-json\/wp\/v2\/product_cat?post=5467"},{"taxonomy":"product_tag","embeddable":true,"href":"https:\/\/sovmer.se\/no\/wp-json\/wp\/v2\/product_tag?post=5467"}],"curies":[{"name":"wp","href":"https:\/\/api.w.org\/{rel}","templated":true}]}}